{"id":39271,"date":"2023-04-06T05:58:59","date_gmt":"2023-04-06T05:58:59","guid":{"rendered":"https:\/\/bitsrouter.com\/shop\/db030087pcs-lot-hss-self-centering-hinger-drill-bit\/"},"modified":"2023-04-06T05:58:59","modified_gmt":"2023-04-06T05:58:59","slug":"7pcs-lot-hss-autocentreur-perceur-meche-centreur-positionne-arpenteur-meuble-trou-de-menuisier-poincon-db03008","status":"publish","type":"product","link":"https:\/\/bitsrouter.com\/fr\/shop\/7pcs-lot-hss-autocentreur-perceur-meche-centreur-positionne-arpenteur-meuble-trou-de-menuisier-poincon-db03008","title":{"rendered":"(DB03008)7PCS\/lot HSS Self Centering Hinger Drill Bit"},"content":{"rendered":"<p><strong>Caract\u00e9ristiques :<\/strong><\/p>\n<ul>\n<li>Neuf et de haute qualit\u00e9 .<\/li>\n<li>Ces m\u00e8ches auto-centrantes permettent de positionner correctement les anneaux.<\/li>\n<li>Application : menuisiers, \u00e9b\u00e9nistes, fabricants de meubles et autres corps de m\u00e9tier.<\/li>\n<li>Facile \u00e0 utiliser et \u00e0 installer<\/li>\n<li>Pr\u00e9cision du positionnement, pas de d\u00e9calage. Les copeaux s&#8217;\u00e9coulent automatiquement par le trou situ\u00e9 sur le huiti\u00e8me c\u00f4t\u00e9 de la partie sup\u00e9rieure du foret, et non par le foret coinc\u00e9.<\/li>\n<\/ul>\n<p>&nbsp;<\/p>\n<p><strong>Sp\u00e9cifications :<\/strong><\/p>\n<ul>\n<li>Mat\u00e9riau : Laiton et HSS<\/li>\n<li><strong><u>Pour plus de d\u00e9tails, veuillez consulter les photos suivantes.<\/u><\/strong><\/li>\n<\/ul>\n<p><strong>Le paquet comprend :<\/strong><\/p>\n<ul>\n<li>Jeu de 7 pi\u00e8ces : Cl\u00e9 hexagonale 5\/64&#8243;, 7\/64&#8243;, 9\/64&#8243;, 11\/64&#8243;, 5mm, 13\/64&#8243;, 1\/4&#8243;+.<\/li>\n<\/ul>\n<p>&nbsp;<\/p>\n<p><strong>Remarque :<\/strong><\/p>\n<ul>\n<li><strong>La couleur que vous avez choisie sera le premier choix pour la livraison. En cas de rupture de stock, d&#8217;autres couleurs seront remplac\u00e9es. Veuillez lire cette note aussi attentivement que possible lorsque vous passez une commande.<\/strong><\/li>\n<li>Veuillez tenir compte des diff\u00e9rences de 1 \u00e0 3 mm dues aux mesures manuelles.<\/li>\n<li>En raison des diff\u00e9rences d&#8217;affichage et de lumi\u00e8re, la photo peut ne pas refl\u00e9ter la couleur r\u00e9elle de l&#8217;article. Merci de votre compr\u00e9hension.<\/li>\n<\/ul>\n<p>&nbsp;<\/p>\n<p> <strong><img loading=\"lazy\" decoding=\"async\" class=\"alignnone size-large wp-image-2697\" src=\"https:\/\/bitsrouter.com\/wp-content\/uploads\/2023\/04\/H70b92833d1284b4bba8e32afcd7fc6ddw.jpg\" alt=\"\" width=\"800\" height=\"800\" srcset=\"https:\/\/bitsrouter.com\/wp-content\/uploads\/2023\/04\/H70b92833d1284b4bba8e32afcd7fc6ddw.jpg 800w, https:\/\/bitsrouter.com\/wp-content\/uploads\/2023\/04\/H70b92833d1284b4bba8e32afcd7fc6ddw-500x500.jpg 500w, https:\/\/bitsrouter.com\/wp-content\/uploads\/2023\/04\/H70b92833d1284b4bba8e32afcd7fc6ddw-100x100.jpg 100w, https:\/\/bitsrouter.com\/wp-content\/uploads\/2023\/04\/H70b92833d1284b4bba8e32afcd7fc6ddw-300x300.jpg 300w, https:\/\/bitsrouter.com\/wp-content\/uploads\/2023\/04\/H70b92833d1284b4bba8e32afcd7fc6ddw-150x150.jpg 150w, https:\/\/bitsrouter.com\/wp-content\/uploads\/2023\/04\/H70b92833d1284b4bba8e32afcd7fc6ddw-768x768.jpg 768w\" sizes=\"auto, (max-width: 800px) 100vw, 800px\" \/> <img loading=\"lazy\" decoding=\"async\" class=\"alignnone size-large wp-image-2698\" src=\"https:\/\/bitsrouter.com\/wp-content\/uploads\/2023\/04\/H599c404b9a3b44f894c4b374d174cd1cA.jpg\" alt=\"\" width=\"800\" height=\"800\" srcset=\"https:\/\/bitsrouter.com\/wp-content\/uploads\/2023\/04\/H599c404b9a3b44f894c4b374d174cd1cA.jpg 800w, https:\/\/bitsrouter.com\/wp-content\/uploads\/2023\/04\/H599c404b9a3b44f894c4b374d174cd1cA-500x500.jpg 500w, https:\/\/bitsrouter.com\/wp-content\/uploads\/2023\/04\/H599c404b9a3b44f894c4b374d174cd1cA-100x100.jpg 100w, https:\/\/bitsrouter.com\/wp-content\/uploads\/2023\/04\/H599c404b9a3b44f894c4b374d174cd1cA-300x300.jpg 300w, https:\/\/bitsrouter.com\/wp-content\/uploads\/2023\/04\/H599c404b9a3b44f894c4b374d174cd1cA-150x150.jpg 150w, https:\/\/bitsrouter.com\/wp-content\/uploads\/2023\/04\/H599c404b9a3b44f894c4b374d174cd1cA-768x768.jpg 768w\" sizes=\"auto, (max-width: 800px) 100vw, 800px\" \/> <img loading=\"lazy\" decoding=\"async\" class=\"alignnone size-large wp-image-2699\" src=\"https:\/\/bitsrouter.com\/wp-content\/uploads\/2023\/04\/H820b949101ec48e4af57432c5cfef192x.jpg\" alt=\"\" width=\"800\" height=\"800\" srcset=\"https:\/\/bitsrouter.com\/wp-content\/uploads\/2023\/04\/H820b949101ec48e4af57432c5cfef192x.jpg 800w, https:\/\/bitsrouter.com\/wp-content\/uploads\/2023\/04\/H820b949101ec48e4af57432c5cfef192x-500x500.jpg 500w, https:\/\/bitsrouter.com\/wp-content\/uploads\/2023\/04\/H820b949101ec48e4af57432c5cfef192x-100x100.jpg 100w, https:\/\/bitsrouter.com\/wp-content\/uploads\/2023\/04\/H820b949101ec48e4af57432c5cfef192x-300x300.jpg 300w, https:\/\/bitsrouter.com\/wp-content\/uploads\/2023\/04\/H820b949101ec48e4af57432c5cfef192x-150x150.jpg 150w, https:\/\/bitsrouter.com\/wp-content\/uploads\/2023\/04\/H820b949101ec48e4af57432c5cfef192x-768x768.jpg 768w\" sizes=\"auto, (max-width: 800px) 100vw, 800px\" \/> <img loading=\"lazy\" decoding=\"async\" class=\"alignnone size-large wp-image-2700\" src=\"https:\/\/bitsrouter.com\/wp-content\/uploads\/2023\/04\/Hbef9c12a19814641aac3b84a4bddea45I.jpg\" alt=\"\" width=\"800\" height=\"800\" srcset=\"https:\/\/bitsrouter.com\/wp-content\/uploads\/2023\/04\/Hbef9c12a19814641aac3b84a4bddea45I.jpg 800w, https:\/\/bitsrouter.com\/wp-content\/uploads\/2023\/04\/Hbef9c12a19814641aac3b84a4bddea45I-500x500.jpg 500w, https:\/\/bitsrouter.com\/wp-content\/uploads\/2023\/04\/Hbef9c12a19814641aac3b84a4bddea45I-100x100.jpg 100w, https:\/\/bitsrouter.com\/wp-content\/uploads\/2023\/04\/Hbef9c12a19814641aac3b84a4bddea45I-300x300.jpg 300w, https:\/\/bitsrouter.com\/wp-content\/uploads\/2023\/04\/Hbef9c12a19814641aac3b84a4bddea45I-150x150.jpg 150w, https:\/\/bitsrouter.com\/wp-content\/uploads\/2023\/04\/Hbef9c12a19814641aac3b84a4bddea45I-768x768.jpg 768w\" sizes=\"auto, (max-width: 800px) 100vw, 800px\" \/> <img loading=\"lazy\" decoding=\"async\" class=\"alignnone size-large wp-image-2701\" src=\"https:\/\/bitsrouter.com\/wp-content\/uploads\/2023\/04\/He8f7cfcfe61849fe8deb693317195fd1H.jpg\" alt=\"\" width=\"800\" height=\"800\" srcset=\"https:\/\/bitsrouter.com\/wp-content\/uploads\/2023\/04\/He8f7cfcfe61849fe8deb693317195fd1H.jpg 800w, https:\/\/bitsrouter.com\/wp-content\/uploads\/2023\/04\/He8f7cfcfe61849fe8deb693317195fd1H-500x500.jpg 500w, https:\/\/bitsrouter.com\/wp-content\/uploads\/2023\/04\/He8f7cfcfe61849fe8deb693317195fd1H-100x100.jpg 100w, https:\/\/bitsrouter.com\/wp-content\/uploads\/2023\/04\/He8f7cfcfe61849fe8deb693317195fd1H-300x300.jpg 300w, https:\/\/bitsrouter.com\/wp-content\/uploads\/2023\/04\/He8f7cfcfe61849fe8deb693317195fd1H-150x150.jpg 150w, https:\/\/bitsrouter.com\/wp-content\/uploads\/2023\/04\/He8f7cfcfe61849fe8deb693317195fd1H-768x768.jpg 768w\" sizes=\"auto, (max-width: 800px) 100vw, 800px\" \/>sera cit\u00e9e.<\/strong><strong>? ?<\/strong><\/p>\n","protected":false},"excerpt":{"rendered":"<p>Un foret HSS pour charni\u00e8re \u00e0 centrage automatique est un foret sp\u00e9cialis\u00e9 con\u00e7u pour l&#8217;installation de charni\u00e8res sur les portes et les armoires. Il est dot\u00e9 d&#8217;un m\u00e9canisme de centrage automatique qui permet de positionner et de percer avec pr\u00e9cision les trous pour les vis des charni\u00e8res.<\/p>\n","protected":false},"featured_media":44909,"template":"","meta":{"om_disable_all_campaigns":false,"_monsterinsights_skip_tracking":false,"_monsterinsights_sitenote_active":false,"_monsterinsights_sitenote_note":"","_monsterinsights_sitenote_category":0},"product_brand":[],"product_cat":[177,168],"product_tag":[],"class_list":{"0":"post-39271","1":"product","2":"type-product","3":"status-publish","4":"has-post-thumbnail","6":"product_cat-bois-plaques-de-platre-plaques-de-plastique","7":"product_cat-forets-et-scies-cloches","9":"first","10":"instock","11":"shipping-taxable","12":"purchasable","13":"product-type-simple"},"_links":{"self":[{"href":"https:\/\/bitsrouter.com\/fr\/wp-json\/wp\/v2\/product\/39271","targetHints":{"allow":["GET"]}}],"collection":[{"href":"https:\/\/bitsrouter.com\/fr\/wp-json\/wp\/v2\/product"}],"about":[{"href":"https:\/\/bitsrouter.com\/fr\/wp-json\/wp\/v2\/types\/product"}],"wp:featuredmedia":[{"embeddable":true,"href":"https:\/\/bitsrouter.com\/fr\/wp-json\/wp\/v2\/media\/44909"}],"wp:attachment":[{"href":"https:\/\/bitsrouter.com\/fr\/wp-json\/wp\/v2\/media?parent=39271"}],"wp:term":[{"taxonomy":"product_brand","embeddable":true,"href":"https:\/\/bitsrouter.com\/fr\/wp-json\/wp\/v2\/product_brand?post=39271"},{"taxonomy":"product_cat","embeddable":true,"href":"https:\/\/bitsrouter.com\/fr\/wp-json\/wp\/v2\/product_cat?post=39271"},{"taxonomy":"product_tag","embeddable":true,"href":"https:\/\/bitsrouter.com\/fr\/wp-json\/wp\/v2\/product_tag?post=39271"}],"curies":[{"name":"wp","href":"https:\/\/api.w.org\/{rel}","templated":true}]}}