{"id":39224,"date":"2023-04-06T06:07:58","date_gmt":"2023-04-06T06:07:58","guid":{"rendered":"https:\/\/bitsrouter.com\/shop\/db030118pcs-5-8-1-2-3-8-1-4-outil-de-coupe-pour-le-bois-foret\/"},"modified":"2023-04-06T06:07:58","modified_gmt":"2023-04-06T06:07:58","slug":"8pcs-wood-plug-cutters-set-woodworking-cutting-tool-wood-drill-bit-claw-cork-drill-for-wood-5-8-1-2-3-8-1-4-inch-db03011","status":"publish","type":"product","link":"https:\/\/bitsrouter.com\/fr\/shop\/8pcs-wood-plug-cutters-set-woodworking-cutting-tool-wood-drill-bit-claw-cork-drill-for-wood-5-8-1-2-3-8-1-4-inch-db03011","title":{"rendered":"(DB03011)8PCS 5\/8 1\/2 3\/8 1\/4 Outil de coupe pour le bois Foret"},"content":{"rendered":"<p><strong>Caract\u00e9ristiques :<\/strong><\/p>\n<ul>\n<li>Neuf et de haute qualit\u00e9 .<\/li>\n<li>Ces m\u00e8ches auto-centrantes permettent de positionner correctement les anneaux.<\/li>\n<li>Les menuisiers, les \u00e9b\u00e9nistes, les fabricants de meubles et d&#8217;autres corps de m\u00e9tier.<\/li>\n<li>Facile \u00e0 utiliser et \u00e0 installer<\/li>\n<li>Pr\u00e9cision du positionnement, pas de d\u00e9calage.<\/li>\n<\/ul>\n<p><strong>Sp\u00e9cifications :<\/strong><\/p>\n<ul>\n<li>Mat\u00e9riau : 45 Acier<\/li>\n<li><strong><u>Pour plus de d\u00e9tails, veuillez consulter les photos suivantes.<\/u><\/strong><\/li>\n<\/ul>\n<p><strong>Le paquet comprend :<\/strong><\/p>\n<ul>\n<li>Jeu de 8 pi\u00e8ces : 6mm\/10mm\/13mm\/16mm<\/li>\n<\/ul>\n<p><strong>Remarque :<\/strong><\/p>\n<ul>\n<li>La couleur que vous avez choisie sera le premier choix pour la livraison. En cas de rupture de stock, d&#8217;autres couleurs seront remplac\u00e9es. Veuillez lire attentivement cette note lorsque vous passez une commande.<\/li>\n<li>Veuillez tenir compte des diff\u00e9rences de 1 \u00e0 3 mm dues aux mesures manuelles.<\/li>\n<li>En raison des diff\u00e9rences d&#8217;affichage et de lumi\u00e8re, la photo peut ne pas refl\u00e9ter la couleur r\u00e9elle de l&#8217;article. Merci de votre compr\u00e9hension.<\/li>\n<\/ul>\n<p>&nbsp;<\/p>\n<p>&nbsp;<\/p>\n<ul>\n<li><img loading=\"lazy\" decoding=\"async\" class=\"alignnone size-full wp-image-2703\" src=\"https:\/\/bitsrouter.com\/wp-content\/uploads\/2023\/04\/H55d85a09aea441bca629697aa6d15b89I.jpg\" alt=\"\" width=\"800\" height=\"800\" srcset=\"https:\/\/bitsrouter.com\/wp-content\/uploads\/2023\/04\/H55d85a09aea441bca629697aa6d15b89I.jpg 800w, https:\/\/bitsrouter.com\/wp-content\/uploads\/2023\/04\/H55d85a09aea441bca629697aa6d15b89I-500x500.jpg 500w, https:\/\/bitsrouter.com\/wp-content\/uploads\/2023\/04\/H55d85a09aea441bca629697aa6d15b89I-100x100.jpg 100w, https:\/\/bitsrouter.com\/wp-content\/uploads\/2023\/04\/H55d85a09aea441bca629697aa6d15b89I-300x300.jpg 300w, https:\/\/bitsrouter.com\/wp-content\/uploads\/2023\/04\/H55d85a09aea441bca629697aa6d15b89I-150x150.jpg 150w, https:\/\/bitsrouter.com\/wp-content\/uploads\/2023\/04\/H55d85a09aea441bca629697aa6d15b89I-768x768.jpg 768w\" sizes=\"auto, (max-width: 800px) 100vw, 800px\" \/> <img loading=\"lazy\" decoding=\"async\" class=\"alignnone size-large wp-image-2704\" src=\"https:\/\/bitsrouter.com\/wp-content\/uploads\/2023\/04\/Hccb0ed48504a45039baa21df1d662d4ad.jpg\" alt=\"\" width=\"800\" height=\"800\" srcset=\"https:\/\/bitsrouter.com\/wp-content\/uploads\/2023\/04\/Hccb0ed48504a45039baa21df1d662d4ad.jpg 800w, https:\/\/bitsrouter.com\/wp-content\/uploads\/2023\/04\/Hccb0ed48504a45039baa21df1d662d4ad-500x500.jpg 500w, https:\/\/bitsrouter.com\/wp-content\/uploads\/2023\/04\/Hccb0ed48504a45039baa21df1d662d4ad-100x100.jpg 100w, https:\/\/bitsrouter.com\/wp-content\/uploads\/2023\/04\/Hccb0ed48504a45039baa21df1d662d4ad-300x300.jpg 300w, https:\/\/bitsrouter.com\/wp-content\/uploads\/2023\/04\/Hccb0ed48504a45039baa21df1d662d4ad-150x150.jpg 150w, https:\/\/bitsrouter.com\/wp-content\/uploads\/2023\/04\/Hccb0ed48504a45039baa21df1d662d4ad-768x768.jpg 768w\" sizes=\"auto, (max-width: 800px) 100vw, 800px\" \/> <img loading=\"lazy\" decoding=\"async\" class=\"alignnone size-large wp-image-2705\" src=\"https:\/\/bitsrouter.com\/wp-content\/uploads\/2023\/04\/Heaee5a26308447cc9054e95f5fa95b4aE.jpg\" alt=\"\" width=\"800\" height=\"800\" srcset=\"https:\/\/bitsrouter.com\/wp-content\/uploads\/2023\/04\/Heaee5a26308447cc9054e95f5fa95b4aE.jpg 800w, https:\/\/bitsrouter.com\/wp-content\/uploads\/2023\/04\/Heaee5a26308447cc9054e95f5fa95b4aE-500x500.jpg 500w, https:\/\/bitsrouter.com\/wp-content\/uploads\/2023\/04\/Heaee5a26308447cc9054e95f5fa95b4aE-100x100.jpg 100w, https:\/\/bitsrouter.com\/wp-content\/uploads\/2023\/04\/Heaee5a26308447cc9054e95f5fa95b4aE-300x300.jpg 300w, https:\/\/bitsrouter.com\/wp-content\/uploads\/2023\/04\/Heaee5a26308447cc9054e95f5fa95b4aE-150x150.jpg 150w, https:\/\/bitsrouter.com\/wp-content\/uploads\/2023\/04\/Heaee5a26308447cc9054e95f5fa95b4aE-768x768.jpg 768w\" sizes=\"auto, (max-width: 800px) 100vw, 800px\" \/> <img loading=\"lazy\" decoding=\"async\" class=\"alignnone size-large wp-image-2706\" src=\"https:\/\/bitsrouter.com\/wp-content\/uploads\/2023\/04\/Hf70fbca1507d49d59b790e95425ae6e5a.jpg\" alt=\"\" width=\"800\" height=\"800\" srcset=\"https:\/\/bitsrouter.com\/wp-content\/uploads\/2023\/04\/Hf70fbca1507d49d59b790e95425ae6e5a.jpg 800w, https:\/\/bitsrouter.com\/wp-content\/uploads\/2023\/04\/Hf70fbca1507d49d59b790e95425ae6e5a-500x500.jpg 500w, https:\/\/bitsrouter.com\/wp-content\/uploads\/2023\/04\/Hf70fbca1507d49d59b790e95425ae6e5a-100x100.jpg 100w, https:\/\/bitsrouter.com\/wp-content\/uploads\/2023\/04\/Hf70fbca1507d49d59b790e95425ae6e5a-300x300.jpg 300w, https:\/\/bitsrouter.com\/wp-content\/uploads\/2023\/04\/Hf70fbca1507d49d59b790e95425ae6e5a-150x150.jpg 150w, https:\/\/bitsrouter.com\/wp-content\/uploads\/2023\/04\/Hf70fbca1507d49d59b790e95425ae6e5a-768x768.jpg 768w\" sizes=\"auto, (max-width: 800px) 100vw, 800px\" \/>Application : ca<\/li>\n<\/ul>\n","protected":false},"excerpt":{"rendered":"<p>Un foret pour outils de coupe du bois est sp\u00e9cifiquement con\u00e7u pour percer des trous dans les mat\u00e9riaux en bois. Il est dot\u00e9 d&#8217;un ou de plusieurs bords tranchants optimis\u00e9s pour couper les fibres de bois avec pr\u00e9cision et efficacit\u00e9.<\/p>\n","protected":false},"featured_media":44913,"template":"","meta":{"om_disable_all_campaigns":false,"_monsterinsights_skip_tracking":false,"_monsterinsights_sitenote_active":false,"_monsterinsights_sitenote_note":"","_monsterinsights_sitenote_category":0},"product_brand":[],"product_cat":[177,168],"product_tag":[],"class_list":{"0":"post-39224","1":"product","2":"type-product","3":"status-publish","4":"has-post-thumbnail","6":"product_cat-bois-plaques-de-platre-plaques-de-plastique","7":"product_cat-forets-et-scies-cloches","9":"first","10":"instock","11":"shipping-taxable","12":"purchasable","13":"product-type-simple"},"_links":{"self":[{"href":"https:\/\/bitsrouter.com\/fr\/wp-json\/wp\/v2\/product\/39224","targetHints":{"allow":["GET"]}}],"collection":[{"href":"https:\/\/bitsrouter.com\/fr\/wp-json\/wp\/v2\/product"}],"about":[{"href":"https:\/\/bitsrouter.com\/fr\/wp-json\/wp\/v2\/types\/product"}],"wp:featuredmedia":[{"embeddable":true,"href":"https:\/\/bitsrouter.com\/fr\/wp-json\/wp\/v2\/media\/44913"}],"wp:attachment":[{"href":"https:\/\/bitsrouter.com\/fr\/wp-json\/wp\/v2\/media?parent=39224"}],"wp:term":[{"taxonomy":"product_brand","embeddable":true,"href":"https:\/\/bitsrouter.com\/fr\/wp-json\/wp\/v2\/product_brand?post=39224"},{"taxonomy":"product_cat","embeddable":true,"href":"https:\/\/bitsrouter.com\/fr\/wp-json\/wp\/v2\/product_cat?post=39224"},{"taxonomy":"product_tag","embeddable":true,"href":"https:\/\/bitsrouter.com\/fr\/wp-json\/wp\/v2\/product_tag?post=39224"}],"curies":[{"name":"wp","href":"https:\/\/api.w.org\/{rel}","templated":true}]}}