{"id":39158,"date":"2023-07-24T16:40:58","date_gmt":"2023-07-24T16:40:58","guid":{"rendered":"https:\/\/bitsrouter.com\/shop\/tl3091gabarit-de-positionnement-de-larc-de-cercle-pour-le-travail-du-bois\/"},"modified":"2023-07-24T16:40:58","modified_gmt":"2023-07-24T16:40:58","slug":"tl3091gabarit-de-positionnement-de-larc-de-cercle-pour-le-travail-du-bois","status":"publish","type":"product","link":"https:\/\/bitsrouter.com\/fr\/shop\/tl3091gabarit-de-positionnement-de-larc-de-cercle-pour-le-travail-du-bois","title":{"rendered":"(TL3091)Gabarit de positionnement de l&#8217;arc de cercle pour le travail du bois"},"content":{"rendered":"<p><img loading=\"lazy\" decoding=\"async\" class=\"alignnone size-full wp-image-12220\" src=\"https:\/\/bitsrouter.com\/wp-content\/uploads\/2023\/07\/11621607222_1478580503.jpg\" alt=\"\" width=\"800\" height=\"800\" srcset=\"https:\/\/bitsrouter.com\/wp-content\/uploads\/2023\/07\/11621607222_1478580503.jpg 800w, https:\/\/bitsrouter.com\/wp-content\/uploads\/2023\/07\/11621607222_1478580503-500x500.jpg 500w, https:\/\/bitsrouter.com\/wp-content\/uploads\/2023\/07\/11621607222_1478580503-100x100.jpg 100w, https:\/\/bitsrouter.com\/wp-content\/uploads\/2023\/07\/11621607222_1478580503-300x300.jpg 300w, https:\/\/bitsrouter.com\/wp-content\/uploads\/2023\/07\/11621607222_1478580503-150x150.jpg 150w, https:\/\/bitsrouter.com\/wp-content\/uploads\/2023\/07\/11621607222_1478580503-768x768.jpg 768w\" sizes=\"auto, (max-width: 800px) 100vw, 800px\" \/> <img loading=\"lazy\" decoding=\"async\" class=\"alignnone size-full wp-image-12221\" src=\"https:\/\/bitsrouter.com\/wp-content\/uploads\/2023\/07\/11657983489_1478580503.jpg\" alt=\"\" width=\"800\" height=\"800\" srcset=\"https:\/\/bitsrouter.com\/wp-content\/uploads\/2023\/07\/11657983489_1478580503.jpg 800w, https:\/\/bitsrouter.com\/wp-content\/uploads\/2023\/07\/11657983489_1478580503-500x500.jpg 500w, https:\/\/bitsrouter.com\/wp-content\/uploads\/2023\/07\/11657983489_1478580503-100x100.jpg 100w, https:\/\/bitsrouter.com\/wp-content\/uploads\/2023\/07\/11657983489_1478580503-300x300.jpg 300w, https:\/\/bitsrouter.com\/wp-content\/uploads\/2023\/07\/11657983489_1478580503-150x150.jpg 150w, https:\/\/bitsrouter.com\/wp-content\/uploads\/2023\/07\/11657983489_1478580503-768x768.jpg 768w\" sizes=\"auto, (max-width: 800px) 100vw, 800px\" \/> <img loading=\"lazy\" decoding=\"async\" class=\"alignnone size-full wp-image-12222\" src=\"https:\/\/bitsrouter.com\/wp-content\/uploads\/2023\/07\/11657992417_1478580503.jpg\" alt=\"\" width=\"800\" height=\"800\" srcset=\"https:\/\/bitsrouter.com\/wp-content\/uploads\/2023\/07\/11657992417_1478580503.jpg 800w, https:\/\/bitsrouter.com\/wp-content\/uploads\/2023\/07\/11657992417_1478580503-500x500.jpg 500w, https:\/\/bitsrouter.com\/wp-content\/uploads\/2023\/07\/11657992417_1478580503-100x100.jpg 100w, https:\/\/bitsrouter.com\/wp-content\/uploads\/2023\/07\/11657992417_1478580503-300x300.jpg 300w, https:\/\/bitsrouter.com\/wp-content\/uploads\/2023\/07\/11657992417_1478580503-150x150.jpg 150w, https:\/\/bitsrouter.com\/wp-content\/uploads\/2023\/07\/11657992417_1478580503-768x768.jpg 768w\" sizes=\"auto, (max-width: 800px) 100vw, 800px\" \/> <img loading=\"lazy\" decoding=\"async\" class=\"alignnone size-full wp-image-12223\" src=\"https:\/\/bitsrouter.com\/wp-content\/uploads\/2023\/07\/11688956518_1478580503.jpg\" alt=\"\" width=\"800\" height=\"800\" srcset=\"https:\/\/bitsrouter.com\/wp-content\/uploads\/2023\/07\/11688956518_1478580503.jpg 800w, https:\/\/bitsrouter.com\/wp-content\/uploads\/2023\/07\/11688956518_1478580503-500x500.jpg 500w, https:\/\/bitsrouter.com\/wp-content\/uploads\/2023\/07\/11688956518_1478580503-100x100.jpg 100w, https:\/\/bitsrouter.com\/wp-content\/uploads\/2023\/07\/11688956518_1478580503-300x300.jpg 300w, https:\/\/bitsrouter.com\/wp-content\/uploads\/2023\/07\/11688956518_1478580503-150x150.jpg 150w, https:\/\/bitsrouter.com\/wp-content\/uploads\/2023\/07\/11688956518_1478580503-768x768.jpg 768w\" sizes=\"auto, (max-width: 800px) 100vw, 800px\" \/> <img loading=\"lazy\" decoding=\"async\" class=\"alignnone size-full wp-image-12224\" src=\"https:\/\/bitsrouter.com\/wp-content\/uploads\/2023\/07\/11688959377_1478580503.jpg\" alt=\"\" width=\"800\" height=\"800\" srcset=\"https:\/\/bitsrouter.com\/wp-content\/uploads\/2023\/07\/11688959377_1478580503.jpg 800w, https:\/\/bitsrouter.com\/wp-content\/uploads\/2023\/07\/11688959377_1478580503-500x500.jpg 500w, https:\/\/bitsrouter.com\/wp-content\/uploads\/2023\/07\/11688959377_1478580503-100x100.jpg 100w, https:\/\/bitsrouter.com\/wp-content\/uploads\/2023\/07\/11688959377_1478580503-300x300.jpg 300w, https:\/\/bitsrouter.com\/wp-content\/uploads\/2023\/07\/11688959377_1478580503-150x150.jpg 150w, https:\/\/bitsrouter.com\/wp-content\/uploads\/2023\/07\/11688959377_1478580503-768x768.jpg 768w\" sizes=\"auto, (max-width: 800px) 100vw, 800px\" \/><\/p>\n","protected":false},"excerpt":{"rendered":"<p>Le gabarit de positionnement des arcs de cercle pour le travail du bois est un outil sp\u00e9cialis\u00e9 con\u00e7u pour aider les travailleurs du bois \u00e0 positionner avec pr\u00e9cision et \u00e0 cr\u00e9er des arcs de cercle dans leurs projets de travail du bois.<\/p>\n<p>Con\u00e7u dans un souci de pr\u00e9cision et de durabilit\u00e9, ce gabarit garantit des performances fiables dans l&#8217;atelier. Il comporte g\u00e9n\u00e9ralement des marques et des lignes directrices claires, permettant aux menuisiers d&#8217;aligner et de fixer facilement le gabarit sur la pi\u00e8ce \u00e0 travailler.<\/p>\n","protected":false},"featured_media":46513,"template":"","meta":{"om_disable_all_campaigns":false,"_monsterinsights_skip_tracking":false,"_monsterinsights_sitenote_active":false,"_monsterinsights_sitenote_note":"","_monsterinsights_sitenote_category":0},"product_brand":[],"product_cat":[22],"product_tag":[],"class_list":{"0":"post-39158","1":"product","2":"type-product","3":"status-publish","4":"has-post-thumbnail","6":"product_cat-uncategorized","8":"first","9":"instock","10":"shipping-taxable","11":"purchasable","12":"product-type-variable"},"_links":{"self":[{"href":"https:\/\/bitsrouter.com\/fr\/wp-json\/wp\/v2\/product\/39158","targetHints":{"allow":["GET"]}}],"collection":[{"href":"https:\/\/bitsrouter.com\/fr\/wp-json\/wp\/v2\/product"}],"about":[{"href":"https:\/\/bitsrouter.com\/fr\/wp-json\/wp\/v2\/types\/product"}],"wp:featuredmedia":[{"embeddable":true,"href":"https:\/\/bitsrouter.com\/fr\/wp-json\/wp\/v2\/media\/46513"}],"wp:attachment":[{"href":"https:\/\/bitsrouter.com\/fr\/wp-json\/wp\/v2\/media?parent=39158"}],"wp:term":[{"taxonomy":"product_brand","embeddable":true,"href":"https:\/\/bitsrouter.com\/fr\/wp-json\/wp\/v2\/product_brand?post=39158"},{"taxonomy":"product_cat","embeddable":true,"href":"https:\/\/bitsrouter.com\/fr\/wp-json\/wp\/v2\/product_cat?post=39158"},{"taxonomy":"product_tag","embeddable":true,"href":"https:\/\/bitsrouter.com\/fr\/wp-json\/wp\/v2\/product_tag?post=39158"}],"curies":[{"name":"wp","href":"https:\/\/api.w.org\/{rel}","templated":true}]}}