{"id":39116,"date":"2023-07-24T17:29:31","date_gmt":"2023-07-24T17:29:31","guid":{"rendered":"https:\/\/bitsrouter.com\/shop\/tl8357localisateur-de-poinconnage-pour-le-travail-du-bois\/"},"modified":"2023-07-24T17:29:31","modified_gmt":"2023-07-24T17:29:31","slug":"tl8357localisateur-de-poinconnage-pour-le-travail-du-bois","status":"publish","type":"product","link":"https:\/\/bitsrouter.com\/fr\/shop\/tl8357localisateur-de-poinconnage-pour-le-travail-du-bois","title":{"rendered":"(TL8357)Localisateur de poin\u00e7onnage pour le travail du bois"},"content":{"rendered":"<p><img loading=\"lazy\" decoding=\"async\" class=\"alignnone size-full wp-image-12316\" src=\"https:\/\/bitsrouter.com\/wp-content\/uploads\/2023\/07\/customized_pic009-10.jpg\" alt=\"\" width=\"1920\" height=\"1440\" srcset=\"https:\/\/bitsrouter.com\/wp-content\/uploads\/2023\/07\/customized_pic009-10.jpg 1920w, https:\/\/bitsrouter.com\/wp-content\/uploads\/2023\/07\/customized_pic009-10-500x375.jpg 500w, https:\/\/bitsrouter.com\/wp-content\/uploads\/2023\/07\/customized_pic009-10-300x225.jpg 300w, https:\/\/bitsrouter.com\/wp-content\/uploads\/2023\/07\/customized_pic009-10-1024x768.jpg 1024w, https:\/\/bitsrouter.com\/wp-content\/uploads\/2023\/07\/customized_pic009-10-768x576.jpg 768w, https:\/\/bitsrouter.com\/wp-content\/uploads\/2023\/07\/customized_pic009-10-1536x1152.jpg 1536w\" sizes=\"auto, (max-width: 1920px) 100vw, 1920px\" \/> <img loading=\"lazy\" decoding=\"async\" class=\"alignnone size-full wp-image-12317\" src=\"https:\/\/bitsrouter.com\/wp-content\/uploads\/2023\/07\/customized_pic012-12.jpg\" alt=\"\" width=\"1920\" height=\"1440\" srcset=\"https:\/\/bitsrouter.com\/wp-content\/uploads\/2023\/07\/customized_pic012-12.jpg 1920w, https:\/\/bitsrouter.com\/wp-content\/uploads\/2023\/07\/customized_pic012-12-500x375.jpg 500w, https:\/\/bitsrouter.com\/wp-content\/uploads\/2023\/07\/customized_pic012-12-300x225.jpg 300w, https:\/\/bitsrouter.com\/wp-content\/uploads\/2023\/07\/customized_pic012-12-1024x768.jpg 1024w, https:\/\/bitsrouter.com\/wp-content\/uploads\/2023\/07\/customized_pic012-12-768x576.jpg 768w, https:\/\/bitsrouter.com\/wp-content\/uploads\/2023\/07\/customized_pic012-12-1536x1152.jpg 1536w\" sizes=\"auto, (max-width: 1920px) 100vw, 1920px\" \/> <img loading=\"lazy\" decoding=\"async\" class=\"alignnone size-full wp-image-12318\" src=\"https:\/\/bitsrouter.com\/wp-content\/uploads\/2023\/07\/customized_pic014-13.jpg\" alt=\"\" width=\"1920\" height=\"1440\" srcset=\"https:\/\/bitsrouter.com\/wp-content\/uploads\/2023\/07\/customized_pic014-13.jpg 1920w, https:\/\/bitsrouter.com\/wp-content\/uploads\/2023\/07\/customized_pic014-13-500x375.jpg 500w, https:\/\/bitsrouter.com\/wp-content\/uploads\/2023\/07\/customized_pic014-13-300x225.jpg 300w, https:\/\/bitsrouter.com\/wp-content\/uploads\/2023\/07\/customized_pic014-13-1024x768.jpg 1024w, https:\/\/bitsrouter.com\/wp-content\/uploads\/2023\/07\/customized_pic014-13-768x576.jpg 768w, https:\/\/bitsrouter.com\/wp-content\/uploads\/2023\/07\/customized_pic014-13-1536x1152.jpg 1536w\" sizes=\"auto, (max-width: 1920px) 100vw, 1920px\" \/> <img loading=\"lazy\" decoding=\"async\" class=\"alignnone size-full wp-image-12319\" src=\"https:\/\/bitsrouter.com\/wp-content\/uploads\/2023\/07\/customized_pic015-7.jpg\" alt=\"\" width=\"1920\" height=\"1440\" srcset=\"https:\/\/bitsrouter.com\/wp-content\/uploads\/2023\/07\/customized_pic015-7.jpg 1920w, https:\/\/bitsrouter.com\/wp-content\/uploads\/2023\/07\/customized_pic015-7-500x375.jpg 500w, https:\/\/bitsrouter.com\/wp-content\/uploads\/2023\/07\/customized_pic015-7-300x225.jpg 300w, https:\/\/bitsrouter.com\/wp-content\/uploads\/2023\/07\/customized_pic015-7-1024x768.jpg 1024w, https:\/\/bitsrouter.com\/wp-content\/uploads\/2023\/07\/customized_pic015-7-768x576.jpg 768w, https:\/\/bitsrouter.com\/wp-content\/uploads\/2023\/07\/customized_pic015-7-1536x1152.jpg 1536w\" sizes=\"auto, (max-width: 1920px) 100vw, 1920px\" \/><img loading=\"lazy\" decoding=\"async\" class=\"alignnone size-full wp-image-12312\" src=\"https:\/\/bitsrouter.com\/wp-content\/uploads\/2023\/07\/O1CN01kUMNUt25YSEZcZsqw_3167097538-0-cib.jpg\" alt=\"\" width=\"800\" height=\"800\" srcset=\"https:\/\/bitsrouter.com\/wp-content\/uploads\/2023\/07\/O1CN01kUMNUt25YSEZcZsqw_3167097538-0-cib.jpg 800w, https:\/\/bitsrouter.com\/wp-content\/uploads\/2023\/07\/O1CN01kUMNUt25YSEZcZsqw_3167097538-0-cib-500x500.jpg 500w, https:\/\/bitsrouter.com\/wp-content\/uploads\/2023\/07\/O1CN01kUMNUt25YSEZcZsqw_3167097538-0-cib-100x100.jpg 100w, https:\/\/bitsrouter.com\/wp-content\/uploads\/2023\/07\/O1CN01kUMNUt25YSEZcZsqw_3167097538-0-cib-300x300.jpg 300w, https:\/\/bitsrouter.com\/wp-content\/uploads\/2023\/07\/O1CN01kUMNUt25YSEZcZsqw_3167097538-0-cib-150x150.jpg 150w, https:\/\/bitsrouter.com\/wp-content\/uploads\/2023\/07\/O1CN01kUMNUt25YSEZcZsqw_3167097538-0-cib-768x768.jpg 768w\" sizes=\"auto, (max-width: 800px) 100vw, 800px\" \/> <img loading=\"lazy\" decoding=\"async\" class=\"alignnone size-full wp-image-12313\" src=\"https:\/\/bitsrouter.com\/wp-content\/uploads\/2023\/07\/O1CN01sOSoyT25YSEa8SvXg_3167097538-0-cib.jpg\" alt=\"\" width=\"800\" height=\"800\" srcset=\"https:\/\/bitsrouter.com\/wp-content\/uploads\/2023\/07\/O1CN01sOSoyT25YSEa8SvXg_3167097538-0-cib.jpg 800w, https:\/\/bitsrouter.com\/wp-content\/uploads\/2023\/07\/O1CN01sOSoyT25YSEa8SvXg_3167097538-0-cib-500x500.jpg 500w, https:\/\/bitsrouter.com\/wp-content\/uploads\/2023\/07\/O1CN01sOSoyT25YSEa8SvXg_3167097538-0-cib-100x100.jpg 100w, https:\/\/bitsrouter.com\/wp-content\/uploads\/2023\/07\/O1CN01sOSoyT25YSEa8SvXg_3167097538-0-cib-300x300.jpg 300w, https:\/\/bitsrouter.com\/wp-content\/uploads\/2023\/07\/O1CN01sOSoyT25YSEa8SvXg_3167097538-0-cib-150x150.jpg 150w, https:\/\/bitsrouter.com\/wp-content\/uploads\/2023\/07\/O1CN01sOSoyT25YSEa8SvXg_3167097538-0-cib-768x768.jpg 768w\" sizes=\"auto, (max-width: 800px) 100vw, 800px\" \/> <img loading=\"lazy\" decoding=\"async\" class=\"alignnone size-full wp-image-12314\" src=\"https:\/\/bitsrouter.com\/wp-content\/uploads\/2023\/07\/O1CN01wnKuQt25YSEWxciIf_3167097538-0-cib.jpg\" alt=\"\" width=\"1920\" height=\"1920\" srcset=\"https:\/\/bitsrouter.com\/wp-content\/uploads\/2023\/07\/O1CN01wnKuQt25YSEWxciIf_3167097538-0-cib.jpg 1920w, https:\/\/bitsrouter.com\/wp-content\/uploads\/2023\/07\/O1CN01wnKuQt25YSEWxciIf_3167097538-0-cib-500x500.jpg 500w, https:\/\/bitsrouter.com\/wp-content\/uploads\/2023\/07\/O1CN01wnKuQt25YSEWxciIf_3167097538-0-cib-100x100.jpg 100w, https:\/\/bitsrouter.com\/wp-content\/uploads\/2023\/07\/O1CN01wnKuQt25YSEWxciIf_3167097538-0-cib-300x300.jpg 300w, https:\/\/bitsrouter.com\/wp-content\/uploads\/2023\/07\/O1CN01wnKuQt25YSEWxciIf_3167097538-0-cib-1024x1024.jpg 1024w, https:\/\/bitsrouter.com\/wp-content\/uploads\/2023\/07\/O1CN01wnKuQt25YSEWxciIf_3167097538-0-cib-150x150.jpg 150w, https:\/\/bitsrouter.com\/wp-content\/uploads\/2023\/07\/O1CN01wnKuQt25YSEWxciIf_3167097538-0-cib-768x768.jpg 768w, https:\/\/bitsrouter.com\/wp-content\/uploads\/2023\/07\/O1CN01wnKuQt25YSEWxciIf_3167097538-0-cib-1536x1536.jpg 1536w\" sizes=\"auto, (max-width: 1920px) 100vw, 1920px\" \/><\/p>\n","protected":false},"excerpt":{"rendered":"<p>Le Woodworking Punching Locator est un outil sp\u00e9cialis\u00e9 con\u00e7u pour aider les menuisiers \u00e0 percer avec pr\u00e9cision les trous dans les projets de menuiserie. Cet outil est particuli\u00e8rement utile pour les travaux n\u00e9cessitant un positionnement pr\u00e9cis des trous, tels que la menuiserie, le chevillage et d&#8217;autres projets de menuiserie.<\/p>\n<p>Con\u00e7u dans un souci de durabilit\u00e9 et de pr\u00e9cision, le localisateur de poin\u00e7onnage pour le travail du bois garantit des performances fiables dans l&#8217;atelier. Il comporte g\u00e9n\u00e9ralement des rep\u00e8res clairs et des guides r\u00e9glables qui permettent aux menuisiers de positionner et de fixer facilement le localisateur sur la pi\u00e8ce \u00e0 travailler.<\/p>\n","protected":false},"featured_media":46612,"template":"","meta":{"om_disable_all_campaigns":false,"_monsterinsights_skip_tracking":false,"_monsterinsights_sitenote_active":false,"_monsterinsights_sitenote_note":"","_monsterinsights_sitenote_category":0},"product_brand":[],"product_cat":[],"product_tag":[],"class_list":{"0":"post-39116","1":"product","2":"type-product","3":"status-publish","4":"has-post-thumbnail","7":"first","8":"instock","9":"shipping-taxable","10":"purchasable","11":"product-type-variable"},"_links":{"self":[{"href":"https:\/\/bitsrouter.com\/fr\/wp-json\/wp\/v2\/product\/39116","targetHints":{"allow":["GET"]}}],"collection":[{"href":"https:\/\/bitsrouter.com\/fr\/wp-json\/wp\/v2\/product"}],"about":[{"href":"https:\/\/bitsrouter.com\/fr\/wp-json\/wp\/v2\/types\/product"}],"wp:featuredmedia":[{"embeddable":true,"href":"https:\/\/bitsrouter.com\/fr\/wp-json\/wp\/v2\/media\/46612"}],"wp:attachment":[{"href":"https:\/\/bitsrouter.com\/fr\/wp-json\/wp\/v2\/media?parent=39116"}],"wp:term":[{"taxonomy":"product_brand","embeddable":true,"href":"https:\/\/bitsrouter.com\/fr\/wp-json\/wp\/v2\/product_brand?post=39116"},{"taxonomy":"product_cat","embeddable":true,"href":"https:\/\/bitsrouter.com\/fr\/wp-json\/wp\/v2\/product_cat?post=39116"},{"taxonomy":"product_tag","embeddable":true,"href":"https:\/\/bitsrouter.com\/fr\/wp-json\/wp\/v2\/product_tag?post=39116"}],"curies":[{"name":"wp","href":"https:\/\/api.w.org\/{rel}","templated":true}]}}