{"id":39101,"date":"2023-07-24T17:35:27","date_gmt":"2023-07-24T17:35:27","guid":{"rendered":"https:\/\/bitsrouter.com\/shop\/tl3401outil-de-fixation-du-rail-de-guidage-de-la-plaque-de-pression-pour-le-travail-du-bois-goulotte-en-forme-de-t\/"},"modified":"2023-07-24T17:35:27","modified_gmt":"2023-07-24T17:35:27","slug":"tl3401outil-de-fixation-du-rail-de-guidage-de-la-plaque-de-pression-pour-le-travail-du-bois-goulotte-en-forme-de-t","status":"publish","type":"product","link":"https:\/\/bitsrouter.com\/fr\/shop\/tl3401outil-de-fixation-du-rail-de-guidage-de-la-plaque-de-pression-pour-le-travail-du-bois-goulotte-en-forme-de-t","title":{"rendered":"(TL3401)Outil de fixation du rail de guidage de la plaque de pression pour le travail du bois Goulotte en forme de T"},"content":{"rendered":"<p><img loading=\"lazy\" decoding=\"async\" class=\"alignnone size-full wp-image-12326\" src=\"https:\/\/bitsrouter.com\/wp-content\/uploads\/2023\/07\/10031190833_1478580503.jpg\" alt=\"\" width=\"800\" height=\"800\" srcset=\"https:\/\/bitsrouter.com\/wp-content\/uploads\/2023\/07\/10031190833_1478580503.jpg 800w, https:\/\/bitsrouter.com\/wp-content\/uploads\/2023\/07\/10031190833_1478580503-500x500.jpg 500w, https:\/\/bitsrouter.com\/wp-content\/uploads\/2023\/07\/10031190833_1478580503-100x100.jpg 100w, https:\/\/bitsrouter.com\/wp-content\/uploads\/2023\/07\/10031190833_1478580503-300x300.jpg 300w, https:\/\/bitsrouter.com\/wp-content\/uploads\/2023\/07\/10031190833_1478580503-150x150.jpg 150w, https:\/\/bitsrouter.com\/wp-content\/uploads\/2023\/07\/10031190833_1478580503-768x768.jpg 768w\" sizes=\"auto, (max-width: 800px) 100vw, 800px\" \/> <img loading=\"lazy\" decoding=\"async\" class=\"alignnone size-full wp-image-12327\" src=\"https:\/\/bitsrouter.com\/wp-content\/uploads\/2023\/07\/10031217657_1478580503.jpg\" alt=\"\" width=\"800\" height=\"800\" srcset=\"https:\/\/bitsrouter.com\/wp-content\/uploads\/2023\/07\/10031217657_1478580503.jpg 800w, https:\/\/bitsrouter.com\/wp-content\/uploads\/2023\/07\/10031217657_1478580503-500x500.jpg 500w, https:\/\/bitsrouter.com\/wp-content\/uploads\/2023\/07\/10031217657_1478580503-100x100.jpg 100w, https:\/\/bitsrouter.com\/wp-content\/uploads\/2023\/07\/10031217657_1478580503-300x300.jpg 300w, https:\/\/bitsrouter.com\/wp-content\/uploads\/2023\/07\/10031217657_1478580503-150x150.jpg 150w, https:\/\/bitsrouter.com\/wp-content\/uploads\/2023\/07\/10031217657_1478580503-768x768.jpg 768w\" sizes=\"auto, (max-width: 800px) 100vw, 800px\" \/><\/p>\n<p><img loading=\"lazy\" decoding=\"async\" class=\"alignnone size-full wp-image-12328\" src=\"https:\/\/bitsrouter.com\/wp-content\/uploads\/2023\/07\/10031250244_1478580503.jpg\" alt=\"\" width=\"750\" height=\"736\" srcset=\"https:\/\/bitsrouter.com\/wp-content\/uploads\/2023\/07\/10031250244_1478580503.jpg 750w, https:\/\/bitsrouter.com\/wp-content\/uploads\/2023\/07\/10031250244_1478580503-500x491.jpg 500w, https:\/\/bitsrouter.com\/wp-content\/uploads\/2023\/07\/10031250244_1478580503-300x294.jpg 300w\" sizes=\"auto, (max-width: 750px) 100vw, 750px\" \/> <img loading=\"lazy\" decoding=\"async\" class=\"alignnone size-full wp-image-12329\" src=\"https:\/\/bitsrouter.com\/wp-content\/uploads\/2023\/07\/10058887746_1478580503.jpg\" alt=\"\" width=\"800\" height=\"800\" srcset=\"https:\/\/bitsrouter.com\/wp-content\/uploads\/2023\/07\/10058887746_1478580503.jpg 800w, https:\/\/bitsrouter.com\/wp-content\/uploads\/2023\/07\/10058887746_1478580503-500x500.jpg 500w, https:\/\/bitsrouter.com\/wp-content\/uploads\/2023\/07\/10058887746_1478580503-100x100.jpg 100w, https:\/\/bitsrouter.com\/wp-content\/uploads\/2023\/07\/10058887746_1478580503-300x300.jpg 300w, https:\/\/bitsrouter.com\/wp-content\/uploads\/2023\/07\/10058887746_1478580503-150x150.jpg 150w, https:\/\/bitsrouter.com\/wp-content\/uploads\/2023\/07\/10058887746_1478580503-768x768.jpg 768w\" sizes=\"auto, (max-width: 800px) 100vw, 800px\" \/> <img loading=\"lazy\" decoding=\"async\" class=\"alignnone size-full wp-image-12330\" src=\"https:\/\/bitsrouter.com\/wp-content\/uploads\/2023\/07\/10084304514_1478580503.jpg\" alt=\"\" width=\"750\" height=\"740\" srcset=\"https:\/\/bitsrouter.com\/wp-content\/uploads\/2023\/07\/10084304514_1478580503.jpg 750w, https:\/\/bitsrouter.com\/wp-content\/uploads\/2023\/07\/10084304514_1478580503-100x100.jpg 100w, https:\/\/bitsrouter.com\/wp-content\/uploads\/2023\/07\/10084304514_1478580503-500x493.jpg 500w, https:\/\/bitsrouter.com\/wp-content\/uploads\/2023\/07\/10084304514_1478580503-300x296.jpg 300w\" sizes=\"auto, (max-width: 750px) 100vw, 750px\" \/><\/p>\n<p><img loading=\"lazy\" decoding=\"async\" class=\"alignnone size-full wp-image-12331\" src=\"https:\/\/bitsrouter.com\/wp-content\/uploads\/2023\/07\/10084307047_1478580503.jpg\" alt=\"\" width=\"800\" height=\"800\" srcset=\"https:\/\/bitsrouter.com\/wp-content\/uploads\/2023\/07\/10084307047_1478580503.jpg 800w, https:\/\/bitsrouter.com\/wp-content\/uploads\/2023\/07\/10084307047_1478580503-500x500.jpg 500w, https:\/\/bitsrouter.com\/wp-content\/uploads\/2023\/07\/10084307047_1478580503-100x100.jpg 100w, https:\/\/bitsrouter.com\/wp-content\/uploads\/2023\/07\/10084307047_1478580503-300x300.jpg 300w, https:\/\/bitsrouter.com\/wp-content\/uploads\/2023\/07\/10084307047_1478580503-150x150.jpg 150w, https:\/\/bitsrouter.com\/wp-content\/uploads\/2023\/07\/10084307047_1478580503-768x768.jpg 768w\" sizes=\"auto, (max-width: 800px) 100vw, 800px\" \/><\/p>\n<p><img loading=\"lazy\" decoding=\"async\" class=\"alignnone size-full wp-image-12332\" src=\"https:\/\/bitsrouter.com\/wp-content\/uploads\/2023\/07\/Snipaste_2023-07-25_01-37-42.png\" alt=\"\" width=\"755\" height=\"698\" srcset=\"https:\/\/bitsrouter.com\/wp-content\/uploads\/2023\/07\/Snipaste_2023-07-25_01-37-42.png 755w, https:\/\/bitsrouter.com\/wp-content\/uploads\/2023\/07\/Snipaste_2023-07-25_01-37-42-500x462.png 500w, https:\/\/bitsrouter.com\/wp-content\/uploads\/2023\/07\/Snipaste_2023-07-25_01-37-42-300x277.png 300w\" sizes=\"auto, (max-width: 755px) 100vw, 755px\" \/><\/p>\n<p><img loading=\"lazy\" decoding=\"async\" class=\"alignnone size-full wp-image-12334\" src=\"https:\/\/bitsrouter.com\/wp-content\/uploads\/2023\/07\/Snipaste_2023-07-25_01-38-02.png\" alt=\"\" width=\"724\" height=\"577\" srcset=\"https:\/\/bitsrouter.com\/wp-content\/uploads\/2023\/07\/Snipaste_2023-07-25_01-38-02.png 724w, https:\/\/bitsrouter.com\/wp-content\/uploads\/2023\/07\/Snipaste_2023-07-25_01-38-02-500x398.png 500w, https:\/\/bitsrouter.com\/wp-content\/uploads\/2023\/07\/Snipaste_2023-07-25_01-38-02-300x239.png 300w\" sizes=\"auto, (max-width: 724px) 100vw, 724px\" \/><\/p>\n<p><img loading=\"lazy\" decoding=\"async\" class=\"alignnone size-full wp-image-12336\" src=\"https:\/\/bitsrouter.com\/wp-content\/uploads\/2023\/07\/Snipaste_2023-07-25_01-38-20.png\" alt=\"\" width=\"712\" height=\"845\" srcset=\"https:\/\/bitsrouter.com\/wp-content\/uploads\/2023\/07\/Snipaste_2023-07-25_01-38-20.png 712w, https:\/\/bitsrouter.com\/wp-content\/uploads\/2023\/07\/Snipaste_2023-07-25_01-38-20-500x593.png 500w, https:\/\/bitsrouter.com\/wp-content\/uploads\/2023\/07\/Snipaste_2023-07-25_01-38-20-253x300.png 253w\" sizes=\"auto, (max-width: 712px) 100vw, 712px\" \/><\/p>\n","protected":false},"excerpt":{"rendered":"<p>L&#8217;outil de fixation de rails de guidage \u00e0 plaque de pression pour le travail du bois avec goulotte en forme de T est un outil sp\u00e9cialis\u00e9 et pratique con\u00e7u pour aider les travailleurs du bois \u00e0 fixer solidement les rails de guidage pendant les projets de travail du bois.<\/p>\n<p>Con\u00e7u dans un souci de durabilit\u00e9 et de pr\u00e9cision, cet outil garantit des performances fiables dans l&#8217;atelier. La goulotte en forme de T permet un positionnement facile et pr\u00e9cis du rail de guidage, garantissant qu&#8217;il reste fermement en place pendant les op\u00e9rations de coupe ou de d\u00e9fon\u00e7age.<\/p>\n","protected":false},"featured_media":46521,"template":"","meta":{"om_disable_all_campaigns":false,"_monsterinsights_skip_tracking":false,"_monsterinsights_sitenote_active":false,"_monsterinsights_sitenote_note":"","_monsterinsights_sitenote_category":0},"product_brand":[],"product_cat":[22],"product_tag":[],"class_list":{"0":"post-39101","1":"product","2":"type-product","3":"status-publish","4":"has-post-thumbnail","6":"product_cat-uncategorized","8":"first","9":"instock","10":"shipping-taxable","11":"purchasable","12":"product-type-variable"},"_links":{"self":[{"href":"https:\/\/bitsrouter.com\/fr\/wp-json\/wp\/v2\/product\/39101","targetHints":{"allow":["GET"]}}],"collection":[{"href":"https:\/\/bitsrouter.com\/fr\/wp-json\/wp\/v2\/product"}],"about":[{"href":"https:\/\/bitsrouter.com\/fr\/wp-json\/wp\/v2\/types\/product"}],"wp:featuredmedia":[{"embeddable":true,"href":"https:\/\/bitsrouter.com\/fr\/wp-json\/wp\/v2\/media\/46521"}],"wp:attachment":[{"href":"https:\/\/bitsrouter.com\/fr\/wp-json\/wp\/v2\/media?parent=39101"}],"wp:term":[{"taxonomy":"product_brand","embeddable":true,"href":"https:\/\/bitsrouter.com\/fr\/wp-json\/wp\/v2\/product_brand?post=39101"},{"taxonomy":"product_cat","embeddable":true,"href":"https:\/\/bitsrouter.com\/fr\/wp-json\/wp\/v2\/product_cat?post=39101"},{"taxonomy":"product_tag","embeddable":true,"href":"https:\/\/bitsrouter.com\/fr\/wp-json\/wp\/v2\/product_tag?post=39101"}],"curies":[{"name":"wp","href":"https:\/\/api.w.org\/{rel}","templated":true}]}}