{"id":39072,"date":"2023-07-24T17:22:39","date_gmt":"2023-07-24T17:22:39","guid":{"rendered":"https:\/\/bitsrouter.com\/shop\/tl7393gabarit-de-coupe-a-angle-droit-pour-le-travail-du-bois\/"},"modified":"2023-07-24T17:22:39","modified_gmt":"2023-07-24T17:22:39","slug":"tl7393gabarit-de-coupe-a-angle-droit-pour-le-travail-du-bois","status":"publish","type":"product","link":"https:\/\/bitsrouter.com\/fr\/shop\/tl7393gabarit-de-coupe-a-angle-droit-pour-le-travail-du-bois","title":{"rendered":"(TL7393)Gabarit de coupe \u00e0 angle droit pour le travail du bois"},"content":{"rendered":"<p><img loading=\"lazy\" decoding=\"async\" class=\"alignnone size-full wp-image-12300\" src=\"https:\/\/bitsrouter.com\/wp-content\/uploads\/2023\/07\/O1CN01cn0eiB25YSLPYtweP_3167097538-0-cib.jpg\" alt=\"\" width=\"1000\" height=\"1000\" srcset=\"https:\/\/bitsrouter.com\/wp-content\/uploads\/2023\/07\/O1CN01cn0eiB25YSLPYtweP_3167097538-0-cib.jpg 1000w, https:\/\/bitsrouter.com\/wp-content\/uploads\/2023\/07\/O1CN01cn0eiB25YSLPYtweP_3167097538-0-cib-500x500.jpg 500w, https:\/\/bitsrouter.com\/wp-content\/uploads\/2023\/07\/O1CN01cn0eiB25YSLPYtweP_3167097538-0-cib-100x100.jpg 100w, https:\/\/bitsrouter.com\/wp-content\/uploads\/2023\/07\/O1CN01cn0eiB25YSLPYtweP_3167097538-0-cib-300x300.jpg 300w, https:\/\/bitsrouter.com\/wp-content\/uploads\/2023\/07\/O1CN01cn0eiB25YSLPYtweP_3167097538-0-cib-150x150.jpg 150w, https:\/\/bitsrouter.com\/wp-content\/uploads\/2023\/07\/O1CN01cn0eiB25YSLPYtweP_3167097538-0-cib-768x768.jpg 768w\" sizes=\"auto, (max-width: 1000px) 100vw, 1000px\" \/> <img loading=\"lazy\" decoding=\"async\" class=\"alignnone wp-image-12301\" src=\"https:\/\/bitsrouter.com\/wp-content\/uploads\/2023\/07\/O1CN01g7grhi25YSEmfAZLp_3167097538-0-cib.jpg\" alt=\"\" width=\"999\" height=\"999\" srcset=\"https:\/\/bitsrouter.com\/wp-content\/uploads\/2023\/07\/O1CN01g7grhi25YSEmfAZLp_3167097538-0-cib.jpg 1500w, https:\/\/bitsrouter.com\/wp-content\/uploads\/2023\/07\/O1CN01g7grhi25YSEmfAZLp_3167097538-0-cib-500x500.jpg 500w, https:\/\/bitsrouter.com\/wp-content\/uploads\/2023\/07\/O1CN01g7grhi25YSEmfAZLp_3167097538-0-cib-100x100.jpg 100w, https:\/\/bitsrouter.com\/wp-content\/uploads\/2023\/07\/O1CN01g7grhi25YSEmfAZLp_3167097538-0-cib-300x300.jpg 300w, https:\/\/bitsrouter.com\/wp-content\/uploads\/2023\/07\/O1CN01g7grhi25YSEmfAZLp_3167097538-0-cib-1024x1024.jpg 1024w, https:\/\/bitsrouter.com\/wp-content\/uploads\/2023\/07\/O1CN01g7grhi25YSEmfAZLp_3167097538-0-cib-150x150.jpg 150w, https:\/\/bitsrouter.com\/wp-content\/uploads\/2023\/07\/O1CN01g7grhi25YSEmfAZLp_3167097538-0-cib-768x768.jpg 768w\" sizes=\"auto, (max-width: 999px) 100vw, 999px\" \/> <img loading=\"lazy\" decoding=\"async\" class=\"alignnone wp-image-12302\" src=\"https:\/\/bitsrouter.com\/wp-content\/uploads\/2023\/07\/O1CN01ksi9rD25YSEqkrd3n_3167097538-0-cib.jpg\" alt=\"\" width=\"970\" height=\"970\" srcset=\"https:\/\/bitsrouter.com\/wp-content\/uploads\/2023\/07\/O1CN01ksi9rD25YSEqkrd3n_3167097538-0-cib.jpg 1500w, https:\/\/bitsrouter.com\/wp-content\/uploads\/2023\/07\/O1CN01ksi9rD25YSEqkrd3n_3167097538-0-cib-500x500.jpg 500w, https:\/\/bitsrouter.com\/wp-content\/uploads\/2023\/07\/O1CN01ksi9rD25YSEqkrd3n_3167097538-0-cib-100x100.jpg 100w, https:\/\/bitsrouter.com\/wp-content\/uploads\/2023\/07\/O1CN01ksi9rD25YSEqkrd3n_3167097538-0-cib-300x300.jpg 300w, https:\/\/bitsrouter.com\/wp-content\/uploads\/2023\/07\/O1CN01ksi9rD25YSEqkrd3n_3167097538-0-cib-1024x1024.jpg 1024w, https:\/\/bitsrouter.com\/wp-content\/uploads\/2023\/07\/O1CN01ksi9rD25YSEqkrd3n_3167097538-0-cib-150x150.jpg 150w, https:\/\/bitsrouter.com\/wp-content\/uploads\/2023\/07\/O1CN01ksi9rD25YSEqkrd3n_3167097538-0-cib-768x768.jpg 768w\" sizes=\"auto, (max-width: 970px) 100vw, 970px\" \/> <img loading=\"lazy\" decoding=\"async\" class=\"alignnone wp-image-12303\" src=\"https:\/\/bitsrouter.com\/wp-content\/uploads\/2023\/07\/O1CN01t9YSaJ25YSEo8uSwr_3167097538-0-cib.jpg\" alt=\"\" width=\"992\" height=\"992\" srcset=\"https:\/\/bitsrouter.com\/wp-content\/uploads\/2023\/07\/O1CN01t9YSaJ25YSEo8uSwr_3167097538-0-cib.jpg 1500w, https:\/\/bitsrouter.com\/wp-content\/uploads\/2023\/07\/O1CN01t9YSaJ25YSEo8uSwr_3167097538-0-cib-500x500.jpg 500w, https:\/\/bitsrouter.com\/wp-content\/uploads\/2023\/07\/O1CN01t9YSaJ25YSEo8uSwr_3167097538-0-cib-100x100.jpg 100w, https:\/\/bitsrouter.com\/wp-content\/uploads\/2023\/07\/O1CN01t9YSaJ25YSEo8uSwr_3167097538-0-cib-300x300.jpg 300w, https:\/\/bitsrouter.com\/wp-content\/uploads\/2023\/07\/O1CN01t9YSaJ25YSEo8uSwr_3167097538-0-cib-1024x1024.jpg 1024w, https:\/\/bitsrouter.com\/wp-content\/uploads\/2023\/07\/O1CN01t9YSaJ25YSEo8uSwr_3167097538-0-cib-150x150.jpg 150w, https:\/\/bitsrouter.com\/wp-content\/uploads\/2023\/07\/O1CN01t9YSaJ25YSEo8uSwr_3167097538-0-cib-768x768.jpg 768w\" sizes=\"auto, (max-width: 992px) 100vw, 992px\" \/> <img loading=\"lazy\" decoding=\"async\" class=\"alignnone wp-image-12304\" src=\"https:\/\/bitsrouter.com\/wp-content\/uploads\/2023\/07\/O1CN013on3wc27WHasXacwv_6000000007804-0-tbvideo.jpg\" alt=\"\" width=\"987\" height=\"555\" srcset=\"https:\/\/bitsrouter.com\/wp-content\/uploads\/2023\/07\/O1CN013on3wc27WHasXacwv_6000000007804-0-tbvideo.jpg 1280w, https:\/\/bitsrouter.com\/wp-content\/uploads\/2023\/07\/O1CN013on3wc27WHasXacwv_6000000007804-0-tbvideo-500x281.jpg 500w, https:\/\/bitsrouter.com\/wp-content\/uploads\/2023\/07\/O1CN013on3wc27WHasXacwv_6000000007804-0-tbvideo-300x169.jpg 300w, https:\/\/bitsrouter.com\/wp-content\/uploads\/2023\/07\/O1CN013on3wc27WHasXacwv_6000000007804-0-tbvideo-1024x576.jpg 1024w, https:\/\/bitsrouter.com\/wp-content\/uploads\/2023\/07\/O1CN013on3wc27WHasXacwv_6000000007804-0-tbvideo-768x432.jpg 768w\" sizes=\"auto, (max-width: 987px) 100vw, 987px\" \/> <img loading=\"lazy\" decoding=\"async\" class=\"alignnone wp-image-12305\" src=\"https:\/\/bitsrouter.com\/wp-content\/uploads\/2023\/07\/O1CN017J9RlY25YSEmfCNco_3167097538-0-cib.jpg\" alt=\"\" width=\"960\" height=\"960\" srcset=\"https:\/\/bitsrouter.com\/wp-content\/uploads\/2023\/07\/O1CN017J9RlY25YSEmfCNco_3167097538-0-cib.jpg 1500w, https:\/\/bitsrouter.com\/wp-content\/uploads\/2023\/07\/O1CN017J9RlY25YSEmfCNco_3167097538-0-cib-500x500.jpg 500w, https:\/\/bitsrouter.com\/wp-content\/uploads\/2023\/07\/O1CN017J9RlY25YSEmfCNco_3167097538-0-cib-100x100.jpg 100w, https:\/\/bitsrouter.com\/wp-content\/uploads\/2023\/07\/O1CN017J9RlY25YSEmfCNco_3167097538-0-cib-300x300.jpg 300w, https:\/\/bitsrouter.com\/wp-content\/uploads\/2023\/07\/O1CN017J9RlY25YSEmfCNco_3167097538-0-cib-1024x1024.jpg 1024w, https:\/\/bitsrouter.com\/wp-content\/uploads\/2023\/07\/O1CN017J9RlY25YSEmfCNco_3167097538-0-cib-150x150.jpg 150w, https:\/\/bitsrouter.com\/wp-content\/uploads\/2023\/07\/O1CN017J9RlY25YSEmfCNco_3167097538-0-cib-768x768.jpg 768w\" sizes=\"auto, (max-width: 960px) 100vw, 960px\" \/><\/p>\n","protected":false},"excerpt":{"rendered":"<p>Le gabarit de coupe \u00e0 angle droit pour le travail du bois est un outil sp\u00e9cialis\u00e9 con\u00e7u pour aider les travailleurs du bois \u00e0 r\u00e9aliser des coupes ou des coupes \u00e0 angle droit pr\u00e9cises et exactes dans leurs projets de travail du bois.<\/p>\n<p>Con\u00e7u dans un souci de pr\u00e9cision et de durabilit\u00e9, ce gabarit garantit des performances fiables dans l&#8217;atelier. Il comporte g\u00e9n\u00e9ralement des marques et des lignes directrices claires qui permettent aux menuisiers de positionner et de fixer facilement le gabarit sur la pi\u00e8ce \u00e0 travailler.<\/p>\n","protected":false},"featured_media":46584,"template":"","meta":{"om_disable_all_campaigns":false,"_monsterinsights_skip_tracking":false,"_monsterinsights_sitenote_active":false,"_monsterinsights_sitenote_note":"","_monsterinsights_sitenote_category":0},"product_brand":[],"product_cat":[22],"product_tag":[],"class_list":{"0":"post-39072","1":"product","2":"type-product","3":"status-publish","4":"has-post-thumbnail","6":"product_cat-uncategorized","8":"first","9":"instock","10":"shipping-taxable","11":"purchasable","12":"product-type-variable"},"_links":{"self":[{"href":"https:\/\/bitsrouter.com\/fr\/wp-json\/wp\/v2\/product\/39072","targetHints":{"allow":["GET"]}}],"collection":[{"href":"https:\/\/bitsrouter.com\/fr\/wp-json\/wp\/v2\/product"}],"about":[{"href":"https:\/\/bitsrouter.com\/fr\/wp-json\/wp\/v2\/types\/product"}],"wp:featuredmedia":[{"embeddable":true,"href":"https:\/\/bitsrouter.com\/fr\/wp-json\/wp\/v2\/media\/46584"}],"wp:attachment":[{"href":"https:\/\/bitsrouter.com\/fr\/wp-json\/wp\/v2\/media?parent=39072"}],"wp:term":[{"taxonomy":"product_brand","embeddable":true,"href":"https:\/\/bitsrouter.com\/fr\/wp-json\/wp\/v2\/product_brand?post=39072"},{"taxonomy":"product_cat","embeddable":true,"href":"https:\/\/bitsrouter.com\/fr\/wp-json\/wp\/v2\/product_cat?post=39072"},{"taxonomy":"product_tag","embeddable":true,"href":"https:\/\/bitsrouter.com\/fr\/wp-json\/wp\/v2\/product_tag?post=39072"}],"curies":[{"name":"wp","href":"https:\/\/api.w.org\/{rel}","templated":true}]}}