{"id":39054,"date":"2023-07-25T07:37:56","date_gmt":"2023-07-25T07:37:56","guid":{"rendered":"https:\/\/bitsrouter.com\/shop\/tl271x320-localisateur-de-poinconnage-pour-le-travail-du-bois\/"},"modified":"2023-07-25T07:37:56","modified_gmt":"2023-07-25T07:37:56","slug":"tl271x320-localisateur-de-poinconnage-pour-le-travail-du-bois","status":"publish","type":"product","link":"https:\/\/bitsrouter.com\/fr\/shop\/tl271x320-localisateur-de-poinconnage-pour-le-travail-du-bois","title":{"rendered":"(TL271)X320 localisateur de poin\u00e7onnage pour le travail du bois"},"content":{"rendered":"<p><img loading=\"lazy\" decoding=\"async\" class=\"alignnone size-full wp-image-12346\" src=\"https:\/\/bitsrouter.com\/wp-content\/uploads\/2023\/07\/customized_pic002-7.jpg\" alt=\"\" width=\"800\" height=\"800\" srcset=\"https:\/\/bitsrouter.com\/wp-content\/uploads\/2023\/07\/customized_pic002-7.jpg 800w, https:\/\/bitsrouter.com\/wp-content\/uploads\/2023\/07\/customized_pic002-7-500x500.jpg 500w, https:\/\/bitsrouter.com\/wp-content\/uploads\/2023\/07\/customized_pic002-7-100x100.jpg 100w, https:\/\/bitsrouter.com\/wp-content\/uploads\/2023\/07\/customized_pic002-7-300x300.jpg 300w, https:\/\/bitsrouter.com\/wp-content\/uploads\/2023\/07\/customized_pic002-7-150x150.jpg 150w, https:\/\/bitsrouter.com\/wp-content\/uploads\/2023\/07\/customized_pic002-7-768x768.jpg 768w\" sizes=\"auto, (max-width: 800px) 100vw, 800px\" \/> <img loading=\"lazy\" decoding=\"async\" class=\"alignnone size-full wp-image-12347\" src=\"https:\/\/bitsrouter.com\/wp-content\/uploads\/2023\/07\/customized_pic005-5.jpg\" alt=\"\" width=\"800\" height=\"800\" srcset=\"https:\/\/bitsrouter.com\/wp-content\/uploads\/2023\/07\/customized_pic005-5.jpg 800w, https:\/\/bitsrouter.com\/wp-content\/uploads\/2023\/07\/customized_pic005-5-500x500.jpg 500w, https:\/\/bitsrouter.com\/wp-content\/uploads\/2023\/07\/customized_pic005-5-100x100.jpg 100w, https:\/\/bitsrouter.com\/wp-content\/uploads\/2023\/07\/customized_pic005-5-300x300.jpg 300w, https:\/\/bitsrouter.com\/wp-content\/uploads\/2023\/07\/customized_pic005-5-150x150.jpg 150w, https:\/\/bitsrouter.com\/wp-content\/uploads\/2023\/07\/customized_pic005-5-768x768.jpg 768w\" sizes=\"auto, (max-width: 800px) 100vw, 800px\" \/> <img loading=\"lazy\" decoding=\"async\" class=\"alignnone size-full wp-image-12348\" src=\"https:\/\/bitsrouter.com\/wp-content\/uploads\/2023\/07\/customized_pic007-9.jpg\" alt=\"\" width=\"800\" height=\"800\" srcset=\"https:\/\/bitsrouter.com\/wp-content\/uploads\/2023\/07\/customized_pic007-9.jpg 800w, https:\/\/bitsrouter.com\/wp-content\/uploads\/2023\/07\/customized_pic007-9-500x500.jpg 500w, https:\/\/bitsrouter.com\/wp-content\/uploads\/2023\/07\/customized_pic007-9-100x100.jpg 100w, https:\/\/bitsrouter.com\/wp-content\/uploads\/2023\/07\/customized_pic007-9-300x300.jpg 300w, https:\/\/bitsrouter.com\/wp-content\/uploads\/2023\/07\/customized_pic007-9-150x150.jpg 150w, https:\/\/bitsrouter.com\/wp-content\/uploads\/2023\/07\/customized_pic007-9-768x768.jpg 768w\" sizes=\"auto, (max-width: 800px) 100vw, 800px\" \/> <img loading=\"lazy\" decoding=\"async\" class=\"alignnone size-full wp-image-12349\" src=\"https:\/\/bitsrouter.com\/wp-content\/uploads\/2023\/07\/customized_pic009-11.jpg\" alt=\"\" width=\"800\" height=\"800\" srcset=\"https:\/\/bitsrouter.com\/wp-content\/uploads\/2023\/07\/customized_pic009-11.jpg 800w, https:\/\/bitsrouter.com\/wp-content\/uploads\/2023\/07\/customized_pic009-11-500x500.jpg 500w, https:\/\/bitsrouter.com\/wp-content\/uploads\/2023\/07\/customized_pic009-11-100x100.jpg 100w, https:\/\/bitsrouter.com\/wp-content\/uploads\/2023\/07\/customized_pic009-11-300x300.jpg 300w, https:\/\/bitsrouter.com\/wp-content\/uploads\/2023\/07\/customized_pic009-11-150x150.jpg 150w, https:\/\/bitsrouter.com\/wp-content\/uploads\/2023\/07\/customized_pic009-11-768x768.jpg 768w\" sizes=\"auto, (max-width: 800px) 100vw, 800px\" \/> <img loading=\"lazy\" decoding=\"async\" class=\"alignnone size-full wp-image-12350\" src=\"https:\/\/bitsrouter.com\/wp-content\/uploads\/2023\/07\/customized_pic010-8.jpg\" alt=\"\" width=\"800\" height=\"800\" srcset=\"https:\/\/bitsrouter.com\/wp-content\/uploads\/2023\/07\/customized_pic010-8.jpg 800w, https:\/\/bitsrouter.com\/wp-content\/uploads\/2023\/07\/customized_pic010-8-500x500.jpg 500w, https:\/\/bitsrouter.com\/wp-content\/uploads\/2023\/07\/customized_pic010-8-100x100.jpg 100w, https:\/\/bitsrouter.com\/wp-content\/uploads\/2023\/07\/customized_pic010-8-300x300.jpg 300w, https:\/\/bitsrouter.com\/wp-content\/uploads\/2023\/07\/customized_pic010-8-150x150.jpg 150w, https:\/\/bitsrouter.com\/wp-content\/uploads\/2023\/07\/customized_pic010-8-768x768.jpg 768w\" sizes=\"auto, (max-width: 800px) 100vw, 800px\" \/> <img loading=\"lazy\" decoding=\"async\" class=\"alignnone size-full wp-image-12351\" src=\"https:\/\/bitsrouter.com\/wp-content\/uploads\/2023\/07\/customized_pic012-13.jpg\" alt=\"\" width=\"800\" height=\"800\" srcset=\"https:\/\/bitsrouter.com\/wp-content\/uploads\/2023\/07\/customized_pic012-13.jpg 800w, https:\/\/bitsrouter.com\/wp-content\/uploads\/2023\/07\/customized_pic012-13-500x500.jpg 500w, https:\/\/bitsrouter.com\/wp-content\/uploads\/2023\/07\/customized_pic012-13-100x100.jpg 100w, https:\/\/bitsrouter.com\/wp-content\/uploads\/2023\/07\/customized_pic012-13-300x300.jpg 300w, https:\/\/bitsrouter.com\/wp-content\/uploads\/2023\/07\/customized_pic012-13-150x150.jpg 150w, https:\/\/bitsrouter.com\/wp-content\/uploads\/2023\/07\/customized_pic012-13-768x768.jpg 768w\" sizes=\"auto, (max-width: 800px) 100vw, 800px\" \/> <img loading=\"lazy\" decoding=\"async\" class=\"alignnone size-full wp-image-12352\" src=\"https:\/\/bitsrouter.com\/wp-content\/uploads\/2023\/07\/customized_pic014-14.jpg\" alt=\"\" width=\"800\" height=\"800\" srcset=\"https:\/\/bitsrouter.com\/wp-content\/uploads\/2023\/07\/customized_pic014-14.jpg 800w, https:\/\/bitsrouter.com\/wp-content\/uploads\/2023\/07\/customized_pic014-14-500x500.jpg 500w, https:\/\/bitsrouter.com\/wp-content\/uploads\/2023\/07\/customized_pic014-14-100x100.jpg 100w, https:\/\/bitsrouter.com\/wp-content\/uploads\/2023\/07\/customized_pic014-14-300x300.jpg 300w, https:\/\/bitsrouter.com\/wp-content\/uploads\/2023\/07\/customized_pic014-14-150x150.jpg 150w, https:\/\/bitsrouter.com\/wp-content\/uploads\/2023\/07\/customized_pic014-14-768x768.jpg 768w\" sizes=\"auto, (max-width: 800px) 100vw, 800px\" \/><\/p>\n","protected":false},"excerpt":{"rendered":"<p>Le X320 Woodworking Punching Locator est un outil sp\u00e9cialis\u00e9 et efficace con\u00e7u pour aider les menuisiers \u00e0 percer des trous avec pr\u00e9cision dans divers projets de menuiserie.<\/p>\n<p>Con\u00e7u dans un souci de pr\u00e9cision et de durabilit\u00e9, le localisateur de poin\u00e7onnage X320 garantit des performances fiables dans l&#8217;atelier. Sa conception conviviale permet aux menuisiers de positionner et de fixer facilement le localisateur sur la pi\u00e8ce \u00e0 travailler.<\/p>\n","protected":false},"featured_media":46501,"template":"","meta":{"om_disable_all_campaigns":false,"_monsterinsights_skip_tracking":false,"_monsterinsights_sitenote_active":false,"_monsterinsights_sitenote_note":"","_monsterinsights_sitenote_category":0},"product_brand":[],"product_cat":[],"product_tag":[],"class_list":{"0":"post-39054","1":"product","2":"type-product","3":"status-publish","4":"has-post-thumbnail","7":"first","8":"instock","9":"shipping-taxable","10":"purchasable","11":"product-type-variable"},"_links":{"self":[{"href":"https:\/\/bitsrouter.com\/fr\/wp-json\/wp\/v2\/product\/39054","targetHints":{"allow":["GET"]}}],"collection":[{"href":"https:\/\/bitsrouter.com\/fr\/wp-json\/wp\/v2\/product"}],"about":[{"href":"https:\/\/bitsrouter.com\/fr\/wp-json\/wp\/v2\/types\/product"}],"wp:featuredmedia":[{"embeddable":true,"href":"https:\/\/bitsrouter.com\/fr\/wp-json\/wp\/v2\/media\/46501"}],"wp:attachment":[{"href":"https:\/\/bitsrouter.com\/fr\/wp-json\/wp\/v2\/media?parent=39054"}],"wp:term":[{"taxonomy":"product_brand","embeddable":true,"href":"https:\/\/bitsrouter.com\/fr\/wp-json\/wp\/v2\/product_brand?post=39054"},{"taxonomy":"product_cat","embeddable":true,"href":"https:\/\/bitsrouter.com\/fr\/wp-json\/wp\/v2\/product_cat?post=39054"},{"taxonomy":"product_tag","embeddable":true,"href":"https:\/\/bitsrouter.com\/fr\/wp-json\/wp\/v2\/product_tag?post=39054"}],"curies":[{"name":"wp","href":"https:\/\/api.w.org\/{rel}","templated":true}]}}