{"id":39017,"date":"2023-07-25T08:54:56","date_gmt":"2023-07-25T08:54:56","guid":{"rendered":"https:\/\/bitsrouter.com\/shop\/tc31perforateur-positionneur-de-trous-3-en-1-pour-le-travail-du-bois\/"},"modified":"2023-07-25T08:54:56","modified_gmt":"2023-07-25T08:54:56","slug":"tc31perforateur-positionneur-de-trous-3-en-1-pour-le-travail-du-bois","status":"publish","type":"product","link":"https:\/\/bitsrouter.com\/fr\/shop\/tc31perforateur-positionneur-de-trous-3-en-1-pour-le-travail-du-bois","title":{"rendered":"(TC31)Perforateur positionneur de trous 3 en 1 pour le travail du bois"},"content":{"rendered":"<p><img loading=\"lazy\" decoding=\"async\" class=\"alignnone size-full wp-image-12410\" src=\"https:\/\/bitsrouter.com\/wp-content\/uploads\/2023\/07\/11384358748_1478580503.jpg\" alt=\"\" width=\"800\" height=\"800\" srcset=\"https:\/\/bitsrouter.com\/wp-content\/uploads\/2023\/07\/11384358748_1478580503.jpg 800w, https:\/\/bitsrouter.com\/wp-content\/uploads\/2023\/07\/11384358748_1478580503-500x500.jpg 500w, https:\/\/bitsrouter.com\/wp-content\/uploads\/2023\/07\/11384358748_1478580503-100x100.jpg 100w, https:\/\/bitsrouter.com\/wp-content\/uploads\/2023\/07\/11384358748_1478580503-300x300.jpg 300w, https:\/\/bitsrouter.com\/wp-content\/uploads\/2023\/07\/11384358748_1478580503-150x150.jpg 150w, https:\/\/bitsrouter.com\/wp-content\/uploads\/2023\/07\/11384358748_1478580503-768x768.jpg 768w\" sizes=\"auto, (max-width: 800px) 100vw, 800px\" \/> <img loading=\"lazy\" decoding=\"async\" class=\"alignnone size-full wp-image-12411\" src=\"https:\/\/bitsrouter.com\/wp-content\/uploads\/2023\/07\/11384361738_1478580503.jpg\" alt=\"\" width=\"800\" height=\"800\" srcset=\"https:\/\/bitsrouter.com\/wp-content\/uploads\/2023\/07\/11384361738_1478580503.jpg 800w, https:\/\/bitsrouter.com\/wp-content\/uploads\/2023\/07\/11384361738_1478580503-500x500.jpg 500w, https:\/\/bitsrouter.com\/wp-content\/uploads\/2023\/07\/11384361738_1478580503-100x100.jpg 100w, https:\/\/bitsrouter.com\/wp-content\/uploads\/2023\/07\/11384361738_1478580503-300x300.jpg 300w, https:\/\/bitsrouter.com\/wp-content\/uploads\/2023\/07\/11384361738_1478580503-150x150.jpg 150w, https:\/\/bitsrouter.com\/wp-content\/uploads\/2023\/07\/11384361738_1478580503-768x768.jpg 768w\" sizes=\"auto, (max-width: 800px) 100vw, 800px\" \/> <img loading=\"lazy\" decoding=\"async\" class=\"alignnone size-full wp-image-12412\" src=\"https:\/\/bitsrouter.com\/wp-content\/uploads\/2023\/07\/11384388067_1478580503.jpg\" alt=\"\" width=\"800\" height=\"800\" srcset=\"https:\/\/bitsrouter.com\/wp-content\/uploads\/2023\/07\/11384388067_1478580503.jpg 800w, https:\/\/bitsrouter.com\/wp-content\/uploads\/2023\/07\/11384388067_1478580503-500x500.jpg 500w, https:\/\/bitsrouter.com\/wp-content\/uploads\/2023\/07\/11384388067_1478580503-100x100.jpg 100w, https:\/\/bitsrouter.com\/wp-content\/uploads\/2023\/07\/11384388067_1478580503-300x300.jpg 300w, https:\/\/bitsrouter.com\/wp-content\/uploads\/2023\/07\/11384388067_1478580503-150x150.jpg 150w, https:\/\/bitsrouter.com\/wp-content\/uploads\/2023\/07\/11384388067_1478580503-768x768.jpg 768w\" sizes=\"auto, (max-width: 800px) 100vw, 800px\" \/> <img loading=\"lazy\" decoding=\"async\" class=\"alignnone size-full wp-image-12413\" src=\"https:\/\/bitsrouter.com\/wp-content\/uploads\/2023\/07\/11419249675_1478580503.jpg\" alt=\"\" width=\"800\" height=\"800\" srcset=\"https:\/\/bitsrouter.com\/wp-content\/uploads\/2023\/07\/11419249675_1478580503.jpg 800w, https:\/\/bitsrouter.com\/wp-content\/uploads\/2023\/07\/11419249675_1478580503-500x500.jpg 500w, https:\/\/bitsrouter.com\/wp-content\/uploads\/2023\/07\/11419249675_1478580503-100x100.jpg 100w, https:\/\/bitsrouter.com\/wp-content\/uploads\/2023\/07\/11419249675_1478580503-300x300.jpg 300w, https:\/\/bitsrouter.com\/wp-content\/uploads\/2023\/07\/11419249675_1478580503-150x150.jpg 150w, https:\/\/bitsrouter.com\/wp-content\/uploads\/2023\/07\/11419249675_1478580503-768x768.jpg 768w\" sizes=\"auto, (max-width: 800px) 100vw, 800px\" \/> <img loading=\"lazy\" decoding=\"async\" class=\"alignnone size-full wp-image-12414\" src=\"https:\/\/bitsrouter.com\/wp-content\/uploads\/2023\/07\/11449223518_1478580503.jpg\" alt=\"\" width=\"800\" height=\"800\" srcset=\"https:\/\/bitsrouter.com\/wp-content\/uploads\/2023\/07\/11449223518_1478580503.jpg 800w, https:\/\/bitsrouter.com\/wp-content\/uploads\/2023\/07\/11449223518_1478580503-500x500.jpg 500w, https:\/\/bitsrouter.com\/wp-content\/uploads\/2023\/07\/11449223518_1478580503-100x100.jpg 100w, https:\/\/bitsrouter.com\/wp-content\/uploads\/2023\/07\/11449223518_1478580503-300x300.jpg 300w, https:\/\/bitsrouter.com\/wp-content\/uploads\/2023\/07\/11449223518_1478580503-150x150.jpg 150w, https:\/\/bitsrouter.com\/wp-content\/uploads\/2023\/07\/11449223518_1478580503-768x768.jpg 768w\" sizes=\"auto, (max-width: 800px) 100vw, 800px\" \/> <img loading=\"lazy\" decoding=\"async\" class=\"alignnone size-full wp-image-12415\" src=\"https:\/\/bitsrouter.com\/wp-content\/uploads\/2023\/07\/11449268433_1478580503.jpg\" alt=\"\" width=\"800\" height=\"800\" srcset=\"https:\/\/bitsrouter.com\/wp-content\/uploads\/2023\/07\/11449268433_1478580503.jpg 800w, https:\/\/bitsrouter.com\/wp-content\/uploads\/2023\/07\/11449268433_1478580503-500x500.jpg 500w, https:\/\/bitsrouter.com\/wp-content\/uploads\/2023\/07\/11449268433_1478580503-100x100.jpg 100w, https:\/\/bitsrouter.com\/wp-content\/uploads\/2023\/07\/11449268433_1478580503-300x300.jpg 300w, https:\/\/bitsrouter.com\/wp-content\/uploads\/2023\/07\/11449268433_1478580503-150x150.jpg 150w, https:\/\/bitsrouter.com\/wp-content\/uploads\/2023\/07\/11449268433_1478580503-768x768.jpg 768w\" sizes=\"auto, (max-width: 800px) 100vw, 800px\" \/> <img loading=\"lazy\" decoding=\"async\" class=\"alignnone size-full wp-image-12416\" src=\"https:\/\/bitsrouter.com\/wp-content\/uploads\/2023\/07\/O1CN01rGSf1F25YSLMCQkSy_3167097538-0-cib.jpg\" alt=\"\" width=\"800\" height=\"800\" srcset=\"https:\/\/bitsrouter.com\/wp-content\/uploads\/2023\/07\/O1CN01rGSf1F25YSLMCQkSy_3167097538-0-cib.jpg 800w, https:\/\/bitsrouter.com\/wp-content\/uploads\/2023\/07\/O1CN01rGSf1F25YSLMCQkSy_3167097538-0-cib-500x500.jpg 500w, https:\/\/bitsrouter.com\/wp-content\/uploads\/2023\/07\/O1CN01rGSf1F25YSLMCQkSy_3167097538-0-cib-100x100.jpg 100w, https:\/\/bitsrouter.com\/wp-content\/uploads\/2023\/07\/O1CN01rGSf1F25YSLMCQkSy_3167097538-0-cib-300x300.jpg 300w, https:\/\/bitsrouter.com\/wp-content\/uploads\/2023\/07\/O1CN01rGSf1F25YSLMCQkSy_3167097538-0-cib-150x150.jpg 150w, https:\/\/bitsrouter.com\/wp-content\/uploads\/2023\/07\/O1CN01rGSf1F25YSLMCQkSy_3167097538-0-cib-768x768.jpg 768w\" sizes=\"auto, (max-width: 800px) 100vw, 800px\" \/><\/p>\n","protected":false},"excerpt":{"rendered":"<p>L&#8217;ouvre-trou 3 en 1 pour le travail du bois est un outil polyvalent et multifonctionnel con\u00e7u pour rationaliser les t\u00e2ches de perforation dans les projets de travail du bois. Cet outil innovant combine trois fonctions essentielles, ce qui en fait un compl\u00e9ment pr\u00e9cieux \u00e0 la bo\u00eete \u00e0 outils de tout menuisier.<\/p>\n<p>Con\u00e7u pour durer, le perforateur positionneur de trous 3 en 1 pour le travail du bois garantit des performances fiables dans l&#8217;atelier. Ses trois fonctions comprennent un positionneur de perforation, qui permet de placer facilement des trous pr\u00e9cis, un ouvreur de trous pour percer des trous de diff\u00e9rents diam\u00e8tres, et un localisateur de trous polyvalent pour un positionnement pr\u00e9cis des trous.<\/p>\n","protected":false},"featured_media":46021,"template":"","meta":{"om_disable_all_campaigns":false,"_monsterinsights_skip_tracking":false,"_monsterinsights_sitenote_active":false,"_monsterinsights_sitenote_note":"","_monsterinsights_sitenote_category":0},"product_brand":[],"product_cat":[],"product_tag":[],"class_list":{"0":"post-39017","1":"product","2":"type-product","3":"status-publish","4":"has-post-thumbnail","7":"first","8":"instock","9":"shipping-taxable","10":"purchasable","11":"product-type-variable"},"_links":{"self":[{"href":"https:\/\/bitsrouter.com\/fr\/wp-json\/wp\/v2\/product\/39017","targetHints":{"allow":["GET"]}}],"collection":[{"href":"https:\/\/bitsrouter.com\/fr\/wp-json\/wp\/v2\/product"}],"about":[{"href":"https:\/\/bitsrouter.com\/fr\/wp-json\/wp\/v2\/types\/product"}],"wp:featuredmedia":[{"embeddable":true,"href":"https:\/\/bitsrouter.com\/fr\/wp-json\/wp\/v2\/media\/46021"}],"wp:attachment":[{"href":"https:\/\/bitsrouter.com\/fr\/wp-json\/wp\/v2\/media?parent=39017"}],"wp:term":[{"taxonomy":"product_brand","embeddable":true,"href":"https:\/\/bitsrouter.com\/fr\/wp-json\/wp\/v2\/product_brand?post=39017"},{"taxonomy":"product_cat","embeddable":true,"href":"https:\/\/bitsrouter.com\/fr\/wp-json\/wp\/v2\/product_cat?post=39017"},{"taxonomy":"product_tag","embeddable":true,"href":"https:\/\/bitsrouter.com\/fr\/wp-json\/wp\/v2\/product_tag?post=39017"}],"curies":[{"name":"wp","href":"https:\/\/api.w.org\/{rel}","templated":true}]}}