{"id":39002,"date":"2023-07-26T09:10:25","date_gmt":"2023-07-26T09:10:25","guid":{"rendered":"https:\/\/bitsrouter.com\/shop\/tc5628regle-de-hauteur-en-alliage-daluminium-regle-dangle-droit-a-90-degres\/"},"modified":"2023-07-26T09:10:25","modified_gmt":"2023-07-26T09:10:25","slug":"tc5628regle-de-hauteur-en-alliage-daluminium-regle-dangle-droit-a-90-degres","status":"publish","type":"product","link":"https:\/\/bitsrouter.com\/fr\/shop\/tc5628regle-de-hauteur-en-alliage-daluminium-regle-dangle-droit-a-90-degres","title":{"rendered":"(TC5628)R\u00e8gle de hauteur en alliage d&#8217;aluminium R\u00e8gle d&#8217;angle droit \u00e0 90 degr\u00e9s"},"content":{"rendered":"<p><img loading=\"lazy\" decoding=\"async\" class=\"alignnone size-full wp-image-12482\" src=\"https:\/\/bitsrouter.com\/wp-content\/uploads\/2023\/07\/13895082460_1478580503.jpg\" alt=\"\" width=\"800\" height=\"800\" srcset=\"https:\/\/bitsrouter.com\/wp-content\/uploads\/2023\/07\/13895082460_1478580503.jpg 800w, https:\/\/bitsrouter.com\/wp-content\/uploads\/2023\/07\/13895082460_1478580503-500x500.jpg 500w, https:\/\/bitsrouter.com\/wp-content\/uploads\/2023\/07\/13895082460_1478580503-100x100.jpg 100w, https:\/\/bitsrouter.com\/wp-content\/uploads\/2023\/07\/13895082460_1478580503-300x300.jpg 300w, https:\/\/bitsrouter.com\/wp-content\/uploads\/2023\/07\/13895082460_1478580503-150x150.jpg 150w, https:\/\/bitsrouter.com\/wp-content\/uploads\/2023\/07\/13895082460_1478580503-768x768.jpg 768w\" sizes=\"auto, (max-width: 800px) 100vw, 800px\" \/> <img loading=\"lazy\" decoding=\"async\" class=\"alignnone size-full wp-image-12483\" src=\"https:\/\/bitsrouter.com\/wp-content\/uploads\/2023\/07\/13931659874_1478580503.jpg\" alt=\"\" width=\"800\" height=\"800\" srcset=\"https:\/\/bitsrouter.com\/wp-content\/uploads\/2023\/07\/13931659874_1478580503.jpg 800w, https:\/\/bitsrouter.com\/wp-content\/uploads\/2023\/07\/13931659874_1478580503-500x500.jpg 500w, https:\/\/bitsrouter.com\/wp-content\/uploads\/2023\/07\/13931659874_1478580503-100x100.jpg 100w, https:\/\/bitsrouter.com\/wp-content\/uploads\/2023\/07\/13931659874_1478580503-300x300.jpg 300w, https:\/\/bitsrouter.com\/wp-content\/uploads\/2023\/07\/13931659874_1478580503-150x150.jpg 150w, https:\/\/bitsrouter.com\/wp-content\/uploads\/2023\/07\/13931659874_1478580503-768x768.jpg 768w\" sizes=\"auto, (max-width: 800px) 100vw, 800px\" \/> <img loading=\"lazy\" decoding=\"async\" class=\"alignnone size-full wp-image-12484\" src=\"https:\/\/bitsrouter.com\/wp-content\/uploads\/2023\/07\/13931671721_1478580503.jpg\" alt=\"\" width=\"800\" height=\"800\" srcset=\"https:\/\/bitsrouter.com\/wp-content\/uploads\/2023\/07\/13931671721_1478580503.jpg 800w, https:\/\/bitsrouter.com\/wp-content\/uploads\/2023\/07\/13931671721_1478580503-500x500.jpg 500w, https:\/\/bitsrouter.com\/wp-content\/uploads\/2023\/07\/13931671721_1478580503-100x100.jpg 100w, https:\/\/bitsrouter.com\/wp-content\/uploads\/2023\/07\/13931671721_1478580503-300x300.jpg 300w, https:\/\/bitsrouter.com\/wp-content\/uploads\/2023\/07\/13931671721_1478580503-150x150.jpg 150w, https:\/\/bitsrouter.com\/wp-content\/uploads\/2023\/07\/13931671721_1478580503-768x768.jpg 768w\" sizes=\"auto, (max-width: 800px) 100vw, 800px\" \/> <img loading=\"lazy\" decoding=\"async\" class=\"alignnone size-full wp-image-12485\" src=\"https:\/\/bitsrouter.com\/wp-content\/uploads\/2023\/07\/13931686077_1478580503.jpg\" alt=\"\" width=\"800\" height=\"800\" srcset=\"https:\/\/bitsrouter.com\/wp-content\/uploads\/2023\/07\/13931686077_1478580503.jpg 800w, https:\/\/bitsrouter.com\/wp-content\/uploads\/2023\/07\/13931686077_1478580503-500x500.jpg 500w, https:\/\/bitsrouter.com\/wp-content\/uploads\/2023\/07\/13931686077_1478580503-100x100.jpg 100w, https:\/\/bitsrouter.com\/wp-content\/uploads\/2023\/07\/13931686077_1478580503-300x300.jpg 300w, https:\/\/bitsrouter.com\/wp-content\/uploads\/2023\/07\/13931686077_1478580503-150x150.jpg 150w, https:\/\/bitsrouter.com\/wp-content\/uploads\/2023\/07\/13931686077_1478580503-768x768.jpg 768w\" sizes=\"auto, (max-width: 800px) 100vw, 800px\" \/><\/p>\n","protected":false},"excerpt":{"rendered":"<div>Voici la r\u00e8gle de hauteur en alliage d&#8217;aluminium avec un angle droit de 90 degr\u00e9s ! Cet outil de mesure innovant et pratique est con\u00e7u pour effectuer des mesures de hauteur pr\u00e9cises et des marquages d&#8217;angle droit exacts. Fabriqu\u00e9 \u00e0 partir d&#8217;un alliage d&#8217;aluminium robuste, il garantit la durabilit\u00e9 et la fiabilit\u00e9 dans diverses applications.<\/div>\n<div><\/div>\n<div>Avec ses marquages clairs et son \u00e9chelle facile \u00e0 lire, cette r\u00e8gle de hauteur simplifie les t\u00e2ches de mesure, ce qui la rend id\u00e9ale pour la menuiserie, la construction, les projets de bricolage et bien plus encore. La fonction int\u00e9gr\u00e9e d&#8217;angle droit \u00e0 90 degr\u00e9s ajoute \u00e0 la polyvalence, permettant aux utilisateurs de r\u00e9aliser facilement des angles droits parfaits.<\/div>\n<div><\/div>\n<div>Que vous soyez un professionnel ou un bricoleur, la r\u00e8gle de hauteur en alliage d&#8217;aluminium avec angle droit \u00e0 90 degr\u00e9s est un compl\u00e9ment pr\u00e9cieux \u00e0 votre bo\u00eete \u00e0 outils, offrant pr\u00e9cision et efficacit\u00e9 pour tous vos besoins de mesure de hauteur et d&#8217;angle.<\/div>\n","protected":false},"featured_media":46159,"template":"","meta":{"om_disable_all_campaigns":false,"_monsterinsights_skip_tracking":false,"_monsterinsights_sitenote_active":false,"_monsterinsights_sitenote_note":"","_monsterinsights_sitenote_category":0},"product_brand":[],"product_cat":[22],"product_tag":[],"class_list":{"0":"post-39002","1":"product","2":"type-product","3":"status-publish","4":"has-post-thumbnail","6":"product_cat-uncategorized","8":"first","9":"instock","10":"shipping-taxable","11":"purchasable","12":"product-type-variable"},"_links":{"self":[{"href":"https:\/\/bitsrouter.com\/fr\/wp-json\/wp\/v2\/product\/39002","targetHints":{"allow":["GET"]}}],"collection":[{"href":"https:\/\/bitsrouter.com\/fr\/wp-json\/wp\/v2\/product"}],"about":[{"href":"https:\/\/bitsrouter.com\/fr\/wp-json\/wp\/v2\/types\/product"}],"wp:featuredmedia":[{"embeddable":true,"href":"https:\/\/bitsrouter.com\/fr\/wp-json\/wp\/v2\/media\/46159"}],"wp:attachment":[{"href":"https:\/\/bitsrouter.com\/fr\/wp-json\/wp\/v2\/media?parent=39002"}],"wp:term":[{"taxonomy":"product_brand","embeddable":true,"href":"https:\/\/bitsrouter.com\/fr\/wp-json\/wp\/v2\/product_brand?post=39002"},{"taxonomy":"product_cat","embeddable":true,"href":"https:\/\/bitsrouter.com\/fr\/wp-json\/wp\/v2\/product_cat?post=39002"},{"taxonomy":"product_tag","embeddable":true,"href":"https:\/\/bitsrouter.com\/fr\/wp-json\/wp\/v2\/product_tag?post=39002"}],"curies":[{"name":"wp","href":"https:\/\/api.w.org\/{rel}","templated":true}]}}