{"id":38816,"date":"2023-07-25T09:10:28","date_gmt":"2023-07-25T09:10:28","guid":{"rendered":"https:\/\/bitsrouter.com\/shop\/tc6138xk-r2-perforateur-de-trous-obliques-pour-le-travail-du-bois-localisateur-de-trous-obliques\/"},"modified":"2023-07-25T09:10:28","modified_gmt":"2023-07-25T09:10:28","slug":"tc6138xk-r2-perforateur-de-trous-obliques-pour-le-travail-du-bois-localisateur-de-trous-obliques","status":"publish","type":"product","link":"https:\/\/bitsrouter.com\/fr\/shop\/tc6138xk-r2-perforateur-de-trous-obliques-pour-le-travail-du-bois-localisateur-de-trous-obliques","title":{"rendered":"(TC6138)XK-R2 Perforateur de trous obliques pour le travail du bois Localisateur de trous obliques"},"content":{"rendered":"<p><img loading=\"lazy\" decoding=\"async\" class=\"alignnone size-full wp-image-12420\" src=\"https:\/\/bitsrouter.com\/wp-content\/uploads\/2023\/07\/9635382379_1478580503.jpg\" alt=\"\" width=\"800\" height=\"800\" srcset=\"https:\/\/bitsrouter.com\/wp-content\/uploads\/2023\/07\/9635382379_1478580503.jpg 800w, https:\/\/bitsrouter.com\/wp-content\/uploads\/2023\/07\/9635382379_1478580503-500x500.jpg 500w, https:\/\/bitsrouter.com\/wp-content\/uploads\/2023\/07\/9635382379_1478580503-100x100.jpg 100w, https:\/\/bitsrouter.com\/wp-content\/uploads\/2023\/07\/9635382379_1478580503-300x300.jpg 300w, https:\/\/bitsrouter.com\/wp-content\/uploads\/2023\/07\/9635382379_1478580503-150x150.jpg 150w, https:\/\/bitsrouter.com\/wp-content\/uploads\/2023\/07\/9635382379_1478580503-768x768.jpg 768w\" sizes=\"auto, (max-width: 800px) 100vw, 800px\" \/> <img loading=\"lazy\" decoding=\"async\" class=\"alignnone size-full wp-image-12421\" src=\"https:\/\/bitsrouter.com\/wp-content\/uploads\/2023\/07\/9635400096_1478580503.jpg\" alt=\"\" width=\"800\" height=\"800\" srcset=\"https:\/\/bitsrouter.com\/wp-content\/uploads\/2023\/07\/9635400096_1478580503.jpg 800w, https:\/\/bitsrouter.com\/wp-content\/uploads\/2023\/07\/9635400096_1478580503-500x500.jpg 500w, https:\/\/bitsrouter.com\/wp-content\/uploads\/2023\/07\/9635400096_1478580503-100x100.jpg 100w, https:\/\/bitsrouter.com\/wp-content\/uploads\/2023\/07\/9635400096_1478580503-300x300.jpg 300w, https:\/\/bitsrouter.com\/wp-content\/uploads\/2023\/07\/9635400096_1478580503-150x150.jpg 150w, https:\/\/bitsrouter.com\/wp-content\/uploads\/2023\/07\/9635400096_1478580503-768x768.jpg 768w\" sizes=\"auto, (max-width: 800px) 100vw, 800px\" \/> <img loading=\"lazy\" decoding=\"async\" class=\"alignnone size-full wp-image-12422\" src=\"https:\/\/bitsrouter.com\/wp-content\/uploads\/2023\/07\/9661432077_1478580503.jpg\" alt=\"\" width=\"800\" height=\"800\" srcset=\"https:\/\/bitsrouter.com\/wp-content\/uploads\/2023\/07\/9661432077_1478580503.jpg 800w, https:\/\/bitsrouter.com\/wp-content\/uploads\/2023\/07\/9661432077_1478580503-500x500.jpg 500w, https:\/\/bitsrouter.com\/wp-content\/uploads\/2023\/07\/9661432077_1478580503-100x100.jpg 100w, https:\/\/bitsrouter.com\/wp-content\/uploads\/2023\/07\/9661432077_1478580503-300x300.jpg 300w, https:\/\/bitsrouter.com\/wp-content\/uploads\/2023\/07\/9661432077_1478580503-150x150.jpg 150w, https:\/\/bitsrouter.com\/wp-content\/uploads\/2023\/07\/9661432077_1478580503-768x768.jpg 768w\" sizes=\"auto, (max-width: 800px) 100vw, 800px\" \/> <img loading=\"lazy\" decoding=\"async\" class=\"alignnone size-full wp-image-12423\" src=\"https:\/\/bitsrouter.com\/wp-content\/uploads\/2023\/07\/9661564763_1478580503.jpg\" alt=\"\" width=\"850\" height=\"850\" srcset=\"https:\/\/bitsrouter.com\/wp-content\/uploads\/2023\/07\/9661564763_1478580503.jpg 850w, https:\/\/bitsrouter.com\/wp-content\/uploads\/2023\/07\/9661564763_1478580503-500x500.jpg 500w, https:\/\/bitsrouter.com\/wp-content\/uploads\/2023\/07\/9661564763_1478580503-100x100.jpg 100w, https:\/\/bitsrouter.com\/wp-content\/uploads\/2023\/07\/9661564763_1478580503-300x300.jpg 300w, https:\/\/bitsrouter.com\/wp-content\/uploads\/2023\/07\/9661564763_1478580503-150x150.jpg 150w, https:\/\/bitsrouter.com\/wp-content\/uploads\/2023\/07\/9661564763_1478580503-768x768.jpg 768w\" sizes=\"auto, (max-width: 850px) 100vw, 850px\" \/> <img loading=\"lazy\" decoding=\"async\" class=\"alignnone size-full wp-image-12424\" src=\"https:\/\/bitsrouter.com\/wp-content\/uploads\/2023\/07\/9683363439_1478580503.jpg\" alt=\"\" width=\"800\" height=\"800\" srcset=\"https:\/\/bitsrouter.com\/wp-content\/uploads\/2023\/07\/9683363439_1478580503.jpg 800w, https:\/\/bitsrouter.com\/wp-content\/uploads\/2023\/07\/9683363439_1478580503-500x500.jpg 500w, https:\/\/bitsrouter.com\/wp-content\/uploads\/2023\/07\/9683363439_1478580503-100x100.jpg 100w, https:\/\/bitsrouter.com\/wp-content\/uploads\/2023\/07\/9683363439_1478580503-300x300.jpg 300w, https:\/\/bitsrouter.com\/wp-content\/uploads\/2023\/07\/9683363439_1478580503-150x150.jpg 150w, https:\/\/bitsrouter.com\/wp-content\/uploads\/2023\/07\/9683363439_1478580503-768x768.jpg 768w\" sizes=\"auto, (max-width: 800px) 100vw, 800px\" \/><\/p>\n","protected":false},"excerpt":{"rendered":"<p>Le perforateur et localisateur de trous obliques pour le travail du bois XK-R2 est un outil sp\u00e9cialis\u00e9 et efficace con\u00e7u pour les projets de travail du bois qui n\u00e9cessitent le per\u00e7age de trous pr\u00e9cis et obliques. Ce combo perforateur et localisateur est con\u00e7u pour simplifier le processus de cr\u00e9ation de trous obliques avec pr\u00e9cision et facilit\u00e9.<\/p>\n<p>Fabriqu\u00e9 avec des mat\u00e9riaux de qualit\u00e9, le perforateur et localisateur de trous obliques pour le travail du bois XK-R2 garantit durabilit\u00e9 et fiabilit\u00e9 dans l&#8217;atelier. Le perforateur permet aux menuisiers de percer des trous obliques \u00e0 l&#8217;angle d\u00e9sir\u00e9, tandis que le localisateur aide \u00e0 positionner les trous avec pr\u00e9cision sur la pi\u00e8ce.<\/p>\n","protected":false},"featured_media":46220,"template":"","meta":{"om_disable_all_campaigns":false,"_monsterinsights_skip_tracking":false,"_monsterinsights_sitenote_active":false,"_monsterinsights_sitenote_note":"","_monsterinsights_sitenote_category":0},"product_brand":[],"product_cat":[],"product_tag":[],"class_list":{"0":"post-38816","1":"product","2":"type-product","3":"status-publish","4":"has-post-thumbnail","7":"first","8":"instock","9":"shipping-taxable","10":"purchasable","11":"product-type-variable"},"_links":{"self":[{"href":"https:\/\/bitsrouter.com\/fr\/wp-json\/wp\/v2\/product\/38816","targetHints":{"allow":["GET"]}}],"collection":[{"href":"https:\/\/bitsrouter.com\/fr\/wp-json\/wp\/v2\/product"}],"about":[{"href":"https:\/\/bitsrouter.com\/fr\/wp-json\/wp\/v2\/types\/product"}],"wp:featuredmedia":[{"embeddable":true,"href":"https:\/\/bitsrouter.com\/fr\/wp-json\/wp\/v2\/media\/46220"}],"wp:attachment":[{"href":"https:\/\/bitsrouter.com\/fr\/wp-json\/wp\/v2\/media?parent=38816"}],"wp:term":[{"taxonomy":"product_brand","embeddable":true,"href":"https:\/\/bitsrouter.com\/fr\/wp-json\/wp\/v2\/product_brand?post=38816"},{"taxonomy":"product_cat","embeddable":true,"href":"https:\/\/bitsrouter.com\/fr\/wp-json\/wp\/v2\/product_cat?post=38816"},{"taxonomy":"product_tag","embeddable":true,"href":"https:\/\/bitsrouter.com\/fr\/wp-json\/wp\/v2\/product_tag?post=38816"}],"curies":[{"name":"wp","href":"https:\/\/api.w.org\/{rel}","templated":true}]}}