{"id":38674,"date":"2023-07-31T14:57:53","date_gmt":"2023-07-31T14:57:53","guid":{"rendered":"https:\/\/bitsrouter.com\/shop\/tc148745-regle-carree-a-90-degres-tracage-direct\/"},"modified":"2023-07-31T14:57:53","modified_gmt":"2023-07-31T14:57:53","slug":"tc148745-regle-carree-a-90-degres-tracage-direct","status":"publish","type":"product","link":"https:\/\/bitsrouter.com\/fr\/shop\/tc148745-regle-carree-a-90-degres-tracage-direct","title":{"rendered":"(TC1487)45 R\u00e8gle carr\u00e9e \u00e0 90 degr\u00e9s, tra\u00e7age direct"},"content":{"rendered":"<p><a href=\"https:\/\/bitsrouter.com\/wp-content\/uploads\/2023\/07\/wc-product-export-up536-13.csv\">wc-product-export-up536<\/a> <img loading=\"lazy\" decoding=\"async\" class=\"alignnone size-full wp-image-12578\" src=\"https:\/\/bitsrouter.com\/wp-content\/uploads\/2023\/07\/12010509998_1478580503.jpg\" alt=\"\" width=\"800\" height=\"800\" srcset=\"https:\/\/bitsrouter.com\/wp-content\/uploads\/2023\/07\/12010509998_1478580503.jpg 800w, https:\/\/bitsrouter.com\/wp-content\/uploads\/2023\/07\/12010509998_1478580503-300x300.jpg 300w, https:\/\/bitsrouter.com\/wp-content\/uploads\/2023\/07\/12010509998_1478580503-150x150.jpg 150w, https:\/\/bitsrouter.com\/wp-content\/uploads\/2023\/07\/12010509998_1478580503-768x768.jpg 768w, https:\/\/bitsrouter.com\/wp-content\/uploads\/2023\/07\/12010509998_1478580503-500x500.jpg 500w, https:\/\/bitsrouter.com\/wp-content\/uploads\/2023\/07\/12010509998_1478580503-100x100.jpg 100w\" sizes=\"auto, (max-width: 800px) 100vw, 800px\" \/> <img loading=\"lazy\" decoding=\"async\" class=\"alignnone size-full wp-image-12579\" src=\"https:\/\/bitsrouter.com\/wp-content\/uploads\/2023\/07\/12046819463_1478580503.jpg\" alt=\"\" width=\"800\" height=\"800\" srcset=\"https:\/\/bitsrouter.com\/wp-content\/uploads\/2023\/07\/12046819463_1478580503.jpg 800w, https:\/\/bitsrouter.com\/wp-content\/uploads\/2023\/07\/12046819463_1478580503-300x300.jpg 300w, https:\/\/bitsrouter.com\/wp-content\/uploads\/2023\/07\/12046819463_1478580503-150x150.jpg 150w, https:\/\/bitsrouter.com\/wp-content\/uploads\/2023\/07\/12046819463_1478580503-768x768.jpg 768w, https:\/\/bitsrouter.com\/wp-content\/uploads\/2023\/07\/12046819463_1478580503-500x500.jpg 500w, https:\/\/bitsrouter.com\/wp-content\/uploads\/2023\/07\/12046819463_1478580503-100x100.jpg 100w\" sizes=\"auto, (max-width: 800px) 100vw, 800px\" \/> <img loading=\"lazy\" decoding=\"async\" class=\"alignnone size-full wp-image-12580\" src=\"https:\/\/bitsrouter.com\/wp-content\/uploads\/2023\/07\/12046831199_1478580503.jpg\" alt=\"\" width=\"800\" height=\"800\" srcset=\"https:\/\/bitsrouter.com\/wp-content\/uploads\/2023\/07\/12046831199_1478580503.jpg 800w, https:\/\/bitsrouter.com\/wp-content\/uploads\/2023\/07\/12046831199_1478580503-300x300.jpg 300w, https:\/\/bitsrouter.com\/wp-content\/uploads\/2023\/07\/12046831199_1478580503-150x150.jpg 150w, https:\/\/bitsrouter.com\/wp-content\/uploads\/2023\/07\/12046831199_1478580503-768x768.jpg 768w, https:\/\/bitsrouter.com\/wp-content\/uploads\/2023\/07\/12046831199_1478580503-500x500.jpg 500w, https:\/\/bitsrouter.com\/wp-content\/uploads\/2023\/07\/12046831199_1478580503-100x100.jpg 100w\" sizes=\"auto, (max-width: 800px) 100vw, 800px\" \/> <img loading=\"lazy\" decoding=\"async\" class=\"alignnone size-full wp-image-12581\" src=\"https:\/\/bitsrouter.com\/wp-content\/uploads\/2023\/07\/15466438284_1478580503.jpg\" alt=\"\" width=\"800\" height=\"800\" srcset=\"https:\/\/bitsrouter.com\/wp-content\/uploads\/2023\/07\/15466438284_1478580503.jpg 800w, https:\/\/bitsrouter.com\/wp-content\/uploads\/2023\/07\/15466438284_1478580503-300x300.jpg 300w, https:\/\/bitsrouter.com\/wp-content\/uploads\/2023\/07\/15466438284_1478580503-150x150.jpg 150w, https:\/\/bitsrouter.com\/wp-content\/uploads\/2023\/07\/15466438284_1478580503-768x768.jpg 768w, https:\/\/bitsrouter.com\/wp-content\/uploads\/2023\/07\/15466438284_1478580503-500x500.jpg 500w, https:\/\/bitsrouter.com\/wp-content\/uploads\/2023\/07\/15466438284_1478580503-100x100.jpg 100w\" sizes=\"auto, (max-width: 800px) 100vw, 800px\" \/> <img loading=\"lazy\" decoding=\"async\" class=\"alignnone size-full wp-image-12582\" src=\"https:\/\/bitsrouter.com\/wp-content\/uploads\/2023\/07\/15466447038_1478580503.jpg\" alt=\"\" width=\"800\" height=\"800\" srcset=\"https:\/\/bitsrouter.com\/wp-content\/uploads\/2023\/07\/15466447038_1478580503.jpg 800w, https:\/\/bitsrouter.com\/wp-content\/uploads\/2023\/07\/15466447038_1478580503-300x300.jpg 300w, https:\/\/bitsrouter.com\/wp-content\/uploads\/2023\/07\/15466447038_1478580503-150x150.jpg 150w, https:\/\/bitsrouter.com\/wp-content\/uploads\/2023\/07\/15466447038_1478580503-768x768.jpg 768w, https:\/\/bitsrouter.com\/wp-content\/uploads\/2023\/07\/15466447038_1478580503-500x500.jpg 500w, https:\/\/bitsrouter.com\/wp-content\/uploads\/2023\/07\/15466447038_1478580503-100x100.jpg 100w\" sizes=\"auto, (max-width: 800px) 100vw, 800px\" \/><\/p>\n","protected":false},"excerpt":{"rendered":"<p>wc-product-export-up536<\/p>\n","protected":false},"featured_media":45889,"template":"","meta":{"om_disable_all_campaigns":false,"_monsterinsights_skip_tracking":false,"_monsterinsights_sitenote_active":false,"_monsterinsights_sitenote_note":"","_monsterinsights_sitenote_category":0},"product_brand":[],"product_cat":[22],"product_tag":[],"class_list":{"0":"post-38674","1":"product","2":"type-product","3":"status-publish","4":"has-post-thumbnail","6":"product_cat-uncategorized","8":"first","9":"instock","10":"shipping-taxable","11":"purchasable","12":"product-type-variable"},"_links":{"self":[{"href":"https:\/\/bitsrouter.com\/fr\/wp-json\/wp\/v2\/product\/38674","targetHints":{"allow":["GET"]}}],"collection":[{"href":"https:\/\/bitsrouter.com\/fr\/wp-json\/wp\/v2\/product"}],"about":[{"href":"https:\/\/bitsrouter.com\/fr\/wp-json\/wp\/v2\/types\/product"}],"wp:featuredmedia":[{"embeddable":true,"href":"https:\/\/bitsrouter.com\/fr\/wp-json\/wp\/v2\/media\/45889"}],"wp:attachment":[{"href":"https:\/\/bitsrouter.com\/fr\/wp-json\/wp\/v2\/media?parent=38674"}],"wp:term":[{"taxonomy":"product_brand","embeddable":true,"href":"https:\/\/bitsrouter.com\/fr\/wp-json\/wp\/v2\/product_brand?post=38674"},{"taxonomy":"product_cat","embeddable":true,"href":"https:\/\/bitsrouter.com\/fr\/wp-json\/wp\/v2\/product_cat?post=38674"},{"taxonomy":"product_tag","embeddable":true,"href":"https:\/\/bitsrouter.com\/fr\/wp-json\/wp\/v2\/product_tag?post=38674"}],"curies":[{"name":"wp","href":"https:\/\/api.w.org\/{rel}","templated":true}]}}