{"id":38344,"date":"2023-08-02T15:46:02","date_gmt":"2023-08-02T15:46:02","guid":{"rendered":"https:\/\/bitsrouter.com\/shop\/tc849poignee-de-table-a-pousser-dediee-au-travail-du-bois\/"},"modified":"2023-08-02T15:46:02","modified_gmt":"2023-08-02T15:46:02","slug":"tc849poignee-de-table-a-pousser-dediee-au-travail-du-bois","status":"publish","type":"product","link":"https:\/\/bitsrouter.com\/fr\/shop\/tc849poignee-de-table-a-pousser-dediee-au-travail-du-bois","title":{"rendered":"(TC849)Poign\u00e9e de table \u00e0 pousser d\u00e9di\u00e9e au travail du bois"},"content":{"rendered":"<p><img loading=\"lazy\" decoding=\"async\" class=\"alignnone size-full wp-image-12693\" src=\"https:\/\/bitsrouter.com\/wp-content\/uploads\/2023\/08\/10975238967_1478580503.jpg\" alt=\"\" width=\"800\" height=\"800\" srcset=\"https:\/\/bitsrouter.com\/wp-content\/uploads\/2023\/08\/10975238967_1478580503.jpg 800w, https:\/\/bitsrouter.com\/wp-content\/uploads\/2023\/08\/10975238967_1478580503-300x300.jpg 300w, https:\/\/bitsrouter.com\/wp-content\/uploads\/2023\/08\/10975238967_1478580503-150x150.jpg 150w, https:\/\/bitsrouter.com\/wp-content\/uploads\/2023\/08\/10975238967_1478580503-768x768.jpg 768w, https:\/\/bitsrouter.com\/wp-content\/uploads\/2023\/08\/10975238967_1478580503-500x500.jpg 500w, https:\/\/bitsrouter.com\/wp-content\/uploads\/2023\/08\/10975238967_1478580503-100x100.jpg 100w\" sizes=\"auto, (max-width: 800px) 100vw, 800px\" \/> <img loading=\"lazy\" decoding=\"async\" class=\"alignnone size-full wp-image-12694\" src=\"https:\/\/bitsrouter.com\/wp-content\/uploads\/2023\/08\/16303075642_1478580503.jpg\" alt=\"\" width=\"800\" height=\"800\" srcset=\"https:\/\/bitsrouter.com\/wp-content\/uploads\/2023\/08\/16303075642_1478580503.jpg 800w, https:\/\/bitsrouter.com\/wp-content\/uploads\/2023\/08\/16303075642_1478580503-300x300.jpg 300w, https:\/\/bitsrouter.com\/wp-content\/uploads\/2023\/08\/16303075642_1478580503-150x150.jpg 150w, https:\/\/bitsrouter.com\/wp-content\/uploads\/2023\/08\/16303075642_1478580503-768x768.jpg 768w, https:\/\/bitsrouter.com\/wp-content\/uploads\/2023\/08\/16303075642_1478580503-500x500.jpg 500w, https:\/\/bitsrouter.com\/wp-content\/uploads\/2023\/08\/16303075642_1478580503-100x100.jpg 100w\" sizes=\"auto, (max-width: 800px) 100vw, 800px\" \/> <img loading=\"lazy\" decoding=\"async\" class=\"alignnone size-full wp-image-12695\" src=\"https:\/\/bitsrouter.com\/wp-content\/uploads\/2023\/08\/16303087459_1478580503.jpg\" alt=\"\" width=\"800\" height=\"800\" srcset=\"https:\/\/bitsrouter.com\/wp-content\/uploads\/2023\/08\/16303087459_1478580503.jpg 800w, https:\/\/bitsrouter.com\/wp-content\/uploads\/2023\/08\/16303087459_1478580503-300x300.jpg 300w, https:\/\/bitsrouter.com\/wp-content\/uploads\/2023\/08\/16303087459_1478580503-150x150.jpg 150w, https:\/\/bitsrouter.com\/wp-content\/uploads\/2023\/08\/16303087459_1478580503-768x768.jpg 768w, https:\/\/bitsrouter.com\/wp-content\/uploads\/2023\/08\/16303087459_1478580503-500x500.jpg 500w, https:\/\/bitsrouter.com\/wp-content\/uploads\/2023\/08\/16303087459_1478580503-100x100.jpg 100w\" sizes=\"auto, (max-width: 800px) 100vw, 800px\" \/> <img loading=\"lazy\" decoding=\"async\" class=\"alignnone size-full wp-image-12696\" src=\"https:\/\/bitsrouter.com\/wp-content\/uploads\/2023\/08\/16369271833_1478580503.jpg\" alt=\"\" width=\"800\" height=\"800\" srcset=\"https:\/\/bitsrouter.com\/wp-content\/uploads\/2023\/08\/16369271833_1478580503.jpg 800w, https:\/\/bitsrouter.com\/wp-content\/uploads\/2023\/08\/16369271833_1478580503-300x300.jpg 300w, https:\/\/bitsrouter.com\/wp-content\/uploads\/2023\/08\/16369271833_1478580503-150x150.jpg 150w, https:\/\/bitsrouter.com\/wp-content\/uploads\/2023\/08\/16369271833_1478580503-768x768.jpg 768w, https:\/\/bitsrouter.com\/wp-content\/uploads\/2023\/08\/16369271833_1478580503-500x500.jpg 500w, https:\/\/bitsrouter.com\/wp-content\/uploads\/2023\/08\/16369271833_1478580503-100x100.jpg 100w\" sizes=\"auto, (max-width: 800px) 100vw, 800px\" \/> <img loading=\"lazy\" decoding=\"async\" class=\"alignnone size-full wp-image-12697\" src=\"https:\/\/bitsrouter.com\/wp-content\/uploads\/2023\/08\/16369274992_1478580503.jpg\" alt=\"\" width=\"800\" height=\"800\" srcset=\"https:\/\/bitsrouter.com\/wp-content\/uploads\/2023\/08\/16369274992_1478580503.jpg 800w, https:\/\/bitsrouter.com\/wp-content\/uploads\/2023\/08\/16369274992_1478580503-300x300.jpg 300w, https:\/\/bitsrouter.com\/wp-content\/uploads\/2023\/08\/16369274992_1478580503-150x150.jpg 150w, https:\/\/bitsrouter.com\/wp-content\/uploads\/2023\/08\/16369274992_1478580503-768x768.jpg 768w, https:\/\/bitsrouter.com\/wp-content\/uploads\/2023\/08\/16369274992_1478580503-500x500.jpg 500w, https:\/\/bitsrouter.com\/wp-content\/uploads\/2023\/08\/16369274992_1478580503-100x100.jpg 100w\" sizes=\"auto, (max-width: 800px) 100vw, 800px\" \/> <img loading=\"lazy\" decoding=\"async\" class=\"alignnone size-full wp-image-12698\" src=\"https:\/\/bitsrouter.com\/wp-content\/uploads\/2023\/08\/16369280999_1478580503.jpg\" alt=\"\" width=\"800\" height=\"800\" srcset=\"https:\/\/bitsrouter.com\/wp-content\/uploads\/2023\/08\/16369280999_1478580503.jpg 800w, https:\/\/bitsrouter.com\/wp-content\/uploads\/2023\/08\/16369280999_1478580503-300x300.jpg 300w, https:\/\/bitsrouter.com\/wp-content\/uploads\/2023\/08\/16369280999_1478580503-150x150.jpg 150w, https:\/\/bitsrouter.com\/wp-content\/uploads\/2023\/08\/16369280999_1478580503-768x768.jpg 768w, https:\/\/bitsrouter.com\/wp-content\/uploads\/2023\/08\/16369280999_1478580503-500x500.jpg 500w, https:\/\/bitsrouter.com\/wp-content\/uploads\/2023\/08\/16369280999_1478580503-100x100.jpg 100w\" sizes=\"auto, (max-width: 800px) 100vw, 800px\" \/><\/p>\n","protected":false},"excerpt":{"rendered":"","protected":false},"featured_media":46344,"template":"","meta":{"om_disable_all_campaigns":false,"_monsterinsights_skip_tracking":false,"_monsterinsights_sitenote_active":false,"_monsterinsights_sitenote_note":"","_monsterinsights_sitenote_category":0},"product_brand":[],"product_cat":[22],"product_tag":[],"class_list":{"0":"post-38344","1":"product","2":"type-product","3":"status-publish","4":"has-post-thumbnail","6":"product_cat-uncategorized","8":"first","9":"instock","10":"shipping-taxable","11":"purchasable","12":"product-type-variable"},"_links":{"self":[{"href":"https:\/\/bitsrouter.com\/fr\/wp-json\/wp\/v2\/product\/38344","targetHints":{"allow":["GET"]}}],"collection":[{"href":"https:\/\/bitsrouter.com\/fr\/wp-json\/wp\/v2\/product"}],"about":[{"href":"https:\/\/bitsrouter.com\/fr\/wp-json\/wp\/v2\/types\/product"}],"wp:featuredmedia":[{"embeddable":true,"href":"https:\/\/bitsrouter.com\/fr\/wp-json\/wp\/v2\/media\/46344"}],"wp:attachment":[{"href":"https:\/\/bitsrouter.com\/fr\/wp-json\/wp\/v2\/media?parent=38344"}],"wp:term":[{"taxonomy":"product_brand","embeddable":true,"href":"https:\/\/bitsrouter.com\/fr\/wp-json\/wp\/v2\/product_brand?post=38344"},{"taxonomy":"product_cat","embeddable":true,"href":"https:\/\/bitsrouter.com\/fr\/wp-json\/wp\/v2\/product_cat?post=38344"},{"taxonomy":"product_tag","embeddable":true,"href":"https:\/\/bitsrouter.com\/fr\/wp-json\/wp\/v2\/product_tag?post=38344"}],"curies":[{"name":"wp","href":"https:\/\/api.w.org\/{rel}","templated":true}]}}