{"id":38335,"date":"2023-08-04T06:57:53","date_gmt":"2023-08-04T06:57:53","guid":{"rendered":"https:\/\/bitsrouter.com\/shop\/tc5722regle-a-angle-droit-pour-le-travail-du-bois-bloc-de-positionnement-a-90\/"},"modified":"2023-08-04T06:57:53","modified_gmt":"2023-08-04T06:57:53","slug":"tc5722regle-a-angle-droit-pour-le-travail-du-bois-bloc-de-positionnement-a-90","status":"publish","type":"product","link":"https:\/\/bitsrouter.com\/fr\/shop\/tc5722regle-a-angle-droit-pour-le-travail-du-bois-bloc-de-positionnement-a-90","title":{"rendered":"(TC5722)R\u00e8gle \u00e0 angle droit pour le travail du bois Bloc de positionnement \u00e0 90"},"content":{"rendered":"<p><img loading=\"lazy\" decoding=\"async\" class=\"alignnone size-full wp-image-12722\" src=\"https:\/\/bitsrouter.com\/wp-content\/uploads\/2023\/08\/O1CN01azn3v225YSDjtU2ff_3167097538-0-cib.jpg\" alt=\"\" width=\"800\" height=\"800\" srcset=\"https:\/\/bitsrouter.com\/wp-content\/uploads\/2023\/08\/O1CN01azn3v225YSDjtU2ff_3167097538-0-cib.jpg 800w, https:\/\/bitsrouter.com\/wp-content\/uploads\/2023\/08\/O1CN01azn3v225YSDjtU2ff_3167097538-0-cib-300x300.jpg 300w, https:\/\/bitsrouter.com\/wp-content\/uploads\/2023\/08\/O1CN01azn3v225YSDjtU2ff_3167097538-0-cib-150x150.jpg 150w, https:\/\/bitsrouter.com\/wp-content\/uploads\/2023\/08\/O1CN01azn3v225YSDjtU2ff_3167097538-0-cib-768x768.jpg 768w, https:\/\/bitsrouter.com\/wp-content\/uploads\/2023\/08\/O1CN01azn3v225YSDjtU2ff_3167097538-0-cib-500x500.jpg 500w, https:\/\/bitsrouter.com\/wp-content\/uploads\/2023\/08\/O1CN01azn3v225YSDjtU2ff_3167097538-0-cib-100x100.jpg 100w\" sizes=\"auto, (max-width: 800px) 100vw, 800px\" \/> <img loading=\"lazy\" decoding=\"async\" class=\"alignnone size-full wp-image-12723\" src=\"https:\/\/bitsrouter.com\/wp-content\/uploads\/2023\/08\/O1CN01bsTTYn25YSDiCbs2v_3167097538-0-cib.jpg\" alt=\"\" width=\"800\" height=\"800\" srcset=\"https:\/\/bitsrouter.com\/wp-content\/uploads\/2023\/08\/O1CN01bsTTYn25YSDiCbs2v_3167097538-0-cib.jpg 800w, https:\/\/bitsrouter.com\/wp-content\/uploads\/2023\/08\/O1CN01bsTTYn25YSDiCbs2v_3167097538-0-cib-300x300.jpg 300w, https:\/\/bitsrouter.com\/wp-content\/uploads\/2023\/08\/O1CN01bsTTYn25YSDiCbs2v_3167097538-0-cib-150x150.jpg 150w, https:\/\/bitsrouter.com\/wp-content\/uploads\/2023\/08\/O1CN01bsTTYn25YSDiCbs2v_3167097538-0-cib-768x768.jpg 768w, https:\/\/bitsrouter.com\/wp-content\/uploads\/2023\/08\/O1CN01bsTTYn25YSDiCbs2v_3167097538-0-cib-500x500.jpg 500w, https:\/\/bitsrouter.com\/wp-content\/uploads\/2023\/08\/O1CN01bsTTYn25YSDiCbs2v_3167097538-0-cib-100x100.jpg 100w\" sizes=\"auto, (max-width: 800px) 100vw, 800px\" \/> <img loading=\"lazy\" decoding=\"async\" class=\"alignnone size-full wp-image-12724\" src=\"https:\/\/bitsrouter.com\/wp-content\/uploads\/2023\/08\/O1CN01ClcUmA25YSDe5LIBR_3167097538-0-cib.jpg\" alt=\"\" width=\"800\" height=\"800\" srcset=\"https:\/\/bitsrouter.com\/wp-content\/uploads\/2023\/08\/O1CN01ClcUmA25YSDe5LIBR_3167097538-0-cib.jpg 800w, https:\/\/bitsrouter.com\/wp-content\/uploads\/2023\/08\/O1CN01ClcUmA25YSDe5LIBR_3167097538-0-cib-300x300.jpg 300w, https:\/\/bitsrouter.com\/wp-content\/uploads\/2023\/08\/O1CN01ClcUmA25YSDe5LIBR_3167097538-0-cib-150x150.jpg 150w, https:\/\/bitsrouter.com\/wp-content\/uploads\/2023\/08\/O1CN01ClcUmA25YSDe5LIBR_3167097538-0-cib-768x768.jpg 768w, https:\/\/bitsrouter.com\/wp-content\/uploads\/2023\/08\/O1CN01ClcUmA25YSDe5LIBR_3167097538-0-cib-500x500.jpg 500w, https:\/\/bitsrouter.com\/wp-content\/uploads\/2023\/08\/O1CN01ClcUmA25YSDe5LIBR_3167097538-0-cib-100x100.jpg 100w\" sizes=\"auto, (max-width: 800px) 100vw, 800px\" \/> <img loading=\"lazy\" decoding=\"async\" class=\"alignnone size-full wp-image-12725\" src=\"https:\/\/bitsrouter.com\/wp-content\/uploads\/2023\/08\/O1CN01Ev4Ot825YSDeFk0fU_3167097538-0-cib.jpg\" alt=\"\" width=\"800\" height=\"800\" srcset=\"https:\/\/bitsrouter.com\/wp-content\/uploads\/2023\/08\/O1CN01Ev4Ot825YSDeFk0fU_3167097538-0-cib.jpg 800w, https:\/\/bitsrouter.com\/wp-content\/uploads\/2023\/08\/O1CN01Ev4Ot825YSDeFk0fU_3167097538-0-cib-300x300.jpg 300w, https:\/\/bitsrouter.com\/wp-content\/uploads\/2023\/08\/O1CN01Ev4Ot825YSDeFk0fU_3167097538-0-cib-150x150.jpg 150w, https:\/\/bitsrouter.com\/wp-content\/uploads\/2023\/08\/O1CN01Ev4Ot825YSDeFk0fU_3167097538-0-cib-768x768.jpg 768w, https:\/\/bitsrouter.com\/wp-content\/uploads\/2023\/08\/O1CN01Ev4Ot825YSDeFk0fU_3167097538-0-cib-500x500.jpg 500w, https:\/\/bitsrouter.com\/wp-content\/uploads\/2023\/08\/O1CN01Ev4Ot825YSDeFk0fU_3167097538-0-cib-100x100.jpg 100w\" sizes=\"auto, (max-width: 800px) 100vw, 800px\" \/> <img loading=\"lazy\" decoding=\"async\" class=\"alignnone size-full wp-image-12726\" src=\"https:\/\/bitsrouter.com\/wp-content\/uploads\/2023\/08\/O1CN01f8du7825YSDXdGFGU_3167097538-0-cib.jpg\" alt=\"\" width=\"800\" height=\"800\" srcset=\"https:\/\/bitsrouter.com\/wp-content\/uploads\/2023\/08\/O1CN01f8du7825YSDXdGFGU_3167097538-0-cib.jpg 800w, https:\/\/bitsrouter.com\/wp-content\/uploads\/2023\/08\/O1CN01f8du7825YSDXdGFGU_3167097538-0-cib-300x300.jpg 300w, https:\/\/bitsrouter.com\/wp-content\/uploads\/2023\/08\/O1CN01f8du7825YSDXdGFGU_3167097538-0-cib-150x150.jpg 150w, https:\/\/bitsrouter.com\/wp-content\/uploads\/2023\/08\/O1CN01f8du7825YSDXdGFGU_3167097538-0-cib-768x768.jpg 768w, https:\/\/bitsrouter.com\/wp-content\/uploads\/2023\/08\/O1CN01f8du7825YSDXdGFGU_3167097538-0-cib-500x500.jpg 500w, https:\/\/bitsrouter.com\/wp-content\/uploads\/2023\/08\/O1CN01f8du7825YSDXdGFGU_3167097538-0-cib-100x100.jpg 100w\" sizes=\"auto, (max-width: 800px) 100vw, 800px\" \/> <img loading=\"lazy\" decoding=\"async\" class=\"alignnone size-full wp-image-12727\" src=\"https:\/\/bitsrouter.com\/wp-content\/uploads\/2023\/08\/O1CN01MRSUdj25YSDfVMkPP_3167097538-0-cib.jpg\" alt=\"\" width=\"800\" height=\"800\" srcset=\"https:\/\/bitsrouter.com\/wp-content\/uploads\/2023\/08\/O1CN01MRSUdj25YSDfVMkPP_3167097538-0-cib.jpg 800w, https:\/\/bitsrouter.com\/wp-content\/uploads\/2023\/08\/O1CN01MRSUdj25YSDfVMkPP_3167097538-0-cib-300x300.jpg 300w, https:\/\/bitsrouter.com\/wp-content\/uploads\/2023\/08\/O1CN01MRSUdj25YSDfVMkPP_3167097538-0-cib-150x150.jpg 150w, https:\/\/bitsrouter.com\/wp-content\/uploads\/2023\/08\/O1CN01MRSUdj25YSDfVMkPP_3167097538-0-cib-768x768.jpg 768w, https:\/\/bitsrouter.com\/wp-content\/uploads\/2023\/08\/O1CN01MRSUdj25YSDfVMkPP_3167097538-0-cib-500x500.jpg 500w, https:\/\/bitsrouter.com\/wp-content\/uploads\/2023\/08\/O1CN01MRSUdj25YSDfVMkPP_3167097538-0-cib-100x100.jpg 100w\" sizes=\"auto, (max-width: 800px) 100vw, 800px\" \/> <img loading=\"lazy\" decoding=\"async\" class=\"alignnone size-full wp-image-12728\" src=\"https:\/\/bitsrouter.com\/wp-content\/uploads\/2023\/08\/O1CN01pBgSS425YSDVikmfo_3167097538-0-cib.jpg\" alt=\"\" width=\"800\" height=\"800\" srcset=\"https:\/\/bitsrouter.com\/wp-content\/uploads\/2023\/08\/O1CN01pBgSS425YSDVikmfo_3167097538-0-cib.jpg 800w, https:\/\/bitsrouter.com\/wp-content\/uploads\/2023\/08\/O1CN01pBgSS425YSDVikmfo_3167097538-0-cib-300x300.jpg 300w, https:\/\/bitsrouter.com\/wp-content\/uploads\/2023\/08\/O1CN01pBgSS425YSDVikmfo_3167097538-0-cib-150x150.jpg 150w, https:\/\/bitsrouter.com\/wp-content\/uploads\/2023\/08\/O1CN01pBgSS425YSDVikmfo_3167097538-0-cib-768x768.jpg 768w, https:\/\/bitsrouter.com\/wp-content\/uploads\/2023\/08\/O1CN01pBgSS425YSDVikmfo_3167097538-0-cib-500x500.jpg 500w, https:\/\/bitsrouter.com\/wp-content\/uploads\/2023\/08\/O1CN01pBgSS425YSDVikmfo_3167097538-0-cib-100x100.jpg 100w\" sizes=\"auto, (max-width: 800px) 100vw, 800px\" \/> <img loading=\"lazy\" decoding=\"async\" class=\"alignnone size-full wp-image-12729\" src=\"https:\/\/bitsrouter.com\/wp-content\/uploads\/2023\/08\/O1CN01qwVooU25YSDZ9kKna_3167097538-0-cib.jpg\" alt=\"\" width=\"800\" height=\"800\" srcset=\"https:\/\/bitsrouter.com\/wp-content\/uploads\/2023\/08\/O1CN01qwVooU25YSDZ9kKna_3167097538-0-cib.jpg 800w, https:\/\/bitsrouter.com\/wp-content\/uploads\/2023\/08\/O1CN01qwVooU25YSDZ9kKna_3167097538-0-cib-300x300.jpg 300w, https:\/\/bitsrouter.com\/wp-content\/uploads\/2023\/08\/O1CN01qwVooU25YSDZ9kKna_3167097538-0-cib-150x150.jpg 150w, https:\/\/bitsrouter.com\/wp-content\/uploads\/2023\/08\/O1CN01qwVooU25YSDZ9kKna_3167097538-0-cib-768x768.jpg 768w, https:\/\/bitsrouter.com\/wp-content\/uploads\/2023\/08\/O1CN01qwVooU25YSDZ9kKna_3167097538-0-cib-500x500.jpg 500w, https:\/\/bitsrouter.com\/wp-content\/uploads\/2023\/08\/O1CN01qwVooU25YSDZ9kKna_3167097538-0-cib-100x100.jpg 100w\" sizes=\"auto, (max-width: 800px) 100vw, 800px\" \/> <img loading=\"lazy\" decoding=\"async\" class=\"alignnone size-full wp-image-12730\" src=\"https:\/\/bitsrouter.com\/wp-content\/uploads\/2023\/08\/O1CN01uOe04o25YSDbkGyqv_3167097538-0-cib.jpg\" alt=\"\" width=\"800\" height=\"800\" srcset=\"https:\/\/bitsrouter.com\/wp-content\/uploads\/2023\/08\/O1CN01uOe04o25YSDbkGyqv_3167097538-0-cib.jpg 800w, https:\/\/bitsrouter.com\/wp-content\/uploads\/2023\/08\/O1CN01uOe04o25YSDbkGyqv_3167097538-0-cib-300x300.jpg 300w, https:\/\/bitsrouter.com\/wp-content\/uploads\/2023\/08\/O1CN01uOe04o25YSDbkGyqv_3167097538-0-cib-150x150.jpg 150w, https:\/\/bitsrouter.com\/wp-content\/uploads\/2023\/08\/O1CN01uOe04o25YSDbkGyqv_3167097538-0-cib-768x768.jpg 768w, https:\/\/bitsrouter.com\/wp-content\/uploads\/2023\/08\/O1CN01uOe04o25YSDbkGyqv_3167097538-0-cib-500x500.jpg 500w, https:\/\/bitsrouter.com\/wp-content\/uploads\/2023\/08\/O1CN01uOe04o25YSDbkGyqv_3167097538-0-cib-100x100.jpg 100w\" sizes=\"auto, (max-width: 800px) 100vw, 800px\" \/> <img loading=\"lazy\" decoding=\"async\" class=\"alignnone size-full wp-image-12731\" src=\"https:\/\/bitsrouter.com\/wp-content\/uploads\/2023\/08\/O1CN018DWCJb25YSDemuTbC_3167097538-0-cib.jpg\" alt=\"\" width=\"800\" height=\"800\" srcset=\"https:\/\/bitsrouter.com\/wp-content\/uploads\/2023\/08\/O1CN018DWCJb25YSDemuTbC_3167097538-0-cib.jpg 800w, https:\/\/bitsrouter.com\/wp-content\/uploads\/2023\/08\/O1CN018DWCJb25YSDemuTbC_3167097538-0-cib-300x300.jpg 300w, https:\/\/bitsrouter.com\/wp-content\/uploads\/2023\/08\/O1CN018DWCJb25YSDemuTbC_3167097538-0-cib-150x150.jpg 150w, https:\/\/bitsrouter.com\/wp-content\/uploads\/2023\/08\/O1CN018DWCJb25YSDemuTbC_3167097538-0-cib-768x768.jpg 768w, https:\/\/bitsrouter.com\/wp-content\/uploads\/2023\/08\/O1CN018DWCJb25YSDemuTbC_3167097538-0-cib-500x500.jpg 500w, https:\/\/bitsrouter.com\/wp-content\/uploads\/2023\/08\/O1CN018DWCJb25YSDemuTbC_3167097538-0-cib-100x100.jpg 100w\" sizes=\"auto, (max-width: 800px) 100vw, 800px\" \/><\/p>\n","protected":false},"excerpt":{"rendered":"","protected":false},"featured_media":46168,"template":"","meta":{"om_disable_all_campaigns":false,"_monsterinsights_skip_tracking":false,"_monsterinsights_sitenote_active":false,"_monsterinsights_sitenote_note":"","_monsterinsights_sitenote_category":0},"product_brand":[],"product_cat":[22],"product_tag":[],"class_list":{"0":"post-38335","1":"product","2":"type-product","3":"status-publish","4":"has-post-thumbnail","6":"product_cat-uncategorized","8":"first","9":"instock","10":"shipping-taxable","11":"purchasable","12":"product-type-variable"},"_links":{"self":[{"href":"https:\/\/bitsrouter.com\/fr\/wp-json\/wp\/v2\/product\/38335","targetHints":{"allow":["GET"]}}],"collection":[{"href":"https:\/\/bitsrouter.com\/fr\/wp-json\/wp\/v2\/product"}],"about":[{"href":"https:\/\/bitsrouter.com\/fr\/wp-json\/wp\/v2\/types\/product"}],"wp:featuredmedia":[{"embeddable":true,"href":"https:\/\/bitsrouter.com\/fr\/wp-json\/wp\/v2\/media\/46168"}],"wp:attachment":[{"href":"https:\/\/bitsrouter.com\/fr\/wp-json\/wp\/v2\/media?parent=38335"}],"wp:term":[{"taxonomy":"product_brand","embeddable":true,"href":"https:\/\/bitsrouter.com\/fr\/wp-json\/wp\/v2\/product_brand?post=38335"},{"taxonomy":"product_cat","embeddable":true,"href":"https:\/\/bitsrouter.com\/fr\/wp-json\/wp\/v2\/product_cat?post=38335"},{"taxonomy":"product_tag","embeddable":true,"href":"https:\/\/bitsrouter.com\/fr\/wp-json\/wp\/v2\/product_tag?post=38335"}],"curies":[{"name":"wp","href":"https:\/\/api.w.org\/{rel}","templated":true}]}}