{"id":38121,"date":"2023-08-04T08:30:17","date_gmt":"2023-08-04T08:30:17","guid":{"rendered":"https:\/\/bitsrouter.com\/shop\/tc6413scie-a-table-pour-le-travail-du-bois-scie-circulaire-electrique-inversee\/"},"modified":"2023-08-04T08:30:17","modified_gmt":"2023-08-04T08:30:17","slug":"tc6413scie-a-table-pour-le-travail-du-bois-scie-circulaire-electrique-inversee","status":"publish","type":"product","link":"https:\/\/bitsrouter.com\/fr\/shop\/tc6413scie-a-table-pour-le-travail-du-bois-scie-circulaire-electrique-inversee","title":{"rendered":"(TC6413)Scie \u00e0 table pour le travail du bois Scie circulaire \u00e9lectrique invers\u00e9e"},"content":{"rendered":"<p><img loading=\"lazy\" decoding=\"async\" class=\"alignnone size-full wp-image-12767\" src=\"https:\/\/bitsrouter.com\/wp-content\/uploads\/2023\/08\/9138558962_1478580503.jpg\" alt=\"\" width=\"800\" height=\"800\" srcset=\"https:\/\/bitsrouter.com\/wp-content\/uploads\/2023\/08\/9138558962_1478580503.jpg 800w, https:\/\/bitsrouter.com\/wp-content\/uploads\/2023\/08\/9138558962_1478580503-300x300.jpg 300w, https:\/\/bitsrouter.com\/wp-content\/uploads\/2023\/08\/9138558962_1478580503-150x150.jpg 150w, https:\/\/bitsrouter.com\/wp-content\/uploads\/2023\/08\/9138558962_1478580503-768x768.jpg 768w, https:\/\/bitsrouter.com\/wp-content\/uploads\/2023\/08\/9138558962_1478580503-500x500.jpg 500w, https:\/\/bitsrouter.com\/wp-content\/uploads\/2023\/08\/9138558962_1478580503-100x100.jpg 100w\" sizes=\"auto, (max-width: 800px) 100vw, 800px\" \/> <img loading=\"lazy\" decoding=\"async\" class=\"alignnone size-full wp-image-12768\" src=\"https:\/\/bitsrouter.com\/wp-content\/uploads\/2023\/08\/9161446750_1478580503.jpg\" alt=\"\" width=\"800\" height=\"800\" srcset=\"https:\/\/bitsrouter.com\/wp-content\/uploads\/2023\/08\/9161446750_1478580503.jpg 800w, https:\/\/bitsrouter.com\/wp-content\/uploads\/2023\/08\/9161446750_1478580503-300x300.jpg 300w, https:\/\/bitsrouter.com\/wp-content\/uploads\/2023\/08\/9161446750_1478580503-150x150.jpg 150w, https:\/\/bitsrouter.com\/wp-content\/uploads\/2023\/08\/9161446750_1478580503-768x768.jpg 768w, https:\/\/bitsrouter.com\/wp-content\/uploads\/2023\/08\/9161446750_1478580503-500x500.jpg 500w, https:\/\/bitsrouter.com\/wp-content\/uploads\/2023\/08\/9161446750_1478580503-100x100.jpg 100w\" sizes=\"auto, (max-width: 800px) 100vw, 800px\" \/> <img loading=\"lazy\" decoding=\"async\" class=\"alignnone size-full wp-image-12769\" src=\"https:\/\/bitsrouter.com\/wp-content\/uploads\/2023\/08\/9161509164_1478580503.jpg\" alt=\"\" width=\"800\" height=\"800\" srcset=\"https:\/\/bitsrouter.com\/wp-content\/uploads\/2023\/08\/9161509164_1478580503.jpg 800w, https:\/\/bitsrouter.com\/wp-content\/uploads\/2023\/08\/9161509164_1478580503-300x300.jpg 300w, https:\/\/bitsrouter.com\/wp-content\/uploads\/2023\/08\/9161509164_1478580503-150x150.jpg 150w, https:\/\/bitsrouter.com\/wp-content\/uploads\/2023\/08\/9161509164_1478580503-768x768.jpg 768w, https:\/\/bitsrouter.com\/wp-content\/uploads\/2023\/08\/9161509164_1478580503-500x500.jpg 500w, https:\/\/bitsrouter.com\/wp-content\/uploads\/2023\/08\/9161509164_1478580503-100x100.jpg 100w\" sizes=\"auto, (max-width: 800px) 100vw, 800px\" \/> <img loading=\"lazy\" decoding=\"async\" class=\"alignnone size-full wp-image-12770\" src=\"https:\/\/bitsrouter.com\/wp-content\/uploads\/2023\/08\/O1CN01wTcq2G25YSLb8B55D_3167097538-0-cib.jpg\" alt=\"\" width=\"1920\" height=\"1080\" srcset=\"https:\/\/bitsrouter.com\/wp-content\/uploads\/2023\/08\/O1CN01wTcq2G25YSLb8B55D_3167097538-0-cib.jpg 1920w, https:\/\/bitsrouter.com\/wp-content\/uploads\/2023\/08\/O1CN01wTcq2G25YSLb8B55D_3167097538-0-cib-300x169.jpg 300w, https:\/\/bitsrouter.com\/wp-content\/uploads\/2023\/08\/O1CN01wTcq2G25YSLb8B55D_3167097538-0-cib-1024x576.jpg 1024w, https:\/\/bitsrouter.com\/wp-content\/uploads\/2023\/08\/O1CN01wTcq2G25YSLb8B55D_3167097538-0-cib-768x432.jpg 768w, https:\/\/bitsrouter.com\/wp-content\/uploads\/2023\/08\/O1CN01wTcq2G25YSLb8B55D_3167097538-0-cib-1536x864.jpg 1536w, https:\/\/bitsrouter.com\/wp-content\/uploads\/2023\/08\/O1CN01wTcq2G25YSLb8B55D_3167097538-0-cib-500x281.jpg 500w\" sizes=\"auto, (max-width: 1920px) 100vw, 1920px\" \/> <img loading=\"lazy\" decoding=\"async\" class=\"alignnone size-full wp-image-12771\" src=\"https:\/\/bitsrouter.com\/wp-content\/uploads\/2023\/08\/O1CN01wuitZZ1Bs2ntJGOKX_0-0-cib.jpg\" alt=\"\" width=\"1920\" height=\"1080\" srcset=\"https:\/\/bitsrouter.com\/wp-content\/uploads\/2023\/08\/O1CN01wuitZZ1Bs2ntJGOKX_0-0-cib.jpg 1920w, https:\/\/bitsrouter.com\/wp-content\/uploads\/2023\/08\/O1CN01wuitZZ1Bs2ntJGOKX_0-0-cib-300x169.jpg 300w, https:\/\/bitsrouter.com\/wp-content\/uploads\/2023\/08\/O1CN01wuitZZ1Bs2ntJGOKX_0-0-cib-1024x576.jpg 1024w, https:\/\/bitsrouter.com\/wp-content\/uploads\/2023\/08\/O1CN01wuitZZ1Bs2ntJGOKX_0-0-cib-768x432.jpg 768w, https:\/\/bitsrouter.com\/wp-content\/uploads\/2023\/08\/O1CN01wuitZZ1Bs2ntJGOKX_0-0-cib-1536x864.jpg 1536w, https:\/\/bitsrouter.com\/wp-content\/uploads\/2023\/08\/O1CN01wuitZZ1Bs2ntJGOKX_0-0-cib-500x281.jpg 500w\" sizes=\"auto, (max-width: 1920px) 100vw, 1920px\" \/> <img loading=\"lazy\" decoding=\"async\" class=\"alignnone size-full wp-image-12772\" src=\"https:\/\/bitsrouter.com\/wp-content\/uploads\/2023\/08\/O1CN01YNKaTk25YSLfDCfFS_3167097538-0-cib.jpg\" alt=\"\" width=\"728\" height=\"573\" srcset=\"https:\/\/bitsrouter.com\/wp-content\/uploads\/2023\/08\/O1CN01YNKaTk25YSLfDCfFS_3167097538-0-cib.jpg 728w, https:\/\/bitsrouter.com\/wp-content\/uploads\/2023\/08\/O1CN01YNKaTk25YSLfDCfFS_3167097538-0-cib-300x236.jpg 300w, https:\/\/bitsrouter.com\/wp-content\/uploads\/2023\/08\/O1CN01YNKaTk25YSLfDCfFS_3167097538-0-cib-500x394.jpg 500w\" sizes=\"auto, (max-width: 728px) 100vw, 728px\" \/><\/p>\n","protected":false},"excerpt":{"rendered":"<p>Am\u00e9liorez votre exp\u00e9rience du travail du bois avec notre scie circulaire \u00e9lectrique con\u00e7ue pour une utilisation invers\u00e9e sur les scies de table. Cet outil polyvalent apporte puissance et pr\u00e9cision \u00e0 vos projets, vous permettant de r\u00e9aliser des coupes pr\u00e9cises m\u00eame lorsque vous travaillez sous un angle invers\u00e9. Que vous vous attaquiez \u00e0 des dessins complexes ou \u00e0 des pi\u00e8ces de grande taille, notre scie circulaire \u00e9lectrique assure des coupes r\u00e9guli\u00e8res et contr\u00f4l\u00e9es pour des r\u00e9sultats professionnels. Dites adieu aux limitations et acc\u00e9dez \u00e0 un nouveau niveau de cr\u00e9ativit\u00e9 dans le travail du bois gr\u00e2ce \u00e0 ce compl\u00e9ment essentiel \u00e0 votre bo\u00eete \u00e0 outils.<\/p>\n","protected":false},"featured_media":46230,"template":"","meta":{"om_disable_all_campaigns":false,"_monsterinsights_skip_tracking":false,"_monsterinsights_sitenote_active":false,"_monsterinsights_sitenote_note":"","_monsterinsights_sitenote_category":0},"product_brand":[],"product_cat":[22],"product_tag":[],"class_list":{"0":"post-38121","1":"product","2":"type-product","3":"status-publish","4":"has-post-thumbnail","6":"product_cat-uncategorized","8":"first","9":"instock","10":"shipping-taxable","11":"purchasable","12":"product-type-variable"},"_links":{"self":[{"href":"https:\/\/bitsrouter.com\/fr\/wp-json\/wp\/v2\/product\/38121","targetHints":{"allow":["GET"]}}],"collection":[{"href":"https:\/\/bitsrouter.com\/fr\/wp-json\/wp\/v2\/product"}],"about":[{"href":"https:\/\/bitsrouter.com\/fr\/wp-json\/wp\/v2\/types\/product"}],"wp:featuredmedia":[{"embeddable":true,"href":"https:\/\/bitsrouter.com\/fr\/wp-json\/wp\/v2\/media\/46230"}],"wp:attachment":[{"href":"https:\/\/bitsrouter.com\/fr\/wp-json\/wp\/v2\/media?parent=38121"}],"wp:term":[{"taxonomy":"product_brand","embeddable":true,"href":"https:\/\/bitsrouter.com\/fr\/wp-json\/wp\/v2\/product_brand?post=38121"},{"taxonomy":"product_cat","embeddable":true,"href":"https:\/\/bitsrouter.com\/fr\/wp-json\/wp\/v2\/product_cat?post=38121"},{"taxonomy":"product_tag","embeddable":true,"href":"https:\/\/bitsrouter.com\/fr\/wp-json\/wp\/v2\/product_tag?post=38121"}],"curies":[{"name":"wp","href":"https:\/\/api.w.org\/{rel}","templated":true}]}}