{"id":39314,"date":"2023-04-07T07:41:09","date_gmt":"2023-04-07T07:41:09","guid":{"rendered":"https:\/\/bitsrouter.com\/shop\/db010103pc-6-bis-10mm-und-satz-210mm-lot-bohrer\/"},"modified":"2023-04-07T07:41:09","modified_gmt":"2023-04-07T07:41:09","slug":"3pc-lot-sds-plus-bohrer-bits-6-8-10mm-210mm-loch-sage-bohren-fur-elektro-hammer-beton-mauer-ziegel-stein-mauerwerk-db01010","status":"publish","type":"product","link":"https:\/\/bitsrouter.com\/de\/shop\/3pc-lot-sds-plus-bohrer-bits-6-8-10mm-210mm-loch-sage-bohren-fur-elektro-hammer-beton-mauer-ziegel-stein-mauerwerk-db01010","title":{"rendered":"(DB01010)3pc\/6 bis 10mm und Satz 210mm Lot Bohrer"},"content":{"rendered":"<p align=\"justify\"><strong>Spezifikation:<\/strong><\/p>\n<ul>\n<li>Material: 40Cr und Original YG8C<\/li>\n<li>Schaft: SDS PLUS<\/li>\n<li>Fl\u00f6te: einfache Fl\u00f6te S2 \/?doppelte Fl\u00f6ten S4<\/li>\n<li>Spitze: Flache Spitze 2 Cutter \/ Kreuzspitze 4 Cutter<\/li>\n<li>H\u00e4rte des Bohrerk\u00f6rpers: HRC45?bis HRC48<\/li>\n<li>Hartmetall-H\u00e4rte: HRC89.5-90.5<\/li>\n<li>Durchmesser: 6\/8\/10 mm<\/li>\n<li>L\u00e4nge: 210 mm<\/li>\n<\/ul>\n<p>&nbsp;<\/p>\n<p><strong>Verwendung:<\/strong><\/p>\n<ul>\n<li>Installiert mit dem runden Griff Schnittstelle Hammer auf Beton, Stein, Ziegel K\u00f6rper f\u00fchrt Schlitzen Betrieb, f\u00fcr den Bau, die Installation von Wasser und Strom, Heimtextilien, moderne DIY notwendigen Werkzeuge.<\/li>\n<\/ul>\n<p>&nbsp;<\/p>\n<p align=\"justify\"><strong>Inklusive Verpackung<\/strong><\/p>\n<ul>\n<li>1 x 6X210MM<\/li>\n<li>1 x 8X210MM<\/li>\n<li>1 x 10X210M<\/li>\n<\/ul>\n<p>&nbsp;<\/p>\n<p><strong>Anmerkung:<\/strong><\/p>\n<ul>\n<li>Wir produzieren seit mehr als 22 Jahren Bohrer, Lochs\u00e4gen und Mei\u00dfel. Was die Bohrer betrifft, so verwenden wir nur die Original-Hartmetallspitze YG8C und keine recycelten. Und sie ist viel st\u00e4rker. Au\u00dferdem ist 40CR viel besser als normales Material 45# Stahl. Zum Beispiel, 6X160mm, k\u00f6nnen wir mehr als 150 L\u00f6cher bohren.<\/li>\n<li>Aufgrund des Unterschieds zwischen verschiedenen Monitoren, kann das Bild nicht die tats\u00e4chliche Farbe des Artikels widerspiegeln. Ich danke Ihnen!<\/li>\n<li><img loading=\"lazy\" decoding=\"async\" class=\"alignnone size-large wp-image-2765\" src=\"https:\/\/bitsrouter.com\/wp-content\/uploads\/2023\/04\/H6932f5dc05304a5baae439abdc3f9c7c9.jpg\" alt=\"\" width=\"800\" height=\"800\" srcset=\"https:\/\/bitsrouter.com\/wp-content\/uploads\/2023\/04\/H6932f5dc05304a5baae439abdc3f9c7c9.jpg 800w, https:\/\/bitsrouter.com\/wp-content\/uploads\/2023\/04\/H6932f5dc05304a5baae439abdc3f9c7c9-500x500.jpg 500w, https:\/\/bitsrouter.com\/wp-content\/uploads\/2023\/04\/H6932f5dc05304a5baae439abdc3f9c7c9-100x100.jpg 100w\" sizes=\"auto, (max-width: 800px) 100vw, 800px\" \/> <img loading=\"lazy\" decoding=\"async\" class=\"alignnone size-large wp-image-2766\" src=\"https:\/\/bitsrouter.com\/wp-content\/uploads\/2023\/04\/H899250d64c814f0e9d5d7e77c789b20fF.jpg\" alt=\"\" width=\"800\" height=\"800\" srcset=\"https:\/\/bitsrouter.com\/wp-content\/uploads\/2023\/04\/H899250d64c814f0e9d5d7e77c789b20fF.jpg 800w, https:\/\/bitsrouter.com\/wp-content\/uploads\/2023\/04\/H899250d64c814f0e9d5d7e77c789b20fF-500x500.jpg 500w, https:\/\/bitsrouter.com\/wp-content\/uploads\/2023\/04\/H899250d64c814f0e9d5d7e77c789b20fF-100x100.jpg 100w, https:\/\/bitsrouter.com\/wp-content\/uploads\/2023\/04\/H899250d64c814f0e9d5d7e77c789b20fF-300x300.jpg 300w, https:\/\/bitsrouter.com\/wp-content\/uploads\/2023\/04\/H899250d64c814f0e9d5d7e77c789b20fF-150x150.jpg 150w, https:\/\/bitsrouter.com\/wp-content\/uploads\/2023\/04\/H899250d64c814f0e9d5d7e77c789b20fF-768x768.jpg 768w\" sizes=\"auto, (max-width: 800px) 100vw, 800px\" \/> <img loading=\"lazy\" decoding=\"async\" class=\"alignnone size-large wp-image-2767\" src=\"https:\/\/bitsrouter.com\/wp-content\/uploads\/2023\/04\/Heb23440a9b8a4c34aa67d3f1c79bf104K.jpg\" alt=\"\" width=\"800\" height=\"800\" srcset=\"https:\/\/bitsrouter.com\/wp-content\/uploads\/2023\/04\/Heb23440a9b8a4c34aa67d3f1c79bf104K.jpg 800w, https:\/\/bitsrouter.com\/wp-content\/uploads\/2023\/04\/Heb23440a9b8a4c34aa67d3f1c79bf104K-500x500.jpg 500w, https:\/\/bitsrouter.com\/wp-content\/uploads\/2023\/04\/Heb23440a9b8a4c34aa67d3f1c79bf104K-100x100.jpg 100w\" sizes=\"auto, (max-width: 800px) 100vw, 800px\" \/><\/li>\n<\/ul>\n","protected":false},"excerpt":{"rendered":"<p>Der 10-mm-Bohrer ist ideal f\u00fcr mittelgro\u00dfe L\u00f6cher, w\u00e4hrend der 210-mm-Bohrer l\u00e4nger ist und sich zum Bohren tiefer L\u00f6cher oder f\u00fcr Anwendungen eignet, die eine gr\u00f6\u00dfere Reichweite erfordern. Das Set enth\u00e4lt in der Regel mehrere Bohrer in verschiedenen Gr\u00f6\u00dfen, um Vielseitigkeit zu bieten und unterschiedlichen Bohranforderungen gerecht zu werden.<\/p>\n","protected":false},"featured_media":44756,"template":"","meta":{"om_disable_all_campaigns":false,"_monsterinsights_skip_tracking":false,"_monsterinsights_sitenote_active":false,"_monsterinsights_sitenote_note":"","_monsterinsights_sitenote_category":0},"product_brand":[],"product_cat":[167,171],"product_tag":[],"class_list":{"0":"post-39314","1":"product","2":"type-product","3":"status-publish","4":"has-post-thumbnail","6":"product_cat-beton-backstein","7":"product_cat-bohrer-lochsagen-de","9":"first","10":"instock","11":"shipping-taxable","12":"purchasable","13":"product-type-simple"},"_links":{"self":[{"href":"https:\/\/bitsrouter.com\/de\/wp-json\/wp\/v2\/product\/39314","targetHints":{"allow":["GET"]}}],"collection":[{"href":"https:\/\/bitsrouter.com\/de\/wp-json\/wp\/v2\/product"}],"about":[{"href":"https:\/\/bitsrouter.com\/de\/wp-json\/wp\/v2\/types\/product"}],"wp:featuredmedia":[{"embeddable":true,"href":"https:\/\/bitsrouter.com\/de\/wp-json\/wp\/v2\/media\/44756"}],"wp:attachment":[{"href":"https:\/\/bitsrouter.com\/de\/wp-json\/wp\/v2\/media?parent=39314"}],"wp:term":[{"taxonomy":"product_brand","embeddable":true,"href":"https:\/\/bitsrouter.com\/de\/wp-json\/wp\/v2\/product_brand?post=39314"},{"taxonomy":"product_cat","embeddable":true,"href":"https:\/\/bitsrouter.com\/de\/wp-json\/wp\/v2\/product_cat?post=39314"},{"taxonomy":"product_tag","embeddable":true,"href":"https:\/\/bitsrouter.com\/de\/wp-json\/wp\/v2\/product_tag?post=39314"}],"curies":[{"name":"wp","href":"https:\/\/api.w.org\/{rel}","templated":true}]}}