{"id":39233,"date":"2023-04-06T13:19:39","date_gmt":"2023-04-06T13:19:39","guid":{"rendered":"https:\/\/bitsrouter.com\/shop\/db01004a5stueck-satz-160mm-und-4-bis-6mm-bohrer\/"},"modified":"2023-04-06T13:19:39","modified_gmt":"2023-04-06T13:19:39","slug":"5stuck-lot-4mm-5mm-6mm-elektrohammer-sds-plus-bohrer-satz-160mm-beton-mauer-ziegel-block-mauerwerk-lochsage-bohrung-015","status":"publish","type":"product","link":"https:\/\/bitsrouter.com\/de\/shop\/5stuck-lot-4mm-5mm-6mm-elektrohammer-sds-plus-bohrer-satz-160mm-beton-mauer-ziegel-block-mauerwerk-lochsage-bohrung-015","title":{"rendered":"(DB01004A)5St\u00fcck\/ Satz 160mm und 4 bis 6mm Bohrer"},"content":{"rendered":"<p align=\"justify\"><strong>Spezifikation:<\/strong><\/p>\n<ul>\n<li>Material: 40Cr und Original YG8C<\/li>\n<li>Schaft: SDS PLUS<\/li>\n<li>Fl\u00f6te: Doppelfl\u00f6ten S4<\/li>\n<li>Spitze: Flache Spitze 2 Cutter<\/li>\n<li>H\u00e4rte des Bohrerk\u00f6rpers: HRC45 bis HRC48<\/li>\n<li>Hartmetall-H\u00e4rte: HRC89.5-90.5<\/li>\n<li>Durchmesser: 4\/5\/6 mm<\/li>\n<li>L\u00e4nge: 160 mm<\/li>\n<\/ul>\n<p>&nbsp;<\/p>\n<p><strong>Verwendung:<\/strong><\/p>\n<ul>\n<li>Installiert mit dem runden Griff Schnittstelle Hammer auf Beton, Stein, Ziegel K\u00f6rper f\u00fchrt Schlitzen Betrieb, f\u00fcr den Bau, die Installation von Wasser und Strom, Heimtextilien, moderne DIY notwendigen Werkzeuge.<\/li>\n<\/ul>\n<p align=\"justify\"><strong>Inklusive Verpackung:<\/strong><\/p>\n<ul>\n<li>5St\u00fcck x 4\/160MM oder<\/li>\n<li>5St\u00fcck x 5\/160MM oder<\/li>\n<li>5St\u00fcck x 6\/160MM<\/li>\n<\/ul>\n<p>&nbsp;<\/p>\n<p><strong>Anmerkung:<\/strong><\/p>\n<ul>\n<li>Wir produzieren seit mehr als 22 Jahren Bohrer, Lochs\u00e4gen und Mei\u00dfel. Was die Bohrer betrifft, so verwenden wir nur die Original-Hartmetallspitze YG8C und keine recycelten. Und sie ist viel st\u00e4rker. Au\u00dferdem ist 40CR viel besser als normales Material 45# Stahl. Zum Beispiel, 6X160mm, k\u00f6nnen wir mehr als 150 L\u00f6cher bohren.<\/li>\n<li>Aufgrund des Unterschieds zwischen verschiedenen Monitoren, kann das Bild nicht die tats\u00e4chliche Farbe des Artikels widerspiegeln. Dankesch\u00f6n<\/li>\n<li><img loading=\"lazy\" decoding=\"async\" class=\"alignnone size-full wp-image-2720\" src=\"https:\/\/bitsrouter.com\/wp-content\/uploads\/2023\/04\/HTB1aBlhasrrK1Rjy1zeq6xalFXa6.jpg\" alt=\"\" width=\"800\" height=\"800\" srcset=\"https:\/\/bitsrouter.com\/wp-content\/uploads\/2023\/04\/HTB1aBlhasrrK1Rjy1zeq6xalFXa6.jpg 800w, https:\/\/bitsrouter.com\/wp-content\/uploads\/2023\/04\/HTB1aBlhasrrK1Rjy1zeq6xalFXa6-500x500.jpg 500w, https:\/\/bitsrouter.com\/wp-content\/uploads\/2023\/04\/HTB1aBlhasrrK1Rjy1zeq6xalFXa6-100x100.jpg 100w, https:\/\/bitsrouter.com\/wp-content\/uploads\/2023\/04\/HTB1aBlhasrrK1Rjy1zeq6xalFXa6-300x300.jpg 300w, https:\/\/bitsrouter.com\/wp-content\/uploads\/2023\/04\/HTB1aBlhasrrK1Rjy1zeq6xalFXa6-150x150.jpg 150w, https:\/\/bitsrouter.com\/wp-content\/uploads\/2023\/04\/HTB1aBlhasrrK1Rjy1zeq6xalFXa6-768x768.jpg 768w\" sizes=\"auto, (max-width: 800px) 100vw, 800px\" \/> <img loading=\"lazy\" decoding=\"async\" class=\"alignnone size-large wp-image-2722\" src=\"https:\/\/bitsrouter.com\/wp-content\/uploads\/2023\/04\/HTB1gz4qc.GF3KVjSZFoq6zmpFXac.jpg\" alt=\"\" width=\"800\" height=\"800\" srcset=\"https:\/\/bitsrouter.com\/wp-content\/uploads\/2023\/04\/HTB1gz4qc.GF3KVjSZFoq6zmpFXac.jpg 800w, https:\/\/bitsrouter.com\/wp-content\/uploads\/2023\/04\/HTB1gz4qc.GF3KVjSZFoq6zmpFXac-500x500.jpg 500w, https:\/\/bitsrouter.com\/wp-content\/uploads\/2023\/04\/HTB1gz4qc.GF3KVjSZFoq6zmpFXac-100x100.jpg 100w, https:\/\/bitsrouter.com\/wp-content\/uploads\/2023\/04\/HTB1gz4qc.GF3KVjSZFoq6zmpFXac-300x300.jpg 300w, https:\/\/bitsrouter.com\/wp-content\/uploads\/2023\/04\/HTB1gz4qc.GF3KVjSZFoq6zmpFXac-150x150.jpg 150w, https:\/\/bitsrouter.com\/wp-content\/uploads\/2023\/04\/HTB1gz4qc.GF3KVjSZFoq6zmpFXac-768x768.jpg 768w\" sizes=\"auto, (max-width: 800px) 100vw, 800px\" \/> <img loading=\"lazy\" decoding=\"async\" class=\"alignnone size-large wp-image-2723\" src=\"https:\/\/bitsrouter.com\/wp-content\/uploads\/2023\/04\/HTB1HxPBacfrK1Rjy1Xdq6yemFXaJ.jpg\" alt=\"\" width=\"800\" height=\"800\" srcset=\"https:\/\/bitsrouter.com\/wp-content\/uploads\/2023\/04\/HTB1HxPBacfrK1Rjy1Xdq6yemFXaJ.jpg 800w, https:\/\/bitsrouter.com\/wp-content\/uploads\/2023\/04\/HTB1HxPBacfrK1Rjy1Xdq6yemFXaJ-500x500.jpg 500w, https:\/\/bitsrouter.com\/wp-content\/uploads\/2023\/04\/HTB1HxPBacfrK1Rjy1Xdq6yemFXaJ-100x100.jpg 100w, https:\/\/bitsrouter.com\/wp-content\/uploads\/2023\/04\/HTB1HxPBacfrK1Rjy1Xdq6yemFXaJ-300x300.jpg 300w, https:\/\/bitsrouter.com\/wp-content\/uploads\/2023\/04\/HTB1HxPBacfrK1Rjy1Xdq6yemFXaJ-150x150.jpg 150w, https:\/\/bitsrouter.com\/wp-content\/uploads\/2023\/04\/HTB1HxPBacfrK1Rjy1Xdq6yemFXaJ-768x768.jpg 768w\" sizes=\"auto, (max-width: 800px) 100vw, 800px\" \/> <img loading=\"lazy\" decoding=\"async\" class=\"alignnone size-large wp-image-2724\" src=\"https:\/\/bitsrouter.com\/wp-content\/uploads\/2023\/04\/HTB1lRHresbpK1RjSZFyq6x_qFXag.jpg\" alt=\"\" width=\"800\" height=\"800\" srcset=\"https:\/\/bitsrouter.com\/wp-content\/uploads\/2023\/04\/HTB1lRHresbpK1RjSZFyq6x_qFXag.jpg 800w, https:\/\/bitsrouter.com\/wp-content\/uploads\/2023\/04\/HTB1lRHresbpK1RjSZFyq6x_qFXag-500x500.jpg 500w, https:\/\/bitsrouter.com\/wp-content\/uploads\/2023\/04\/HTB1lRHresbpK1RjSZFyq6x_qFXag-100x100.jpg 100w, https:\/\/bitsrouter.com\/wp-content\/uploads\/2023\/04\/HTB1lRHresbpK1RjSZFyq6x_qFXag-300x300.jpg 300w, https:\/\/bitsrouter.com\/wp-content\/uploads\/2023\/04\/HTB1lRHresbpK1RjSZFyq6x_qFXag-150x150.jpg 150w, https:\/\/bitsrouter.com\/wp-content\/uploads\/2023\/04\/HTB1lRHresbpK1RjSZFyq6x_qFXag-768x768.jpg 768w\" sizes=\"auto, (max-width: 800px) 100vw, 800px\" \/><\/li>\n<li><img loading=\"lazy\" decoding=\"async\" class=\"alignnone size-full wp-image-2721\" src=\"https:\/\/bitsrouter.com\/wp-content\/uploads\/2023\/04\/HTB1E3eBaZvrK1Rjy0Feq6ATmVXa8-1.jpg\" alt=\"\" width=\"800\" height=\"600\" srcset=\"https:\/\/bitsrouter.com\/wp-content\/uploads\/2023\/04\/HTB1E3eBaZvrK1Rjy0Feq6ATmVXa8-1.jpg 800w, https:\/\/bitsrouter.com\/wp-content\/uploads\/2023\/04\/HTB1E3eBaZvrK1Rjy0Feq6ATmVXa8-1-500x375.jpg 500w, https:\/\/bitsrouter.com\/wp-content\/uploads\/2023\/04\/HTB1E3eBaZvrK1Rjy0Feq6ATmVXa8-1-300x225.jpg 300w, https:\/\/bitsrouter.com\/wp-content\/uploads\/2023\/04\/HTB1E3eBaZvrK1Rjy0Feq6ATmVXa8-1-768x576.jpg 768w\" sizes=\"auto, (max-width: 800px) 100vw, 800px\" \/><\/li>\n<li><img loading=\"lazy\" decoding=\"async\" class=\"alignnone wp-image-2725\" src=\"https:\/\/bitsrouter.com\/wp-content\/uploads\/2023\/04\/HTB18jmbdi6guuRkSnb4q6zu4XXag-1-615x1024.jpg\" alt=\"\" width=\"800\" height=\"1332\" srcset=\"https:\/\/bitsrouter.com\/wp-content\/uploads\/2023\/04\/HTB18jmbdi6guuRkSnb4q6zu4XXag-1-615x1024.jpg 615w, https:\/\/bitsrouter.com\/wp-content\/uploads\/2023\/04\/HTB18jmbdi6guuRkSnb4q6zu4XXag-1-500x833.jpg 500w, https:\/\/bitsrouter.com\/wp-content\/uploads\/2023\/04\/HTB18jmbdi6guuRkSnb4q6zu4XXag-1-180x300.jpg 180w, https:\/\/bitsrouter.com\/wp-content\/uploads\/2023\/04\/HTB18jmbdi6guuRkSnb4q6zu4XXag-1-768x1279.jpg 768w, https:\/\/bitsrouter.com\/wp-content\/uploads\/2023\/04\/HTB18jmbdi6guuRkSnb4q6zu4XXag-1.jpg 800w\" sizes=\"auto, (max-width: 800px) 100vw, 800px\" \/><\/li>\n<\/ul>\n","protected":false},"excerpt":{"rendered":"<p>Bohrer sind wichtige Werkzeuge zum Bohren von L\u00f6chern in verschiedenen Materialien wie Holz, Metall, Kunststoff und Mauerwerk. Sie sind in einer Vielzahl von Gr\u00f6\u00dfen und Formen erh\u00e4ltlich, um unterschiedlichen Bohranforderungen gerecht zu werden. Zu den gebr\u00e4uchlichen Typen geh\u00f6ren Spiralbohrer, Spitzbohrer, Steinbohrer, Forstnerbohrer, Spatenbohrer, Stufenbohrer und Senkbohrer. Jeder Bohrertyp ist f\u00fcr bestimmte Materialien und Anwendungen ausgelegt und gew\u00e4hrleistet pr\u00e4zises und effizientes Bohren. Ganz gleich, ob Sie an einem Heimwerkerprojekt oder an einem professionellen Bauvorhaben arbeiten, die richtigen Bohrer sind entscheidend f\u00fcr pr\u00e4zise und saubere L\u00f6cher.<\/p>\n","protected":false},"featured_media":44743,"template":"","meta":{"om_disable_all_campaigns":false,"_monsterinsights_skip_tracking":false,"_monsterinsights_sitenote_active":false,"_monsterinsights_sitenote_note":"","_monsterinsights_sitenote_category":0},"product_brand":[],"product_cat":[167,171],"product_tag":[],"class_list":{"0":"post-39233","1":"product","2":"type-product","3":"status-publish","4":"has-post-thumbnail","6":"product_cat-beton-backstein","7":"product_cat-bohrer-lochsagen-de","9":"first","10":"instock","11":"shipping-taxable","12":"purchasable","13":"product-type-simple"},"_links":{"self":[{"href":"https:\/\/bitsrouter.com\/de\/wp-json\/wp\/v2\/product\/39233","targetHints":{"allow":["GET"]}}],"collection":[{"href":"https:\/\/bitsrouter.com\/de\/wp-json\/wp\/v2\/product"}],"about":[{"href":"https:\/\/bitsrouter.com\/de\/wp-json\/wp\/v2\/types\/product"}],"wp:featuredmedia":[{"embeddable":true,"href":"https:\/\/bitsrouter.com\/de\/wp-json\/wp\/v2\/media\/44743"}],"wp:attachment":[{"href":"https:\/\/bitsrouter.com\/de\/wp-json\/wp\/v2\/media?parent=39233"}],"wp:term":[{"taxonomy":"product_brand","embeddable":true,"href":"https:\/\/bitsrouter.com\/de\/wp-json\/wp\/v2\/product_brand?post=39233"},{"taxonomy":"product_cat","embeddable":true,"href":"https:\/\/bitsrouter.com\/de\/wp-json\/wp\/v2\/product_cat?post=39233"},{"taxonomy":"product_tag","embeddable":true,"href":"https:\/\/bitsrouter.com\/de\/wp-json\/wp\/v2\/product_tag?post=39233"}],"curies":[{"name":"wp","href":"https:\/\/api.w.org\/{rel}","templated":true}]}}