{"id":39193,"date":"2023-04-07T07:47:35","date_gmt":"2023-04-07T07:47:35","guid":{"rendered":"https:\/\/bitsrouter.com\/shop\/db020036-stueck-1-4-hex-kreuzschlitz-lochsaege\/"},"modified":"2023-04-07T07:47:35","modified_gmt":"2023-04-07T07:47:35","slug":"6pcs-1-4-hex-shank-glass-bits-titanium-coated-glass-drill-set-4-5-6-8-10mm-tile-marble-cross-tipped-hole-saw-db02003","status":"publish","type":"product","link":"https:\/\/bitsrouter.com\/de\/shop\/6pcs-1-4-hex-shank-glass-bits-titanium-coated-glass-drill-set-4-5-6-8-10mm-tile-marble-cross-tipped-hole-saw-db02003","title":{"rendered":"(DB02003)6 St\u00fcck 1\/4&#8243; Hex Kreuzschlitz-Lochs\u00e4ge"},"content":{"rendered":"<p><strong>Merkmale:<\/strong><\/p>\n<ul>\n<li>100% hohe Qualit\u00e4t und brandneu.<\/li>\n<li>Bohrungsdurchmesser: 4mm, 5mm, 6mm, 8mm, 10mm, 12mm<\/li>\n<li>Material: Keramik, Edelstahl<\/li>\n<li>Hartmetallbest\u00fcckte Bohrer mit einer gewissen H\u00e4rte.<\/li>\n<li>\u00dcber HRC-90.<\/li>\n<li>Geeignet f\u00fcr. Bohren in Glas, Spiegel, Fliesen, Keramik, Porzellan.<\/li>\n<\/ul>\n<p>&nbsp;<\/p>\n<p><strong>Paket enthalten:<\/strong><\/p>\n<ul>\n<li><strong>1St\u00fcck X 4mm Glasbohrer<\/strong><\/li>\n<li><strong>1St\u00fcck X 5mm Glasbohrer<\/strong><\/li>\n<li><strong>1St\u00fcck X 6mm Glasbohrer<\/strong><\/li>\n<li><strong>1St\u00fcck X 8mm Glasbohrer<\/strong><\/li>\n<li><strong>1St\u00fcck X 10mm Glasbohrer<\/strong><\/li>\n<li><strong>1St\u00fcck X 12mm Glasbohrer<\/strong><\/li>\n<\/ul>\n<p>&nbsp;<\/p>\n<p><strong>Anmerkungen:<\/strong><\/p>\n<ul>\n<li>Wir bieten klare Bilder, Messungen, wo m\u00f6glich. Bitte \u00fcberpr\u00fcfen Sie so viel wie m\u00f6glich, um sicherzustellen, dass es sich um den Artikel handelt, den Sie ben\u00f6tigen.<\/li>\n<li>Bitte erlauben Sie 0.5-1 Zoll Unterschied aufgrund der manuellen Messung.(1 Zoll=2.54cm)<\/li>\n<li>Die Farbe der tats\u00e4chlichen Artikel kann etwas anders als die Auflistung Bilder aufgrund unterschiedlicher Computer-Bildschirm, danke f\u00fcr Ihr Verst\u00e4ndnis.<\/li>\n<li>Eine Anleitung ist nicht im Lieferumfang enthalten, eine professionelle Installation wird dringend empfohlen!<\/li>\n<\/ul>\n<p><strong>Das ist Lily Wang, eine Verk\u00e4uferin, die f\u00fcr den Export von Elektro- und Handwerkzeugen ins Ausland zust\u00e4ndig ist. Ich handle nur mit Produkten von hoher Qualit\u00e4t.<\/strong><\/p>\n<p><strong>Mehr Menge, bitte kommen Sie zu mir. Der wettbewerbsf\u00e4higste Preis wird zitiert werden.<\/strong><\/p>\n<p><img loading=\"lazy\" decoding=\"async\" class=\"alignnone size-full wp-image-2769\" src=\"https:\/\/bitsrouter.com\/wp-content\/uploads\/2023\/04\/H89c41a38c75b49d0a42ac69dff1e2657d.jpg\" alt=\"\" width=\"800\" height=\"800\" srcset=\"https:\/\/bitsrouter.com\/wp-content\/uploads\/2023\/04\/H89c41a38c75b49d0a42ac69dff1e2657d.jpg 800w, https:\/\/bitsrouter.com\/wp-content\/uploads\/2023\/04\/H89c41a38c75b49d0a42ac69dff1e2657d-500x500.jpg 500w, https:\/\/bitsrouter.com\/wp-content\/uploads\/2023\/04\/H89c41a38c75b49d0a42ac69dff1e2657d-100x100.jpg 100w, https:\/\/bitsrouter.com\/wp-content\/uploads\/2023\/04\/H89c41a38c75b49d0a42ac69dff1e2657d-300x300.jpg 300w, https:\/\/bitsrouter.com\/wp-content\/uploads\/2023\/04\/H89c41a38c75b49d0a42ac69dff1e2657d-150x150.jpg 150w, https:\/\/bitsrouter.com\/wp-content\/uploads\/2023\/04\/H89c41a38c75b49d0a42ac69dff1e2657d-768x768.jpg 768w\" sizes=\"auto, (max-width: 800px) 100vw, 800px\" \/> <img loading=\"lazy\" decoding=\"async\" class=\"alignnone size-large wp-image-2770\" src=\"https:\/\/bitsrouter.com\/wp-content\/uploads\/2023\/04\/H08422b34aeb443b2ab48a75e14070ee9G.jpg\" alt=\"\" width=\"800\" height=\"800\" srcset=\"https:\/\/bitsrouter.com\/wp-content\/uploads\/2023\/04\/H08422b34aeb443b2ab48a75e14070ee9G.jpg 800w, https:\/\/bitsrouter.com\/wp-content\/uploads\/2023\/04\/H08422b34aeb443b2ab48a75e14070ee9G-500x500.jpg 500w, https:\/\/bitsrouter.com\/wp-content\/uploads\/2023\/04\/H08422b34aeb443b2ab48a75e14070ee9G-100x100.jpg 100w, https:\/\/bitsrouter.com\/wp-content\/uploads\/2023\/04\/H08422b34aeb443b2ab48a75e14070ee9G-300x300.jpg 300w, https:\/\/bitsrouter.com\/wp-content\/uploads\/2023\/04\/H08422b34aeb443b2ab48a75e14070ee9G-150x150.jpg 150w, https:\/\/bitsrouter.com\/wp-content\/uploads\/2023\/04\/H08422b34aeb443b2ab48a75e14070ee9G-768x768.jpg 768w\" sizes=\"auto, (max-width: 800px) 100vw, 800px\" \/> <img loading=\"lazy\" decoding=\"async\" class=\"alignnone size-large wp-image-2771\" src=\"https:\/\/bitsrouter.com\/wp-content\/uploads\/2023\/04\/Haee3e12fc4274990b5a5a159ed2f424b0.jpg\" alt=\"\" width=\"800\" height=\"800\" srcset=\"https:\/\/bitsrouter.com\/wp-content\/uploads\/2023\/04\/Haee3e12fc4274990b5a5a159ed2f424b0.jpg 800w, https:\/\/bitsrouter.com\/wp-content\/uploads\/2023\/04\/Haee3e12fc4274990b5a5a159ed2f424b0-500x500.jpg 500w, https:\/\/bitsrouter.com\/wp-content\/uploads\/2023\/04\/Haee3e12fc4274990b5a5a159ed2f424b0-100x100.jpg 100w, https:\/\/bitsrouter.com\/wp-content\/uploads\/2023\/04\/Haee3e12fc4274990b5a5a159ed2f424b0-300x300.jpg 300w, https:\/\/bitsrouter.com\/wp-content\/uploads\/2023\/04\/Haee3e12fc4274990b5a5a159ed2f424b0-150x150.jpg 150w, https:\/\/bitsrouter.com\/wp-content\/uploads\/2023\/04\/Haee3e12fc4274990b5a5a159ed2f424b0-768x768.jpg 768w\" sizes=\"auto, (max-width: 800px) 100vw, 800px\" \/><\/p>\n","protected":false},"excerpt":{"rendered":"<p>Die kreuzbest\u00fcckte Lochs\u00e4ge wird h\u00e4ufig in der Holz-, Metall- und Baubranche eingesetzt. Es kann zum Bohren von L\u00f6chern in Materialien wie Holz, Kunststoff, Metall, Trockenbauw\u00e4nde und mehr verwendet werden. Das kreuzf\u00f6rmige Design der Schneide reduziert Reibung und Hitzeentwicklung, was zu glatteren und saubereren Schnitten f\u00fchrt.<\/p>\n","protected":false},"featured_media":44800,"template":"","meta":{"om_disable_all_campaigns":false,"_monsterinsights_skip_tracking":false,"_monsterinsights_sitenote_active":false,"_monsterinsights_sitenote_note":"","_monsterinsights_sitenote_category":0},"product_brand":[],"product_cat":[171,172],"product_tag":[],"class_list":{"0":"post-39193","1":"product","2":"type-product","3":"status-publish","4":"has-post-thumbnail","6":"product_cat-bohrer-lochsagen-de","7":"product_cat-glas-kacheln-marmor","9":"first","10":"instock","11":"shipping-taxable","12":"purchasable","13":"product-type-simple"},"_links":{"self":[{"href":"https:\/\/bitsrouter.com\/de\/wp-json\/wp\/v2\/product\/39193","targetHints":{"allow":["GET"]}}],"collection":[{"href":"https:\/\/bitsrouter.com\/de\/wp-json\/wp\/v2\/product"}],"about":[{"href":"https:\/\/bitsrouter.com\/de\/wp-json\/wp\/v2\/types\/product"}],"wp:featuredmedia":[{"embeddable":true,"href":"https:\/\/bitsrouter.com\/de\/wp-json\/wp\/v2\/media\/44800"}],"wp:attachment":[{"href":"https:\/\/bitsrouter.com\/de\/wp-json\/wp\/v2\/media?parent=39193"}],"wp:term":[{"taxonomy":"product_brand","embeddable":true,"href":"https:\/\/bitsrouter.com\/de\/wp-json\/wp\/v2\/product_brand?post=39193"},{"taxonomy":"product_cat","embeddable":true,"href":"https:\/\/bitsrouter.com\/de\/wp-json\/wp\/v2\/product_cat?post=39193"},{"taxonomy":"product_tag","embeddable":true,"href":"https:\/\/bitsrouter.com\/de\/wp-json\/wp\/v2\/product_tag?post=39193"}],"curies":[{"name":"wp","href":"https:\/\/api.w.org\/{rel}","templated":true}]}}