{"id":39178,"date":"2023-07-24T16:23:48","date_gmt":"2023-07-24T16:23:48","guid":{"rendered":"https:\/\/bitsrouter.com\/shop\/tl4862schiebetisch-und-griffstuetze-fuer-die-holzbearbeitung\/"},"modified":"2023-07-24T16:23:48","modified_gmt":"2023-07-24T16:23:48","slug":"tl4862schiebetisch-und-griffstuetze-fuer-die-holzbearbeitung","status":"publish","type":"product","link":"https:\/\/bitsrouter.com\/de\/shop\/tl4862schiebetisch-und-griffstuetze-fuer-die-holzbearbeitung","title":{"rendered":"(TL4862)Schiebetisch und Griffst\u00fctze f\u00fcr die Holzbearbeitung"},"content":{"rendered":"<p><img loading=\"lazy\" decoding=\"async\" class=\"alignnone size-full wp-image-12198\" src=\"https:\/\/bitsrouter.com\/wp-content\/uploads\/2023\/07\/15343464675_1478580503.jpg\" alt=\"\" width=\"800\" height=\"800\" srcset=\"https:\/\/bitsrouter.com\/wp-content\/uploads\/2023\/07\/15343464675_1478580503.jpg 800w, https:\/\/bitsrouter.com\/wp-content\/uploads\/2023\/07\/15343464675_1478580503-500x500.jpg 500w, https:\/\/bitsrouter.com\/wp-content\/uploads\/2023\/07\/15343464675_1478580503-100x100.jpg 100w, https:\/\/bitsrouter.com\/wp-content\/uploads\/2023\/07\/15343464675_1478580503-300x300.jpg 300w, https:\/\/bitsrouter.com\/wp-content\/uploads\/2023\/07\/15343464675_1478580503-150x150.jpg 150w, https:\/\/bitsrouter.com\/wp-content\/uploads\/2023\/07\/15343464675_1478580503-768x768.jpg 768w\" sizes=\"auto, (max-width: 800px) 100vw, 800px\" \/> <img loading=\"lazy\" decoding=\"async\" class=\"alignnone size-full wp-image-12199\" src=\"https:\/\/bitsrouter.com\/wp-content\/uploads\/2023\/07\/15343467574_1478580503.jpg\" alt=\"\" width=\"800\" height=\"800\" srcset=\"https:\/\/bitsrouter.com\/wp-content\/uploads\/2023\/07\/15343467574_1478580503.jpg 800w, https:\/\/bitsrouter.com\/wp-content\/uploads\/2023\/07\/15343467574_1478580503-500x500.jpg 500w, https:\/\/bitsrouter.com\/wp-content\/uploads\/2023\/07\/15343467574_1478580503-100x100.jpg 100w, https:\/\/bitsrouter.com\/wp-content\/uploads\/2023\/07\/15343467574_1478580503-300x300.jpg 300w, https:\/\/bitsrouter.com\/wp-content\/uploads\/2023\/07\/15343467574_1478580503-150x150.jpg 150w, https:\/\/bitsrouter.com\/wp-content\/uploads\/2023\/07\/15343467574_1478580503-768x768.jpg 768w\" sizes=\"auto, (max-width: 800px) 100vw, 800px\" \/> <img loading=\"lazy\" decoding=\"async\" class=\"alignnone size-full wp-image-12200\" src=\"https:\/\/bitsrouter.com\/wp-content\/uploads\/2023\/07\/O1CN01eccT8f25YSJ4qTXEs_3167097538-0-cib.jpg\" alt=\"\" width=\"800\" height=\"600\" srcset=\"https:\/\/bitsrouter.com\/wp-content\/uploads\/2023\/07\/O1CN01eccT8f25YSJ4qTXEs_3167097538-0-cib.jpg 800w, https:\/\/bitsrouter.com\/wp-content\/uploads\/2023\/07\/O1CN01eccT8f25YSJ4qTXEs_3167097538-0-cib-500x375.jpg 500w, https:\/\/bitsrouter.com\/wp-content\/uploads\/2023\/07\/O1CN01eccT8f25YSJ4qTXEs_3167097538-0-cib-300x225.jpg 300w, https:\/\/bitsrouter.com\/wp-content\/uploads\/2023\/07\/O1CN01eccT8f25YSJ4qTXEs_3167097538-0-cib-768x576.jpg 768w\" sizes=\"auto, (max-width: 800px) 100vw, 800px\" \/> <img loading=\"lazy\" decoding=\"async\" class=\"alignnone size-full wp-image-12201\" src=\"https:\/\/bitsrouter.com\/wp-content\/uploads\/2023\/07\/O1CN01iJTTuw25YSIqde224_3167097538-0-cib.jpg\" alt=\"\" width=\"800\" height=\"800\" srcset=\"https:\/\/bitsrouter.com\/wp-content\/uploads\/2023\/07\/O1CN01iJTTuw25YSIqde224_3167097538-0-cib.jpg 800w, https:\/\/bitsrouter.com\/wp-content\/uploads\/2023\/07\/O1CN01iJTTuw25YSIqde224_3167097538-0-cib-500x500.jpg 500w, https:\/\/bitsrouter.com\/wp-content\/uploads\/2023\/07\/O1CN01iJTTuw25YSIqde224_3167097538-0-cib-100x100.jpg 100w, https:\/\/bitsrouter.com\/wp-content\/uploads\/2023\/07\/O1CN01iJTTuw25YSIqde224_3167097538-0-cib-300x300.jpg 300w, https:\/\/bitsrouter.com\/wp-content\/uploads\/2023\/07\/O1CN01iJTTuw25YSIqde224_3167097538-0-cib-150x150.jpg 150w, https:\/\/bitsrouter.com\/wp-content\/uploads\/2023\/07\/O1CN01iJTTuw25YSIqde224_3167097538-0-cib-768x768.jpg 768w\" sizes=\"auto, (max-width: 800px) 100vw, 800px\" \/> <img loading=\"lazy\" decoding=\"async\" class=\"alignnone size-full wp-image-12202\" src=\"https:\/\/bitsrouter.com\/wp-content\/uploads\/2023\/07\/O1CN019AQLNH25YSJ4qSrfc_3167097538-0-cib.jpg\" alt=\"\" width=\"800\" height=\"800\" srcset=\"https:\/\/bitsrouter.com\/wp-content\/uploads\/2023\/07\/O1CN019AQLNH25YSJ4qSrfc_3167097538-0-cib.jpg 800w, https:\/\/bitsrouter.com\/wp-content\/uploads\/2023\/07\/O1CN019AQLNH25YSJ4qSrfc_3167097538-0-cib-500x500.jpg 500w, https:\/\/bitsrouter.com\/wp-content\/uploads\/2023\/07\/O1CN019AQLNH25YSJ4qSrfc_3167097538-0-cib-100x100.jpg 100w, https:\/\/bitsrouter.com\/wp-content\/uploads\/2023\/07\/O1CN019AQLNH25YSJ4qSrfc_3167097538-0-cib-300x300.jpg 300w, https:\/\/bitsrouter.com\/wp-content\/uploads\/2023\/07\/O1CN019AQLNH25YSJ4qSrfc_3167097538-0-cib-150x150.jpg 150w, https:\/\/bitsrouter.com\/wp-content\/uploads\/2023\/07\/O1CN019AQLNH25YSJ4qSrfc_3167097538-0-cib-768x768.jpg 768w\" sizes=\"auto, (max-width: 800px) 100vw, 800px\" \/><\/p>\n","protected":false},"excerpt":{"rendered":"<p>Die spezielle Tisch- und Griffst\u00fctze f\u00fcr die Holzbearbeitung ist ein spezielles und unverzichtbares Werkzeug, das die Sicherheit und Genauigkeit bei der Verwendung einer Tischs\u00e4ge oder anderer Holzbearbeitungsger\u00e4te erh\u00f6ht.<\/p>\n<p>Dieser Schiebetisch mit Griffst\u00fctze wurde mit Blick auf Langlebigkeit und Stabilit\u00e4t gefertigt und gew\u00e4hrleistet zuverl\u00e4ssige Leistung in der Werkstatt. Der Schiebetisch bietet eine sichere Oberfl\u00e4che f\u00fcr die F\u00fchrung des Werkst\u00fccks durch die S\u00e4ge, verhindert den Kontakt der H\u00e4nde mit dem S\u00e4geblatt und verringert das Unfallrisiko.<\/p>\n","protected":false},"featured_media":46562,"template":"","meta":{"om_disable_all_campaigns":false,"_monsterinsights_skip_tracking":false,"_monsterinsights_sitenote_active":false,"_monsterinsights_sitenote_note":"","_monsterinsights_sitenote_category":0},"product_brand":[],"product_cat":[158],"product_tag":[],"class_list":{"0":"post-39178","1":"product","2":"type-product","3":"status-publish","4":"has-post-thumbnail","6":"product_cat-woodworking-tools-de","8":"first","9":"instock","10":"shipping-taxable","11":"purchasable","12":"product-type-variable"},"_links":{"self":[{"href":"https:\/\/bitsrouter.com\/de\/wp-json\/wp\/v2\/product\/39178","targetHints":{"allow":["GET"]}}],"collection":[{"href":"https:\/\/bitsrouter.com\/de\/wp-json\/wp\/v2\/product"}],"about":[{"href":"https:\/\/bitsrouter.com\/de\/wp-json\/wp\/v2\/types\/product"}],"wp:featuredmedia":[{"embeddable":true,"href":"https:\/\/bitsrouter.com\/de\/wp-json\/wp\/v2\/media\/46562"}],"wp:attachment":[{"href":"https:\/\/bitsrouter.com\/de\/wp-json\/wp\/v2\/media?parent=39178"}],"wp:term":[{"taxonomy":"product_brand","embeddable":true,"href":"https:\/\/bitsrouter.com\/de\/wp-json\/wp\/v2\/product_brand?post=39178"},{"taxonomy":"product_cat","embeddable":true,"href":"https:\/\/bitsrouter.com\/de\/wp-json\/wp\/v2\/product_cat?post=39178"},{"taxonomy":"product_tag","embeddable":true,"href":"https:\/\/bitsrouter.com\/de\/wp-json\/wp\/v2\/product_tag?post=39178"}],"curies":[{"name":"wp","href":"https:\/\/api.w.org\/{rel}","templated":true}]}}