{"id":39167,"date":"2023-07-24T16:40:58","date_gmt":"2023-07-24T16:40:58","guid":{"rendered":"https:\/\/bitsrouter.com\/shop\/tl3091schablone-zur-positionierung-von-kreisboegen-fuer-die-holzbearbeitung\/"},"modified":"2023-07-24T16:40:58","modified_gmt":"2023-07-24T16:40:58","slug":"tl3091schablone-zur-positionierung-von-kreisboegen-fuer-die-holzbearbeitung","status":"publish","type":"product","link":"https:\/\/bitsrouter.com\/de\/shop\/tl3091schablone-zur-positionierung-von-kreisboegen-fuer-die-holzbearbeitung","title":{"rendered":"(TL3091)Schablone zur Positionierung von Kreisb\u00f6gen f\u00fcr die Holzbearbeitung"},"content":{"rendered":"<p><img loading=\"lazy\" decoding=\"async\" class=\"alignnone size-full wp-image-12220\" src=\"https:\/\/bitsrouter.com\/wp-content\/uploads\/2023\/07\/11621607222_1478580503.jpg\" alt=\"\" width=\"800\" height=\"800\" srcset=\"https:\/\/bitsrouter.com\/wp-content\/uploads\/2023\/07\/11621607222_1478580503.jpg 800w, https:\/\/bitsrouter.com\/wp-content\/uploads\/2023\/07\/11621607222_1478580503-500x500.jpg 500w, https:\/\/bitsrouter.com\/wp-content\/uploads\/2023\/07\/11621607222_1478580503-100x100.jpg 100w, https:\/\/bitsrouter.com\/wp-content\/uploads\/2023\/07\/11621607222_1478580503-300x300.jpg 300w, https:\/\/bitsrouter.com\/wp-content\/uploads\/2023\/07\/11621607222_1478580503-150x150.jpg 150w, https:\/\/bitsrouter.com\/wp-content\/uploads\/2023\/07\/11621607222_1478580503-768x768.jpg 768w\" sizes=\"auto, (max-width: 800px) 100vw, 800px\" \/> <img loading=\"lazy\" decoding=\"async\" class=\"alignnone size-full wp-image-12221\" src=\"https:\/\/bitsrouter.com\/wp-content\/uploads\/2023\/07\/11657983489_1478580503.jpg\" alt=\"\" width=\"800\" height=\"800\" srcset=\"https:\/\/bitsrouter.com\/wp-content\/uploads\/2023\/07\/11657983489_1478580503.jpg 800w, https:\/\/bitsrouter.com\/wp-content\/uploads\/2023\/07\/11657983489_1478580503-500x500.jpg 500w, https:\/\/bitsrouter.com\/wp-content\/uploads\/2023\/07\/11657983489_1478580503-100x100.jpg 100w, https:\/\/bitsrouter.com\/wp-content\/uploads\/2023\/07\/11657983489_1478580503-300x300.jpg 300w, https:\/\/bitsrouter.com\/wp-content\/uploads\/2023\/07\/11657983489_1478580503-150x150.jpg 150w, https:\/\/bitsrouter.com\/wp-content\/uploads\/2023\/07\/11657983489_1478580503-768x768.jpg 768w\" sizes=\"auto, (max-width: 800px) 100vw, 800px\" \/> <img loading=\"lazy\" decoding=\"async\" class=\"alignnone size-full wp-image-12222\" src=\"https:\/\/bitsrouter.com\/wp-content\/uploads\/2023\/07\/11657992417_1478580503.jpg\" alt=\"\" width=\"800\" height=\"800\" srcset=\"https:\/\/bitsrouter.com\/wp-content\/uploads\/2023\/07\/11657992417_1478580503.jpg 800w, https:\/\/bitsrouter.com\/wp-content\/uploads\/2023\/07\/11657992417_1478580503-500x500.jpg 500w, https:\/\/bitsrouter.com\/wp-content\/uploads\/2023\/07\/11657992417_1478580503-100x100.jpg 100w, https:\/\/bitsrouter.com\/wp-content\/uploads\/2023\/07\/11657992417_1478580503-300x300.jpg 300w, https:\/\/bitsrouter.com\/wp-content\/uploads\/2023\/07\/11657992417_1478580503-150x150.jpg 150w, https:\/\/bitsrouter.com\/wp-content\/uploads\/2023\/07\/11657992417_1478580503-768x768.jpg 768w\" sizes=\"auto, (max-width: 800px) 100vw, 800px\" \/> <img loading=\"lazy\" decoding=\"async\" class=\"alignnone size-full wp-image-12223\" src=\"https:\/\/bitsrouter.com\/wp-content\/uploads\/2023\/07\/11688956518_1478580503.jpg\" alt=\"\" width=\"800\" height=\"800\" srcset=\"https:\/\/bitsrouter.com\/wp-content\/uploads\/2023\/07\/11688956518_1478580503.jpg 800w, https:\/\/bitsrouter.com\/wp-content\/uploads\/2023\/07\/11688956518_1478580503-500x500.jpg 500w, https:\/\/bitsrouter.com\/wp-content\/uploads\/2023\/07\/11688956518_1478580503-100x100.jpg 100w, https:\/\/bitsrouter.com\/wp-content\/uploads\/2023\/07\/11688956518_1478580503-300x300.jpg 300w, https:\/\/bitsrouter.com\/wp-content\/uploads\/2023\/07\/11688956518_1478580503-150x150.jpg 150w, https:\/\/bitsrouter.com\/wp-content\/uploads\/2023\/07\/11688956518_1478580503-768x768.jpg 768w\" sizes=\"auto, (max-width: 800px) 100vw, 800px\" \/> <img loading=\"lazy\" decoding=\"async\" class=\"alignnone size-full wp-image-12224\" src=\"https:\/\/bitsrouter.com\/wp-content\/uploads\/2023\/07\/11688959377_1478580503.jpg\" alt=\"\" width=\"800\" height=\"800\" srcset=\"https:\/\/bitsrouter.com\/wp-content\/uploads\/2023\/07\/11688959377_1478580503.jpg 800w, https:\/\/bitsrouter.com\/wp-content\/uploads\/2023\/07\/11688959377_1478580503-500x500.jpg 500w, https:\/\/bitsrouter.com\/wp-content\/uploads\/2023\/07\/11688959377_1478580503-100x100.jpg 100w, https:\/\/bitsrouter.com\/wp-content\/uploads\/2023\/07\/11688959377_1478580503-300x300.jpg 300w, https:\/\/bitsrouter.com\/wp-content\/uploads\/2023\/07\/11688959377_1478580503-150x150.jpg 150w, https:\/\/bitsrouter.com\/wp-content\/uploads\/2023\/07\/11688959377_1478580503-768x768.jpg 768w\" sizes=\"auto, (max-width: 800px) 100vw, 800px\" \/><\/p>\n","protected":false},"excerpt":{"rendered":"<p>Die Positionierungsschablone f\u00fcr Kreisb\u00f6gen ist ein spezielles Werkzeug, das Holzarbeitern bei der genauen Positionierung und Erstellung von Kreisb\u00f6gen in ihren Holzbearbeitungsprojekten helfen soll.<\/p>\n<p>Diese mit Blick auf Pr\u00e4zision und Langlebigkeit gefertigte Schablone gew\u00e4hrleistet zuverl\u00e4ssige Leistung in der Werkstatt. Die Schablone ist in der Regel mit klaren Markierungen und Richtlinien versehen, die es dem Holzbearbeiter erm\u00f6glichen, die Schablone leicht auf dem Werkst\u00fcck auszurichten und zu befestigen.<\/p>\n","protected":false},"featured_media":46514,"template":"","meta":{"om_disable_all_campaigns":false,"_monsterinsights_skip_tracking":false,"_monsterinsights_sitenote_active":false,"_monsterinsights_sitenote_note":"","_monsterinsights_sitenote_category":0},"product_brand":[],"product_cat":[22],"product_tag":[],"class_list":{"0":"post-39167","1":"product","2":"type-product","3":"status-publish","4":"has-post-thumbnail","6":"product_cat-uncategorized","8":"first","9":"instock","10":"shipping-taxable","11":"purchasable","12":"product-type-variable"},"_links":{"self":[{"href":"https:\/\/bitsrouter.com\/de\/wp-json\/wp\/v2\/product\/39167","targetHints":{"allow":["GET"]}}],"collection":[{"href":"https:\/\/bitsrouter.com\/de\/wp-json\/wp\/v2\/product"}],"about":[{"href":"https:\/\/bitsrouter.com\/de\/wp-json\/wp\/v2\/types\/product"}],"wp:featuredmedia":[{"embeddable":true,"href":"https:\/\/bitsrouter.com\/de\/wp-json\/wp\/v2\/media\/46514"}],"wp:attachment":[{"href":"https:\/\/bitsrouter.com\/de\/wp-json\/wp\/v2\/media?parent=39167"}],"wp:term":[{"taxonomy":"product_brand","embeddable":true,"href":"https:\/\/bitsrouter.com\/de\/wp-json\/wp\/v2\/product_brand?post=39167"},{"taxonomy":"product_cat","embeddable":true,"href":"https:\/\/bitsrouter.com\/de\/wp-json\/wp\/v2\/product_cat?post=39167"},{"taxonomy":"product_tag","embeddable":true,"href":"https:\/\/bitsrouter.com\/de\/wp-json\/wp\/v2\/product_tag?post=39167"}],"curies":[{"name":"wp","href":"https:\/\/api.w.org\/{rel}","templated":true}]}}