{"id":39112,"date":"2023-07-24T17:35:27","date_gmt":"2023-07-24T17:35:27","guid":{"rendered":"https:\/\/bitsrouter.com\/shop\/tl3401holzbearbeitung-druckplatte-fuehrungsschiene-befestigungswerkzeug-t-foermige-rutsche\/"},"modified":"2023-07-24T17:35:27","modified_gmt":"2023-07-24T17:35:27","slug":"tl3401holzbearbeitung-druckplatte-fuehrungsschiene-befestigungswerkzeug-t-foermige-rutsche","status":"publish","type":"product","link":"https:\/\/bitsrouter.com\/de\/shop\/tl3401holzbearbeitung-druckplatte-fuehrungsschiene-befestigungswerkzeug-t-foermige-rutsche","title":{"rendered":"(TL3401)Holzbearbeitung Druckplatte F\u00fchrungsschiene Befestigungswerkzeug T-f\u00f6rmige Rutsche"},"content":{"rendered":"<p><img loading=\"lazy\" decoding=\"async\" class=\"alignnone size-full wp-image-12326\" src=\"https:\/\/bitsrouter.com\/wp-content\/uploads\/2023\/07\/10031190833_1478580503.jpg\" alt=\"\" width=\"800\" height=\"800\" srcset=\"https:\/\/bitsrouter.com\/wp-content\/uploads\/2023\/07\/10031190833_1478580503.jpg 800w, https:\/\/bitsrouter.com\/wp-content\/uploads\/2023\/07\/10031190833_1478580503-500x500.jpg 500w, https:\/\/bitsrouter.com\/wp-content\/uploads\/2023\/07\/10031190833_1478580503-100x100.jpg 100w, https:\/\/bitsrouter.com\/wp-content\/uploads\/2023\/07\/10031190833_1478580503-300x300.jpg 300w, https:\/\/bitsrouter.com\/wp-content\/uploads\/2023\/07\/10031190833_1478580503-150x150.jpg 150w, https:\/\/bitsrouter.com\/wp-content\/uploads\/2023\/07\/10031190833_1478580503-768x768.jpg 768w\" sizes=\"auto, (max-width: 800px) 100vw, 800px\" \/> <img loading=\"lazy\" decoding=\"async\" class=\"alignnone size-full wp-image-12327\" src=\"https:\/\/bitsrouter.com\/wp-content\/uploads\/2023\/07\/10031217657_1478580503.jpg\" alt=\"\" width=\"800\" height=\"800\" srcset=\"https:\/\/bitsrouter.com\/wp-content\/uploads\/2023\/07\/10031217657_1478580503.jpg 800w, https:\/\/bitsrouter.com\/wp-content\/uploads\/2023\/07\/10031217657_1478580503-500x500.jpg 500w, https:\/\/bitsrouter.com\/wp-content\/uploads\/2023\/07\/10031217657_1478580503-100x100.jpg 100w, https:\/\/bitsrouter.com\/wp-content\/uploads\/2023\/07\/10031217657_1478580503-300x300.jpg 300w, https:\/\/bitsrouter.com\/wp-content\/uploads\/2023\/07\/10031217657_1478580503-150x150.jpg 150w, https:\/\/bitsrouter.com\/wp-content\/uploads\/2023\/07\/10031217657_1478580503-768x768.jpg 768w\" sizes=\"auto, (max-width: 800px) 100vw, 800px\" \/><\/p>\n<p><img loading=\"lazy\" decoding=\"async\" class=\"alignnone size-full wp-image-12328\" src=\"https:\/\/bitsrouter.com\/wp-content\/uploads\/2023\/07\/10031250244_1478580503.jpg\" alt=\"\" width=\"750\" height=\"736\" srcset=\"https:\/\/bitsrouter.com\/wp-content\/uploads\/2023\/07\/10031250244_1478580503.jpg 750w, https:\/\/bitsrouter.com\/wp-content\/uploads\/2023\/07\/10031250244_1478580503-500x491.jpg 500w, https:\/\/bitsrouter.com\/wp-content\/uploads\/2023\/07\/10031250244_1478580503-300x294.jpg 300w\" sizes=\"auto, (max-width: 750px) 100vw, 750px\" \/> <img loading=\"lazy\" decoding=\"async\" class=\"alignnone size-full wp-image-12329\" src=\"https:\/\/bitsrouter.com\/wp-content\/uploads\/2023\/07\/10058887746_1478580503.jpg\" alt=\"\" width=\"800\" height=\"800\" srcset=\"https:\/\/bitsrouter.com\/wp-content\/uploads\/2023\/07\/10058887746_1478580503.jpg 800w, https:\/\/bitsrouter.com\/wp-content\/uploads\/2023\/07\/10058887746_1478580503-500x500.jpg 500w, https:\/\/bitsrouter.com\/wp-content\/uploads\/2023\/07\/10058887746_1478580503-100x100.jpg 100w, https:\/\/bitsrouter.com\/wp-content\/uploads\/2023\/07\/10058887746_1478580503-300x300.jpg 300w, https:\/\/bitsrouter.com\/wp-content\/uploads\/2023\/07\/10058887746_1478580503-150x150.jpg 150w, https:\/\/bitsrouter.com\/wp-content\/uploads\/2023\/07\/10058887746_1478580503-768x768.jpg 768w\" sizes=\"auto, (max-width: 800px) 100vw, 800px\" \/> <img loading=\"lazy\" decoding=\"async\" class=\"alignnone size-full wp-image-12330\" src=\"https:\/\/bitsrouter.com\/wp-content\/uploads\/2023\/07\/10084304514_1478580503.jpg\" alt=\"\" width=\"750\" height=\"740\" srcset=\"https:\/\/bitsrouter.com\/wp-content\/uploads\/2023\/07\/10084304514_1478580503.jpg 750w, https:\/\/bitsrouter.com\/wp-content\/uploads\/2023\/07\/10084304514_1478580503-100x100.jpg 100w, https:\/\/bitsrouter.com\/wp-content\/uploads\/2023\/07\/10084304514_1478580503-500x493.jpg 500w, https:\/\/bitsrouter.com\/wp-content\/uploads\/2023\/07\/10084304514_1478580503-300x296.jpg 300w\" sizes=\"auto, (max-width: 750px) 100vw, 750px\" \/><\/p>\n<p><img loading=\"lazy\" decoding=\"async\" class=\"alignnone size-full wp-image-12331\" src=\"https:\/\/bitsrouter.com\/wp-content\/uploads\/2023\/07\/10084307047_1478580503.jpg\" alt=\"\" width=\"800\" height=\"800\" srcset=\"https:\/\/bitsrouter.com\/wp-content\/uploads\/2023\/07\/10084307047_1478580503.jpg 800w, https:\/\/bitsrouter.com\/wp-content\/uploads\/2023\/07\/10084307047_1478580503-500x500.jpg 500w, https:\/\/bitsrouter.com\/wp-content\/uploads\/2023\/07\/10084307047_1478580503-100x100.jpg 100w, https:\/\/bitsrouter.com\/wp-content\/uploads\/2023\/07\/10084307047_1478580503-300x300.jpg 300w, https:\/\/bitsrouter.com\/wp-content\/uploads\/2023\/07\/10084307047_1478580503-150x150.jpg 150w, https:\/\/bitsrouter.com\/wp-content\/uploads\/2023\/07\/10084307047_1478580503-768x768.jpg 768w\" sizes=\"auto, (max-width: 800px) 100vw, 800px\" \/><\/p>\n<p><img loading=\"lazy\" decoding=\"async\" class=\"alignnone size-full wp-image-12332\" src=\"https:\/\/bitsrouter.com\/wp-content\/uploads\/2023\/07\/Snipaste_2023-07-25_01-37-42.png\" alt=\"\" width=\"755\" height=\"698\" srcset=\"https:\/\/bitsrouter.com\/wp-content\/uploads\/2023\/07\/Snipaste_2023-07-25_01-37-42.png 755w, https:\/\/bitsrouter.com\/wp-content\/uploads\/2023\/07\/Snipaste_2023-07-25_01-37-42-500x462.png 500w, https:\/\/bitsrouter.com\/wp-content\/uploads\/2023\/07\/Snipaste_2023-07-25_01-37-42-300x277.png 300w\" sizes=\"auto, (max-width: 755px) 100vw, 755px\" \/><\/p>\n<p><img loading=\"lazy\" decoding=\"async\" class=\"alignnone size-full wp-image-12334\" src=\"https:\/\/bitsrouter.com\/wp-content\/uploads\/2023\/07\/Snipaste_2023-07-25_01-38-02.png\" alt=\"\" width=\"724\" height=\"577\" srcset=\"https:\/\/bitsrouter.com\/wp-content\/uploads\/2023\/07\/Snipaste_2023-07-25_01-38-02.png 724w, https:\/\/bitsrouter.com\/wp-content\/uploads\/2023\/07\/Snipaste_2023-07-25_01-38-02-500x398.png 500w, https:\/\/bitsrouter.com\/wp-content\/uploads\/2023\/07\/Snipaste_2023-07-25_01-38-02-300x239.png 300w\" sizes=\"auto, (max-width: 724px) 100vw, 724px\" \/><\/p>\n<p><img loading=\"lazy\" decoding=\"async\" class=\"alignnone size-full wp-image-12336\" src=\"https:\/\/bitsrouter.com\/wp-content\/uploads\/2023\/07\/Snipaste_2023-07-25_01-38-20.png\" alt=\"\" width=\"712\" height=\"845\" srcset=\"https:\/\/bitsrouter.com\/wp-content\/uploads\/2023\/07\/Snipaste_2023-07-25_01-38-20.png 712w, https:\/\/bitsrouter.com\/wp-content\/uploads\/2023\/07\/Snipaste_2023-07-25_01-38-20-500x593.png 500w, https:\/\/bitsrouter.com\/wp-content\/uploads\/2023\/07\/Snipaste_2023-07-25_01-38-20-253x300.png 253w\" sizes=\"auto, (max-width: 712px) 100vw, 712px\" \/><\/p>\n","protected":false},"excerpt":{"rendered":"<p>Das Holzbearbeitungswerkzeug zur Befestigung von F\u00fchrungsschienen mit T-f\u00f6rmiger Rutsche ist ein spezielles und praktisches Werkzeug, das Holzarbeitern bei der sicheren Befestigung von F\u00fchrungsschienen bei Holzbearbeitungsprojekten hilft.<\/p>\n<p>Dieses mit Blick auf Langlebigkeit und Pr\u00e4zision gefertigte Werkzeug gew\u00e4hrleistet zuverl\u00e4ssige Leistung in der Werkstatt. Die T-f\u00f6rmige Rutsche erm\u00f6glicht eine einfache und genaue Positionierung der F\u00fchrungsschiene und sorgt daf\u00fcr, dass sie beim Schneiden oder Fr\u00e4sen fest an ihrem Platz bleibt.<\/p>\n","protected":false},"featured_media":46522,"template":"","meta":{"om_disable_all_campaigns":false,"_monsterinsights_skip_tracking":false,"_monsterinsights_sitenote_active":false,"_monsterinsights_sitenote_note":"","_monsterinsights_sitenote_category":0},"product_brand":[],"product_cat":[22],"product_tag":[],"class_list":{"0":"post-39112","1":"product","2":"type-product","3":"status-publish","4":"has-post-thumbnail","6":"product_cat-uncategorized","8":"first","9":"instock","10":"shipping-taxable","11":"purchasable","12":"product-type-variable"},"_links":{"self":[{"href":"https:\/\/bitsrouter.com\/de\/wp-json\/wp\/v2\/product\/39112","targetHints":{"allow":["GET"]}}],"collection":[{"href":"https:\/\/bitsrouter.com\/de\/wp-json\/wp\/v2\/product"}],"about":[{"href":"https:\/\/bitsrouter.com\/de\/wp-json\/wp\/v2\/types\/product"}],"wp:featuredmedia":[{"embeddable":true,"href":"https:\/\/bitsrouter.com\/de\/wp-json\/wp\/v2\/media\/46522"}],"wp:attachment":[{"href":"https:\/\/bitsrouter.com\/de\/wp-json\/wp\/v2\/media?parent=39112"}],"wp:term":[{"taxonomy":"product_brand","embeddable":true,"href":"https:\/\/bitsrouter.com\/de\/wp-json\/wp\/v2\/product_brand?post=39112"},{"taxonomy":"product_cat","embeddable":true,"href":"https:\/\/bitsrouter.com\/de\/wp-json\/wp\/v2\/product_cat?post=39112"},{"taxonomy":"product_tag","embeddable":true,"href":"https:\/\/bitsrouter.com\/de\/wp-json\/wp\/v2\/product_tag?post=39112"}],"curies":[{"name":"wp","href":"https:\/\/api.w.org\/{rel}","templated":true}]}}