{"id":39071,"date":"2023-07-24T17:29:31","date_gmt":"2023-07-24T17:29:31","guid":{"rendered":"https:\/\/bitsrouter.com\/shop\/tl8357holzbearbeitungs-stanzsuchgeraet\/"},"modified":"2023-07-24T17:29:31","modified_gmt":"2023-07-24T17:29:31","slug":"tl8357holzbearbeitungs-stanzsuchgeraet","status":"publish","type":"product","link":"https:\/\/bitsrouter.com\/de\/shop\/tl8357holzbearbeitungs-stanzsuchgeraet","title":{"rendered":"(TL8357)Holzbearbeitungs-Stanzsuchger\u00e4t"},"content":{"rendered":"<p><img loading=\"lazy\" decoding=\"async\" class=\"alignnone size-full wp-image-12316\" src=\"https:\/\/bitsrouter.com\/wp-content\/uploads\/2023\/07\/customized_pic009-10.jpg\" alt=\"\" width=\"1920\" height=\"1440\" srcset=\"https:\/\/bitsrouter.com\/wp-content\/uploads\/2023\/07\/customized_pic009-10.jpg 1920w, https:\/\/bitsrouter.com\/wp-content\/uploads\/2023\/07\/customized_pic009-10-500x375.jpg 500w, https:\/\/bitsrouter.com\/wp-content\/uploads\/2023\/07\/customized_pic009-10-300x225.jpg 300w, https:\/\/bitsrouter.com\/wp-content\/uploads\/2023\/07\/customized_pic009-10-1024x768.jpg 1024w, https:\/\/bitsrouter.com\/wp-content\/uploads\/2023\/07\/customized_pic009-10-768x576.jpg 768w, https:\/\/bitsrouter.com\/wp-content\/uploads\/2023\/07\/customized_pic009-10-1536x1152.jpg 1536w\" sizes=\"auto, (max-width: 1920px) 100vw, 1920px\" \/> <img loading=\"lazy\" decoding=\"async\" class=\"alignnone size-full wp-image-12317\" src=\"https:\/\/bitsrouter.com\/wp-content\/uploads\/2023\/07\/customized_pic012-12.jpg\" alt=\"\" width=\"1920\" height=\"1440\" srcset=\"https:\/\/bitsrouter.com\/wp-content\/uploads\/2023\/07\/customized_pic012-12.jpg 1920w, https:\/\/bitsrouter.com\/wp-content\/uploads\/2023\/07\/customized_pic012-12-500x375.jpg 500w, https:\/\/bitsrouter.com\/wp-content\/uploads\/2023\/07\/customized_pic012-12-300x225.jpg 300w, https:\/\/bitsrouter.com\/wp-content\/uploads\/2023\/07\/customized_pic012-12-1024x768.jpg 1024w, https:\/\/bitsrouter.com\/wp-content\/uploads\/2023\/07\/customized_pic012-12-768x576.jpg 768w, https:\/\/bitsrouter.com\/wp-content\/uploads\/2023\/07\/customized_pic012-12-1536x1152.jpg 1536w\" sizes=\"auto, (max-width: 1920px) 100vw, 1920px\" \/> <img loading=\"lazy\" decoding=\"async\" class=\"alignnone size-full wp-image-12318\" src=\"https:\/\/bitsrouter.com\/wp-content\/uploads\/2023\/07\/customized_pic014-13.jpg\" alt=\"\" width=\"1920\" height=\"1440\" srcset=\"https:\/\/bitsrouter.com\/wp-content\/uploads\/2023\/07\/customized_pic014-13.jpg 1920w, https:\/\/bitsrouter.com\/wp-content\/uploads\/2023\/07\/customized_pic014-13-500x375.jpg 500w, https:\/\/bitsrouter.com\/wp-content\/uploads\/2023\/07\/customized_pic014-13-300x225.jpg 300w, https:\/\/bitsrouter.com\/wp-content\/uploads\/2023\/07\/customized_pic014-13-1024x768.jpg 1024w, https:\/\/bitsrouter.com\/wp-content\/uploads\/2023\/07\/customized_pic014-13-768x576.jpg 768w, https:\/\/bitsrouter.com\/wp-content\/uploads\/2023\/07\/customized_pic014-13-1536x1152.jpg 1536w\" sizes=\"auto, (max-width: 1920px) 100vw, 1920px\" \/> <img loading=\"lazy\" decoding=\"async\" class=\"alignnone size-full wp-image-12319\" src=\"https:\/\/bitsrouter.com\/wp-content\/uploads\/2023\/07\/customized_pic015-7.jpg\" alt=\"\" width=\"1920\" height=\"1440\" srcset=\"https:\/\/bitsrouter.com\/wp-content\/uploads\/2023\/07\/customized_pic015-7.jpg 1920w, https:\/\/bitsrouter.com\/wp-content\/uploads\/2023\/07\/customized_pic015-7-500x375.jpg 500w, https:\/\/bitsrouter.com\/wp-content\/uploads\/2023\/07\/customized_pic015-7-300x225.jpg 300w, https:\/\/bitsrouter.com\/wp-content\/uploads\/2023\/07\/customized_pic015-7-1024x768.jpg 1024w, https:\/\/bitsrouter.com\/wp-content\/uploads\/2023\/07\/customized_pic015-7-768x576.jpg 768w, https:\/\/bitsrouter.com\/wp-content\/uploads\/2023\/07\/customized_pic015-7-1536x1152.jpg 1536w\" sizes=\"auto, (max-width: 1920px) 100vw, 1920px\" \/><img loading=\"lazy\" decoding=\"async\" class=\"alignnone size-full wp-image-12312\" src=\"https:\/\/bitsrouter.com\/wp-content\/uploads\/2023\/07\/O1CN01kUMNUt25YSEZcZsqw_3167097538-0-cib.jpg\" alt=\"\" width=\"800\" height=\"800\" srcset=\"https:\/\/bitsrouter.com\/wp-content\/uploads\/2023\/07\/O1CN01kUMNUt25YSEZcZsqw_3167097538-0-cib.jpg 800w, https:\/\/bitsrouter.com\/wp-content\/uploads\/2023\/07\/O1CN01kUMNUt25YSEZcZsqw_3167097538-0-cib-500x500.jpg 500w, https:\/\/bitsrouter.com\/wp-content\/uploads\/2023\/07\/O1CN01kUMNUt25YSEZcZsqw_3167097538-0-cib-100x100.jpg 100w, https:\/\/bitsrouter.com\/wp-content\/uploads\/2023\/07\/O1CN01kUMNUt25YSEZcZsqw_3167097538-0-cib-300x300.jpg 300w, https:\/\/bitsrouter.com\/wp-content\/uploads\/2023\/07\/O1CN01kUMNUt25YSEZcZsqw_3167097538-0-cib-150x150.jpg 150w, https:\/\/bitsrouter.com\/wp-content\/uploads\/2023\/07\/O1CN01kUMNUt25YSEZcZsqw_3167097538-0-cib-768x768.jpg 768w\" sizes=\"auto, (max-width: 800px) 100vw, 800px\" \/> <img loading=\"lazy\" decoding=\"async\" class=\"alignnone size-full wp-image-12313\" src=\"https:\/\/bitsrouter.com\/wp-content\/uploads\/2023\/07\/O1CN01sOSoyT25YSEa8SvXg_3167097538-0-cib.jpg\" alt=\"\" width=\"800\" height=\"800\" srcset=\"https:\/\/bitsrouter.com\/wp-content\/uploads\/2023\/07\/O1CN01sOSoyT25YSEa8SvXg_3167097538-0-cib.jpg 800w, https:\/\/bitsrouter.com\/wp-content\/uploads\/2023\/07\/O1CN01sOSoyT25YSEa8SvXg_3167097538-0-cib-500x500.jpg 500w, https:\/\/bitsrouter.com\/wp-content\/uploads\/2023\/07\/O1CN01sOSoyT25YSEa8SvXg_3167097538-0-cib-100x100.jpg 100w, https:\/\/bitsrouter.com\/wp-content\/uploads\/2023\/07\/O1CN01sOSoyT25YSEa8SvXg_3167097538-0-cib-300x300.jpg 300w, https:\/\/bitsrouter.com\/wp-content\/uploads\/2023\/07\/O1CN01sOSoyT25YSEa8SvXg_3167097538-0-cib-150x150.jpg 150w, https:\/\/bitsrouter.com\/wp-content\/uploads\/2023\/07\/O1CN01sOSoyT25YSEa8SvXg_3167097538-0-cib-768x768.jpg 768w\" sizes=\"auto, (max-width: 800px) 100vw, 800px\" \/> <img loading=\"lazy\" decoding=\"async\" class=\"alignnone size-full wp-image-12314\" src=\"https:\/\/bitsrouter.com\/wp-content\/uploads\/2023\/07\/O1CN01wnKuQt25YSEWxciIf_3167097538-0-cib.jpg\" alt=\"\" width=\"1920\" height=\"1920\" srcset=\"https:\/\/bitsrouter.com\/wp-content\/uploads\/2023\/07\/O1CN01wnKuQt25YSEWxciIf_3167097538-0-cib.jpg 1920w, https:\/\/bitsrouter.com\/wp-content\/uploads\/2023\/07\/O1CN01wnKuQt25YSEWxciIf_3167097538-0-cib-500x500.jpg 500w, https:\/\/bitsrouter.com\/wp-content\/uploads\/2023\/07\/O1CN01wnKuQt25YSEWxciIf_3167097538-0-cib-100x100.jpg 100w, https:\/\/bitsrouter.com\/wp-content\/uploads\/2023\/07\/O1CN01wnKuQt25YSEWxciIf_3167097538-0-cib-300x300.jpg 300w, https:\/\/bitsrouter.com\/wp-content\/uploads\/2023\/07\/O1CN01wnKuQt25YSEWxciIf_3167097538-0-cib-1024x1024.jpg 1024w, https:\/\/bitsrouter.com\/wp-content\/uploads\/2023\/07\/O1CN01wnKuQt25YSEWxciIf_3167097538-0-cib-150x150.jpg 150w, https:\/\/bitsrouter.com\/wp-content\/uploads\/2023\/07\/O1CN01wnKuQt25YSEWxciIf_3167097538-0-cib-768x768.jpg 768w, https:\/\/bitsrouter.com\/wp-content\/uploads\/2023\/07\/O1CN01wnKuQt25YSEWxciIf_3167097538-0-cib-1536x1536.jpg 1536w\" sizes=\"auto, (max-width: 1920px) 100vw, 1920px\" \/><\/p>\n","protected":false},"excerpt":{"rendered":"<p>Der Woodworking Punching Locator ist ein spezielles Werkzeug, das Holzarbeitern beim pr\u00e4zisen Stanzen von L\u00f6chern in Holzbearbeitungsprojekten helfen soll. Dieses Werkzeug ist besonders n\u00fctzlich f\u00fcr Arbeiten, die eine pr\u00e4zise Platzierung der L\u00f6cher erfordern, wie z. B. Tischlerarbeiten, D\u00fcbelarbeiten und andere Holzbearbeitungsprojekte.<\/p>\n<p>Der mit Blick auf Langlebigkeit und Pr\u00e4zision gefertigte Holzbearbeitungs-Lochbohrer gew\u00e4hrleistet zuverl\u00e4ssige Leistung in der Werkstatt. In der Regel verf\u00fcgt er \u00fcber klare Markierungen und einstellbare F\u00fchrungen, die es dem Holzarbeiter erm\u00f6glichen, den Fixierer einfach auf dem Werkst\u00fcck zu positionieren und zu sichern.<\/p>\n","protected":false},"featured_media":46613,"template":"","meta":{"om_disable_all_campaigns":false,"_monsterinsights_skip_tracking":false,"_monsterinsights_sitenote_active":false,"_monsterinsights_sitenote_note":"","_monsterinsights_sitenote_category":0},"product_brand":[],"product_cat":[],"product_tag":[],"class_list":{"0":"post-39071","1":"product","2":"type-product","3":"status-publish","4":"has-post-thumbnail","7":"first","8":"instock","9":"shipping-taxable","10":"purchasable","11":"product-type-variable"},"_links":{"self":[{"href":"https:\/\/bitsrouter.com\/de\/wp-json\/wp\/v2\/product\/39071","targetHints":{"allow":["GET"]}}],"collection":[{"href":"https:\/\/bitsrouter.com\/de\/wp-json\/wp\/v2\/product"}],"about":[{"href":"https:\/\/bitsrouter.com\/de\/wp-json\/wp\/v2\/types\/product"}],"wp:featuredmedia":[{"embeddable":true,"href":"https:\/\/bitsrouter.com\/de\/wp-json\/wp\/v2\/media\/46613"}],"wp:attachment":[{"href":"https:\/\/bitsrouter.com\/de\/wp-json\/wp\/v2\/media?parent=39071"}],"wp:term":[{"taxonomy":"product_brand","embeddable":true,"href":"https:\/\/bitsrouter.com\/de\/wp-json\/wp\/v2\/product_brand?post=39071"},{"taxonomy":"product_cat","embeddable":true,"href":"https:\/\/bitsrouter.com\/de\/wp-json\/wp\/v2\/product_cat?post=39071"},{"taxonomy":"product_tag","embeddable":true,"href":"https:\/\/bitsrouter.com\/de\/wp-json\/wp\/v2\/product_tag?post=39071"}],"curies":[{"name":"wp","href":"https:\/\/api.w.org\/{rel}","templated":true}]}}