{"id":39041,"date":"2023-07-25T07:48:58","date_gmt":"2023-07-25T07:48:58","guid":{"rendered":"https:\/\/bitsrouter.com\/shop\/tc2623x600-3-bohrungssuchgeraet-fuer-die-holzbearbeitung\/"},"modified":"2023-07-25T07:48:58","modified_gmt":"2023-07-25T07:48:58","slug":"tc2623x600-3-bohrungssuchgeraet-fuer-die-holzbearbeitung","status":"publish","type":"product","link":"https:\/\/bitsrouter.com\/de\/shop\/tc2623x600-3-bohrungssuchgeraet-fuer-die-holzbearbeitung","title":{"rendered":"(TC2623)X600-3 Bohrungssuchger\u00e4t f\u00fcr die Holzbearbeitung"},"content":{"rendered":"<p><img loading=\"lazy\" decoding=\"async\" class=\"alignnone size-full wp-image-12361\" src=\"https:\/\/bitsrouter.com\/wp-content\/uploads\/2023\/07\/21866487150_1478580503.jpg\" alt=\"\" width=\"800\" height=\"800\" srcset=\"https:\/\/bitsrouter.com\/wp-content\/uploads\/2023\/07\/21866487150_1478580503.jpg 800w, https:\/\/bitsrouter.com\/wp-content\/uploads\/2023\/07\/21866487150_1478580503-500x500.jpg 500w, https:\/\/bitsrouter.com\/wp-content\/uploads\/2023\/07\/21866487150_1478580503-100x100.jpg 100w, https:\/\/bitsrouter.com\/wp-content\/uploads\/2023\/07\/21866487150_1478580503-300x300.jpg 300w, https:\/\/bitsrouter.com\/wp-content\/uploads\/2023\/07\/21866487150_1478580503-150x150.jpg 150w, https:\/\/bitsrouter.com\/wp-content\/uploads\/2023\/07\/21866487150_1478580503-768x768.jpg 768w\" sizes=\"auto, (max-width: 800px) 100vw, 800px\" \/> <img loading=\"lazy\" decoding=\"async\" class=\"alignnone size-full wp-image-12362\" src=\"https:\/\/bitsrouter.com\/wp-content\/uploads\/2023\/07\/21945151344_1478580503.jpg\" alt=\"\" width=\"800\" height=\"800\" srcset=\"https:\/\/bitsrouter.com\/wp-content\/uploads\/2023\/07\/21945151344_1478580503.jpg 800w, https:\/\/bitsrouter.com\/wp-content\/uploads\/2023\/07\/21945151344_1478580503-500x500.jpg 500w, https:\/\/bitsrouter.com\/wp-content\/uploads\/2023\/07\/21945151344_1478580503-100x100.jpg 100w, https:\/\/bitsrouter.com\/wp-content\/uploads\/2023\/07\/21945151344_1478580503-300x300.jpg 300w, https:\/\/bitsrouter.com\/wp-content\/uploads\/2023\/07\/21945151344_1478580503-150x150.jpg 150w, https:\/\/bitsrouter.com\/wp-content\/uploads\/2023\/07\/21945151344_1478580503-768x768.jpg 768w\" sizes=\"auto, (max-width: 800px) 100vw, 800px\" \/> <img loading=\"lazy\" decoding=\"async\" class=\"alignnone size-full wp-image-12363\" src=\"https:\/\/bitsrouter.com\/wp-content\/uploads\/2023\/07\/22034198253_1478580503.jpg\" alt=\"\" width=\"800\" height=\"800\" srcset=\"https:\/\/bitsrouter.com\/wp-content\/uploads\/2023\/07\/22034198253_1478580503.jpg 800w, https:\/\/bitsrouter.com\/wp-content\/uploads\/2023\/07\/22034198253_1478580503-500x500.jpg 500w, https:\/\/bitsrouter.com\/wp-content\/uploads\/2023\/07\/22034198253_1478580503-100x100.jpg 100w, https:\/\/bitsrouter.com\/wp-content\/uploads\/2023\/07\/22034198253_1478580503-300x300.jpg 300w, https:\/\/bitsrouter.com\/wp-content\/uploads\/2023\/07\/22034198253_1478580503-150x150.jpg 150w, https:\/\/bitsrouter.com\/wp-content\/uploads\/2023\/07\/22034198253_1478580503-768x768.jpg 768w\" sizes=\"auto, (max-width: 800px) 100vw, 800px\" \/> <img loading=\"lazy\" decoding=\"async\" class=\"alignnone size-full wp-image-12364\" src=\"https:\/\/bitsrouter.com\/wp-content\/uploads\/2023\/07\/22034201243_1478580503.jpg\" alt=\"\" width=\"800\" height=\"800\" srcset=\"https:\/\/bitsrouter.com\/wp-content\/uploads\/2023\/07\/22034201243_1478580503.jpg 800w, https:\/\/bitsrouter.com\/wp-content\/uploads\/2023\/07\/22034201243_1478580503-500x500.jpg 500w, https:\/\/bitsrouter.com\/wp-content\/uploads\/2023\/07\/22034201243_1478580503-100x100.jpg 100w, https:\/\/bitsrouter.com\/wp-content\/uploads\/2023\/07\/22034201243_1478580503-300x300.jpg 300w, https:\/\/bitsrouter.com\/wp-content\/uploads\/2023\/07\/22034201243_1478580503-150x150.jpg 150w, https:\/\/bitsrouter.com\/wp-content\/uploads\/2023\/07\/22034201243_1478580503-768x768.jpg 768w\" sizes=\"auto, (max-width: 800px) 100vw, 800px\" \/><\/p>\n<p><img loading=\"lazy\" decoding=\"async\" class=\"alignnone size-full wp-image-12365\" src=\"https:\/\/bitsrouter.com\/wp-content\/uploads\/2023\/07\/Snipaste_2023-07-25_15-49-31.png\" alt=\"\" width=\"740\" height=\"548\" srcset=\"https:\/\/bitsrouter.com\/wp-content\/uploads\/2023\/07\/Snipaste_2023-07-25_15-49-31.png 740w, https:\/\/bitsrouter.com\/wp-content\/uploads\/2023\/07\/Snipaste_2023-07-25_15-49-31-500x370.png 500w, https:\/\/bitsrouter.com\/wp-content\/uploads\/2023\/07\/Snipaste_2023-07-25_15-49-31-300x222.png 300w\" sizes=\"auto, (max-width: 740px) 100vw, 740px\" \/><\/p>\n<p><img loading=\"lazy\" decoding=\"async\" class=\"alignnone size-full wp-image-12366\" src=\"https:\/\/bitsrouter.com\/wp-content\/uploads\/2023\/07\/Snipaste_2023-07-25_15-49-51.png\" alt=\"\" width=\"749\" height=\"768\" srcset=\"https:\/\/bitsrouter.com\/wp-content\/uploads\/2023\/07\/Snipaste_2023-07-25_15-49-51.png 749w, https:\/\/bitsrouter.com\/wp-content\/uploads\/2023\/07\/Snipaste_2023-07-25_15-49-51-500x513.png 500w, https:\/\/bitsrouter.com\/wp-content\/uploads\/2023\/07\/Snipaste_2023-07-25_15-49-51-293x300.png 293w\" sizes=\"auto, (max-width: 749px) 100vw, 749px\" \/><\/p>\n<p><img loading=\"lazy\" decoding=\"async\" class=\"alignnone size-full wp-image-12367\" src=\"https:\/\/bitsrouter.com\/wp-content\/uploads\/2023\/07\/Snipaste_2023-07-25_15-50-01.png\" alt=\"\" width=\"749\" height=\"593\" srcset=\"https:\/\/bitsrouter.com\/wp-content\/uploads\/2023\/07\/Snipaste_2023-07-25_15-50-01.png 749w, https:\/\/bitsrouter.com\/wp-content\/uploads\/2023\/07\/Snipaste_2023-07-25_15-50-01-500x396.png 500w, https:\/\/bitsrouter.com\/wp-content\/uploads\/2023\/07\/Snipaste_2023-07-25_15-50-01-300x238.png 300w\" sizes=\"auto, (max-width: 749px) 100vw, 749px\" \/><\/p>\n","protected":false},"excerpt":{"rendered":"<p>Der X600-3 Woodworking Drilling Locator ist ein spezielles und effizientes Werkzeug, das Holzarbeiter beim pr\u00e4zisen Bohren von L\u00f6chern in verschiedenen Holzbearbeitungsprojekten unterst\u00fctzt.<\/p>\n<p>Der X600-3 Drilling Locator wurde mit Blick auf Pr\u00e4zision und Langlebigkeit entwickelt und gew\u00e4hrleistet zuverl\u00e4ssige Leistung in der Werkstatt. Er zeichnet sich durch ein benutzerfreundliches Design aus, das es Holzarbeitern erm\u00f6glicht, den Locator einfach auf dem Werkst\u00fcck zu positionieren und zu sichern.<\/p>\n","protected":false},"featured_media":46007,"template":"","meta":{"om_disable_all_campaigns":false,"_monsterinsights_skip_tracking":false,"_monsterinsights_sitenote_active":false,"_monsterinsights_sitenote_note":"","_monsterinsights_sitenote_category":0},"product_brand":[],"product_cat":[],"product_tag":[],"class_list":{"0":"post-39041","1":"product","2":"type-product","3":"status-publish","4":"has-post-thumbnail","7":"first","8":"instock","9":"shipping-taxable","10":"purchasable","11":"product-type-variable"},"_links":{"self":[{"href":"https:\/\/bitsrouter.com\/de\/wp-json\/wp\/v2\/product\/39041","targetHints":{"allow":["GET"]}}],"collection":[{"href":"https:\/\/bitsrouter.com\/de\/wp-json\/wp\/v2\/product"}],"about":[{"href":"https:\/\/bitsrouter.com\/de\/wp-json\/wp\/v2\/types\/product"}],"wp:featuredmedia":[{"embeddable":true,"href":"https:\/\/bitsrouter.com\/de\/wp-json\/wp\/v2\/media\/46007"}],"wp:attachment":[{"href":"https:\/\/bitsrouter.com\/de\/wp-json\/wp\/v2\/media?parent=39041"}],"wp:term":[{"taxonomy":"product_brand","embeddable":true,"href":"https:\/\/bitsrouter.com\/de\/wp-json\/wp\/v2\/product_brand?post=39041"},{"taxonomy":"product_cat","embeddable":true,"href":"https:\/\/bitsrouter.com\/de\/wp-json\/wp\/v2\/product_cat?post=39041"},{"taxonomy":"product_tag","embeddable":true,"href":"https:\/\/bitsrouter.com\/de\/wp-json\/wp\/v2\/product_tag?post=39041"}],"curies":[{"name":"wp","href":"https:\/\/api.w.org\/{rel}","templated":true}]}}