{"id":39018,"date":"2023-07-25T07:37:56","date_gmt":"2023-07-25T07:37:56","guid":{"rendered":"https:\/\/bitsrouter.com\/shop\/tl271x320-holzbearbeitungs-stanzsuchgeraet\/"},"modified":"2023-07-25T07:37:56","modified_gmt":"2023-07-25T07:37:56","slug":"tl271x320-holzbearbeitungs-stanzsuchgeraet","status":"publish","type":"product","link":"https:\/\/bitsrouter.com\/de\/shop\/tl271x320-holzbearbeitungs-stanzsuchgeraet","title":{"rendered":"(TL271)X320 Holzbearbeitungs-Stanzsuchger\u00e4t"},"content":{"rendered":"<p><img loading=\"lazy\" decoding=\"async\" class=\"alignnone size-full wp-image-12346\" src=\"https:\/\/bitsrouter.com\/wp-content\/uploads\/2023\/07\/customized_pic002-7.jpg\" alt=\"\" width=\"800\" height=\"800\" srcset=\"https:\/\/bitsrouter.com\/wp-content\/uploads\/2023\/07\/customized_pic002-7.jpg 800w, https:\/\/bitsrouter.com\/wp-content\/uploads\/2023\/07\/customized_pic002-7-500x500.jpg 500w, https:\/\/bitsrouter.com\/wp-content\/uploads\/2023\/07\/customized_pic002-7-100x100.jpg 100w, https:\/\/bitsrouter.com\/wp-content\/uploads\/2023\/07\/customized_pic002-7-300x300.jpg 300w, https:\/\/bitsrouter.com\/wp-content\/uploads\/2023\/07\/customized_pic002-7-150x150.jpg 150w, https:\/\/bitsrouter.com\/wp-content\/uploads\/2023\/07\/customized_pic002-7-768x768.jpg 768w\" sizes=\"auto, (max-width: 800px) 100vw, 800px\" \/> <img loading=\"lazy\" decoding=\"async\" class=\"alignnone size-full wp-image-12347\" src=\"https:\/\/bitsrouter.com\/wp-content\/uploads\/2023\/07\/customized_pic005-5.jpg\" alt=\"\" width=\"800\" height=\"800\" srcset=\"https:\/\/bitsrouter.com\/wp-content\/uploads\/2023\/07\/customized_pic005-5.jpg 800w, https:\/\/bitsrouter.com\/wp-content\/uploads\/2023\/07\/customized_pic005-5-500x500.jpg 500w, https:\/\/bitsrouter.com\/wp-content\/uploads\/2023\/07\/customized_pic005-5-100x100.jpg 100w, https:\/\/bitsrouter.com\/wp-content\/uploads\/2023\/07\/customized_pic005-5-300x300.jpg 300w, https:\/\/bitsrouter.com\/wp-content\/uploads\/2023\/07\/customized_pic005-5-150x150.jpg 150w, https:\/\/bitsrouter.com\/wp-content\/uploads\/2023\/07\/customized_pic005-5-768x768.jpg 768w\" sizes=\"auto, (max-width: 800px) 100vw, 800px\" \/> <img loading=\"lazy\" decoding=\"async\" class=\"alignnone size-full wp-image-12348\" src=\"https:\/\/bitsrouter.com\/wp-content\/uploads\/2023\/07\/customized_pic007-9.jpg\" alt=\"\" width=\"800\" height=\"800\" srcset=\"https:\/\/bitsrouter.com\/wp-content\/uploads\/2023\/07\/customized_pic007-9.jpg 800w, https:\/\/bitsrouter.com\/wp-content\/uploads\/2023\/07\/customized_pic007-9-500x500.jpg 500w, https:\/\/bitsrouter.com\/wp-content\/uploads\/2023\/07\/customized_pic007-9-100x100.jpg 100w, https:\/\/bitsrouter.com\/wp-content\/uploads\/2023\/07\/customized_pic007-9-300x300.jpg 300w, https:\/\/bitsrouter.com\/wp-content\/uploads\/2023\/07\/customized_pic007-9-150x150.jpg 150w, https:\/\/bitsrouter.com\/wp-content\/uploads\/2023\/07\/customized_pic007-9-768x768.jpg 768w\" sizes=\"auto, (max-width: 800px) 100vw, 800px\" \/> <img loading=\"lazy\" decoding=\"async\" class=\"alignnone size-full wp-image-12349\" src=\"https:\/\/bitsrouter.com\/wp-content\/uploads\/2023\/07\/customized_pic009-11.jpg\" alt=\"\" width=\"800\" height=\"800\" srcset=\"https:\/\/bitsrouter.com\/wp-content\/uploads\/2023\/07\/customized_pic009-11.jpg 800w, https:\/\/bitsrouter.com\/wp-content\/uploads\/2023\/07\/customized_pic009-11-500x500.jpg 500w, https:\/\/bitsrouter.com\/wp-content\/uploads\/2023\/07\/customized_pic009-11-100x100.jpg 100w, https:\/\/bitsrouter.com\/wp-content\/uploads\/2023\/07\/customized_pic009-11-300x300.jpg 300w, https:\/\/bitsrouter.com\/wp-content\/uploads\/2023\/07\/customized_pic009-11-150x150.jpg 150w, https:\/\/bitsrouter.com\/wp-content\/uploads\/2023\/07\/customized_pic009-11-768x768.jpg 768w\" sizes=\"auto, (max-width: 800px) 100vw, 800px\" \/> <img loading=\"lazy\" decoding=\"async\" class=\"alignnone size-full wp-image-12350\" src=\"https:\/\/bitsrouter.com\/wp-content\/uploads\/2023\/07\/customized_pic010-8.jpg\" alt=\"\" width=\"800\" height=\"800\" srcset=\"https:\/\/bitsrouter.com\/wp-content\/uploads\/2023\/07\/customized_pic010-8.jpg 800w, https:\/\/bitsrouter.com\/wp-content\/uploads\/2023\/07\/customized_pic010-8-500x500.jpg 500w, https:\/\/bitsrouter.com\/wp-content\/uploads\/2023\/07\/customized_pic010-8-100x100.jpg 100w, https:\/\/bitsrouter.com\/wp-content\/uploads\/2023\/07\/customized_pic010-8-300x300.jpg 300w, https:\/\/bitsrouter.com\/wp-content\/uploads\/2023\/07\/customized_pic010-8-150x150.jpg 150w, https:\/\/bitsrouter.com\/wp-content\/uploads\/2023\/07\/customized_pic010-8-768x768.jpg 768w\" sizes=\"auto, (max-width: 800px) 100vw, 800px\" \/> <img loading=\"lazy\" decoding=\"async\" class=\"alignnone size-full wp-image-12351\" src=\"https:\/\/bitsrouter.com\/wp-content\/uploads\/2023\/07\/customized_pic012-13.jpg\" alt=\"\" width=\"800\" height=\"800\" srcset=\"https:\/\/bitsrouter.com\/wp-content\/uploads\/2023\/07\/customized_pic012-13.jpg 800w, https:\/\/bitsrouter.com\/wp-content\/uploads\/2023\/07\/customized_pic012-13-500x500.jpg 500w, https:\/\/bitsrouter.com\/wp-content\/uploads\/2023\/07\/customized_pic012-13-100x100.jpg 100w, https:\/\/bitsrouter.com\/wp-content\/uploads\/2023\/07\/customized_pic012-13-300x300.jpg 300w, https:\/\/bitsrouter.com\/wp-content\/uploads\/2023\/07\/customized_pic012-13-150x150.jpg 150w, https:\/\/bitsrouter.com\/wp-content\/uploads\/2023\/07\/customized_pic012-13-768x768.jpg 768w\" sizes=\"auto, (max-width: 800px) 100vw, 800px\" \/> <img loading=\"lazy\" decoding=\"async\" class=\"alignnone size-full wp-image-12352\" src=\"https:\/\/bitsrouter.com\/wp-content\/uploads\/2023\/07\/customized_pic014-14.jpg\" alt=\"\" width=\"800\" height=\"800\" srcset=\"https:\/\/bitsrouter.com\/wp-content\/uploads\/2023\/07\/customized_pic014-14.jpg 800w, https:\/\/bitsrouter.com\/wp-content\/uploads\/2023\/07\/customized_pic014-14-500x500.jpg 500w, https:\/\/bitsrouter.com\/wp-content\/uploads\/2023\/07\/customized_pic014-14-100x100.jpg 100w, https:\/\/bitsrouter.com\/wp-content\/uploads\/2023\/07\/customized_pic014-14-300x300.jpg 300w, https:\/\/bitsrouter.com\/wp-content\/uploads\/2023\/07\/customized_pic014-14-150x150.jpg 150w, https:\/\/bitsrouter.com\/wp-content\/uploads\/2023\/07\/customized_pic014-14-768x768.jpg 768w\" sizes=\"auto, (max-width: 800px) 100vw, 800px\" \/><\/p>\n","protected":false},"excerpt":{"rendered":"<p>Der X320 Woodworking Punching Locator ist ein spezialisiertes und effizientes Werkzeug, das Holzarbeiter beim pr\u00e4zisen Stanzen von L\u00f6chern in verschiedenen Holzbearbeitungsprojekten unterst\u00fctzt.<\/p>\n<p>Der X320 Punching Locator wurde mit Blick auf Pr\u00e4zision und Langlebigkeit entwickelt und gew\u00e4hrleistet zuverl\u00e4ssige Leistung in der Werkstatt. Er zeichnet sich durch ein benutzerfreundliches Design aus, das es Holzarbeitern erm\u00f6glicht, den Locator einfach auf dem Werkst\u00fcck zu positionieren und zu sichern.<\/p>\n","protected":false},"featured_media":46502,"template":"","meta":{"om_disable_all_campaigns":false,"_monsterinsights_skip_tracking":false,"_monsterinsights_sitenote_active":false,"_monsterinsights_sitenote_note":"","_monsterinsights_sitenote_category":0},"product_brand":[],"product_cat":[],"product_tag":[],"class_list":{"0":"post-39018","1":"product","2":"type-product","3":"status-publish","4":"has-post-thumbnail","7":"first","8":"instock","9":"shipping-taxable","10":"purchasable","11":"product-type-variable"},"_links":{"self":[{"href":"https:\/\/bitsrouter.com\/de\/wp-json\/wp\/v2\/product\/39018","targetHints":{"allow":["GET"]}}],"collection":[{"href":"https:\/\/bitsrouter.com\/de\/wp-json\/wp\/v2\/product"}],"about":[{"href":"https:\/\/bitsrouter.com\/de\/wp-json\/wp\/v2\/types\/product"}],"wp:featuredmedia":[{"embeddable":true,"href":"https:\/\/bitsrouter.com\/de\/wp-json\/wp\/v2\/media\/46502"}],"wp:attachment":[{"href":"https:\/\/bitsrouter.com\/de\/wp-json\/wp\/v2\/media?parent=39018"}],"wp:term":[{"taxonomy":"product_brand","embeddable":true,"href":"https:\/\/bitsrouter.com\/de\/wp-json\/wp\/v2\/product_brand?post=39018"},{"taxonomy":"product_cat","embeddable":true,"href":"https:\/\/bitsrouter.com\/de\/wp-json\/wp\/v2\/product_cat?post=39018"},{"taxonomy":"product_tag","embeddable":true,"href":"https:\/\/bitsrouter.com\/de\/wp-json\/wp\/v2\/product_tag?post=39018"}],"curies":[{"name":"wp","href":"https:\/\/api.w.org\/{rel}","templated":true}]}}