{"id":38984,"date":"2023-07-26T09:18:07","date_gmt":"2023-07-26T09:18:07","guid":{"rendered":"https:\/\/bitsrouter.com\/shop\/tc4195es-serie-holzbearbeitung-winkel-ritzen-lineal-45-grad-90-grad-135-grad\/"},"modified":"2023-07-26T09:18:07","modified_gmt":"2023-07-26T09:18:07","slug":"tc4195es-serie-holzbearbeitung-winkel-ritzen-lineal-45-grad-90-grad-135-grad","status":"publish","type":"product","link":"https:\/\/bitsrouter.com\/de\/shop\/tc4195es-serie-holzbearbeitung-winkel-ritzen-lineal-45-grad-90-grad-135-grad","title":{"rendered":"(TC4195)ES-Serie Holzbearbeitung Winkel ritzen Lineal 45 Grad 90 Grad 135 Grad"},"content":{"rendered":"<p><img loading=\"lazy\" decoding=\"async\" class=\"alignnone size-full wp-image-12497\" src=\"https:\/\/bitsrouter.com\/wp-content\/uploads\/2023\/07\/12913512126_1478580503.jpg\" alt=\"\" width=\"800\" height=\"800\" srcset=\"https:\/\/bitsrouter.com\/wp-content\/uploads\/2023\/07\/12913512126_1478580503.jpg 800w, https:\/\/bitsrouter.com\/wp-content\/uploads\/2023\/07\/12913512126_1478580503-500x500.jpg 500w, https:\/\/bitsrouter.com\/wp-content\/uploads\/2023\/07\/12913512126_1478580503-100x100.jpg 100w, https:\/\/bitsrouter.com\/wp-content\/uploads\/2023\/07\/12913512126_1478580503-300x300.jpg 300w, https:\/\/bitsrouter.com\/wp-content\/uploads\/2023\/07\/12913512126_1478580503-150x150.jpg 150w, https:\/\/bitsrouter.com\/wp-content\/uploads\/2023\/07\/12913512126_1478580503-768x768.jpg 768w\" sizes=\"auto, (max-width: 800px) 100vw, 800px\" \/> <img loading=\"lazy\" decoding=\"async\" class=\"alignnone size-full wp-image-12498\" src=\"https:\/\/bitsrouter.com\/wp-content\/uploads\/2023\/07\/13001464711_1478580503.jpg\" alt=\"\" width=\"800\" height=\"800\" srcset=\"https:\/\/bitsrouter.com\/wp-content\/uploads\/2023\/07\/13001464711_1478580503.jpg 800w, https:\/\/bitsrouter.com\/wp-content\/uploads\/2023\/07\/13001464711_1478580503-500x500.jpg 500w, https:\/\/bitsrouter.com\/wp-content\/uploads\/2023\/07\/13001464711_1478580503-100x100.jpg 100w, https:\/\/bitsrouter.com\/wp-content\/uploads\/2023\/07\/13001464711_1478580503-300x300.jpg 300w, https:\/\/bitsrouter.com\/wp-content\/uploads\/2023\/07\/13001464711_1478580503-150x150.jpg 150w, https:\/\/bitsrouter.com\/wp-content\/uploads\/2023\/07\/13001464711_1478580503-768x768.jpg 768w\" sizes=\"auto, (max-width: 800px) 100vw, 800px\" \/> <img loading=\"lazy\" decoding=\"async\" class=\"alignnone size-full wp-image-12499\" src=\"https:\/\/bitsrouter.com\/wp-content\/uploads\/2023\/07\/13005356384_1478580503.jpg\" alt=\"\" width=\"800\" height=\"800\" srcset=\"https:\/\/bitsrouter.com\/wp-content\/uploads\/2023\/07\/13005356384_1478580503.jpg 800w, https:\/\/bitsrouter.com\/wp-content\/uploads\/2023\/07\/13005356384_1478580503-500x500.jpg 500w, https:\/\/bitsrouter.com\/wp-content\/uploads\/2023\/07\/13005356384_1478580503-100x100.jpg 100w, https:\/\/bitsrouter.com\/wp-content\/uploads\/2023\/07\/13005356384_1478580503-300x300.jpg 300w, https:\/\/bitsrouter.com\/wp-content\/uploads\/2023\/07\/13005356384_1478580503-150x150.jpg 150w, https:\/\/bitsrouter.com\/wp-content\/uploads\/2023\/07\/13005356384_1478580503-768x768.jpg 768w\" sizes=\"auto, (max-width: 800px) 100vw, 800px\" \/> <img loading=\"lazy\" decoding=\"async\" class=\"alignnone size-full wp-image-12500\" src=\"https:\/\/bitsrouter.com\/wp-content\/uploads\/2023\/07\/14926104728_1478580503.jpg\" alt=\"\" width=\"800\" height=\"800\" srcset=\"https:\/\/bitsrouter.com\/wp-content\/uploads\/2023\/07\/14926104728_1478580503.jpg 800w, https:\/\/bitsrouter.com\/wp-content\/uploads\/2023\/07\/14926104728_1478580503-500x500.jpg 500w, https:\/\/bitsrouter.com\/wp-content\/uploads\/2023\/07\/14926104728_1478580503-100x100.jpg 100w, https:\/\/bitsrouter.com\/wp-content\/uploads\/2023\/07\/14926104728_1478580503-300x300.jpg 300w, https:\/\/bitsrouter.com\/wp-content\/uploads\/2023\/07\/14926104728_1478580503-150x150.jpg 150w, https:\/\/bitsrouter.com\/wp-content\/uploads\/2023\/07\/14926104728_1478580503-768x768.jpg 768w\" sizes=\"auto, (max-width: 800px) 100vw, 800px\" \/> <img loading=\"lazy\" decoding=\"async\" class=\"alignnone size-full wp-image-12501\" src=\"https:\/\/bitsrouter.com\/wp-content\/uploads\/2023\/07\/15315075713_1478580503.jpg\" alt=\"\" width=\"800\" height=\"800\" srcset=\"https:\/\/bitsrouter.com\/wp-content\/uploads\/2023\/07\/15315075713_1478580503.jpg 800w, https:\/\/bitsrouter.com\/wp-content\/uploads\/2023\/07\/15315075713_1478580503-500x500.jpg 500w, https:\/\/bitsrouter.com\/wp-content\/uploads\/2023\/07\/15315075713_1478580503-100x100.jpg 100w, https:\/\/bitsrouter.com\/wp-content\/uploads\/2023\/07\/15315075713_1478580503-300x300.jpg 300w, https:\/\/bitsrouter.com\/wp-content\/uploads\/2023\/07\/15315075713_1478580503-150x150.jpg 150w, https:\/\/bitsrouter.com\/wp-content\/uploads\/2023\/07\/15315075713_1478580503-768x768.jpg 768w\" sizes=\"auto, (max-width: 800px) 100vw, 800px\" \/> <img loading=\"lazy\" decoding=\"async\" class=\"alignnone size-full wp-image-12502\" src=\"https:\/\/bitsrouter.com\/wp-content\/uploads\/2023\/07\/15450308108_1478580503.jpg\" alt=\"\" width=\"800\" height=\"800\" srcset=\"https:\/\/bitsrouter.com\/wp-content\/uploads\/2023\/07\/15450308108_1478580503.jpg 800w, https:\/\/bitsrouter.com\/wp-content\/uploads\/2023\/07\/15450308108_1478580503-500x500.jpg 500w, https:\/\/bitsrouter.com\/wp-content\/uploads\/2023\/07\/15450308108_1478580503-100x100.jpg 100w, https:\/\/bitsrouter.com\/wp-content\/uploads\/2023\/07\/15450308108_1478580503-300x300.jpg 300w, https:\/\/bitsrouter.com\/wp-content\/uploads\/2023\/07\/15450308108_1478580503-150x150.jpg 150w, https:\/\/bitsrouter.com\/wp-content\/uploads\/2023\/07\/15450308108_1478580503-768x768.jpg 768w\" sizes=\"auto, (max-width: 800px) 100vw, 800px\" \/> <img loading=\"lazy\" decoding=\"async\" class=\"alignnone size-full wp-image-12503\" src=\"https:\/\/bitsrouter.com\/wp-content\/uploads\/2023\/07\/16604070661_1478580503.jpg\" alt=\"\" width=\"800\" height=\"800\" srcset=\"https:\/\/bitsrouter.com\/wp-content\/uploads\/2023\/07\/16604070661_1478580503.jpg 800w, https:\/\/bitsrouter.com\/wp-content\/uploads\/2023\/07\/16604070661_1478580503-500x500.jpg 500w, https:\/\/bitsrouter.com\/wp-content\/uploads\/2023\/07\/16604070661_1478580503-100x100.jpg 100w, https:\/\/bitsrouter.com\/wp-content\/uploads\/2023\/07\/16604070661_1478580503-300x300.jpg 300w, https:\/\/bitsrouter.com\/wp-content\/uploads\/2023\/07\/16604070661_1478580503-150x150.jpg 150w, https:\/\/bitsrouter.com\/wp-content\/uploads\/2023\/07\/16604070661_1478580503-768x768.jpg 768w\" sizes=\"auto, (max-width: 800px) 100vw, 800px\" \/> <img loading=\"lazy\" decoding=\"async\" class=\"alignnone size-full wp-image-12504\" src=\"https:\/\/bitsrouter.com\/wp-content\/uploads\/2023\/07\/O1CN01dV3hEI25YSMRANuC1_3167097538-0-cib.jpg\" alt=\"\" width=\"800\" height=\"800\" srcset=\"https:\/\/bitsrouter.com\/wp-content\/uploads\/2023\/07\/O1CN01dV3hEI25YSMRANuC1_3167097538-0-cib.jpg 800w, https:\/\/bitsrouter.com\/wp-content\/uploads\/2023\/07\/O1CN01dV3hEI25YSMRANuC1_3167097538-0-cib-500x500.jpg 500w, https:\/\/bitsrouter.com\/wp-content\/uploads\/2023\/07\/O1CN01dV3hEI25YSMRANuC1_3167097538-0-cib-100x100.jpg 100w, https:\/\/bitsrouter.com\/wp-content\/uploads\/2023\/07\/O1CN01dV3hEI25YSMRANuC1_3167097538-0-cib-300x300.jpg 300w, https:\/\/bitsrouter.com\/wp-content\/uploads\/2023\/07\/O1CN01dV3hEI25YSMRANuC1_3167097538-0-cib-150x150.jpg 150w, https:\/\/bitsrouter.com\/wp-content\/uploads\/2023\/07\/O1CN01dV3hEI25YSMRANuC1_3167097538-0-cib-768x768.jpg 768w\" sizes=\"auto, (max-width: 800px) 100vw, 800px\" \/> <img loading=\"lazy\" decoding=\"async\" class=\"alignnone size-full wp-image-12505\" src=\"https:\/\/bitsrouter.com\/wp-content\/uploads\/2023\/07\/O1CN01Eh9ZC125YSMd6ubK7_3167097538-0-cib.jpg\" alt=\"\" width=\"800\" height=\"800\" srcset=\"https:\/\/bitsrouter.com\/wp-content\/uploads\/2023\/07\/O1CN01Eh9ZC125YSMd6ubK7_3167097538-0-cib.jpg 800w, https:\/\/bitsrouter.com\/wp-content\/uploads\/2023\/07\/O1CN01Eh9ZC125YSMd6ubK7_3167097538-0-cib-500x500.jpg 500w, https:\/\/bitsrouter.com\/wp-content\/uploads\/2023\/07\/O1CN01Eh9ZC125YSMd6ubK7_3167097538-0-cib-100x100.jpg 100w, https:\/\/bitsrouter.com\/wp-content\/uploads\/2023\/07\/O1CN01Eh9ZC125YSMd6ubK7_3167097538-0-cib-300x300.jpg 300w, https:\/\/bitsrouter.com\/wp-content\/uploads\/2023\/07\/O1CN01Eh9ZC125YSMd6ubK7_3167097538-0-cib-150x150.jpg 150w, https:\/\/bitsrouter.com\/wp-content\/uploads\/2023\/07\/O1CN01Eh9ZC125YSMd6ubK7_3167097538-0-cib-768x768.jpg 768w\" sizes=\"auto, (max-width: 800px) 100vw, 800px\" \/> <img loading=\"lazy\" decoding=\"async\" class=\"alignnone size-full wp-image-12506\" src=\"https:\/\/bitsrouter.com\/wp-content\/uploads\/2023\/07\/O1CN01LO6ayp25YSMa4i9jl_3167097538-0-cib.jpg\" alt=\"\" width=\"800\" height=\"800\" srcset=\"https:\/\/bitsrouter.com\/wp-content\/uploads\/2023\/07\/O1CN01LO6ayp25YSMa4i9jl_3167097538-0-cib.jpg 800w, https:\/\/bitsrouter.com\/wp-content\/uploads\/2023\/07\/O1CN01LO6ayp25YSMa4i9jl_3167097538-0-cib-500x500.jpg 500w, https:\/\/bitsrouter.com\/wp-content\/uploads\/2023\/07\/O1CN01LO6ayp25YSMa4i9jl_3167097538-0-cib-100x100.jpg 100w, https:\/\/bitsrouter.com\/wp-content\/uploads\/2023\/07\/O1CN01LO6ayp25YSMa4i9jl_3167097538-0-cib-300x300.jpg 300w, https:\/\/bitsrouter.com\/wp-content\/uploads\/2023\/07\/O1CN01LO6ayp25YSMa4i9jl_3167097538-0-cib-150x150.jpg 150w, https:\/\/bitsrouter.com\/wp-content\/uploads\/2023\/07\/O1CN01LO6ayp25YSMa4i9jl_3167097538-0-cib-768x768.jpg 768w\" sizes=\"auto, (max-width: 800px) 100vw, 800px\" \/> <img loading=\"lazy\" decoding=\"async\" class=\"alignnone size-full wp-image-12507\" src=\"https:\/\/bitsrouter.com\/wp-content\/uploads\/2023\/07\/O1CN01OfgSBf25YSMXChaud_3167097538-0-cib.jpg\" alt=\"\" width=\"800\" height=\"800\" srcset=\"https:\/\/bitsrouter.com\/wp-content\/uploads\/2023\/07\/O1CN01OfgSBf25YSMXChaud_3167097538-0-cib.jpg 800w, https:\/\/bitsrouter.com\/wp-content\/uploads\/2023\/07\/O1CN01OfgSBf25YSMXChaud_3167097538-0-cib-500x500.jpg 500w, https:\/\/bitsrouter.com\/wp-content\/uploads\/2023\/07\/O1CN01OfgSBf25YSMXChaud_3167097538-0-cib-100x100.jpg 100w, https:\/\/bitsrouter.com\/wp-content\/uploads\/2023\/07\/O1CN01OfgSBf25YSMXChaud_3167097538-0-cib-300x300.jpg 300w, https:\/\/bitsrouter.com\/wp-content\/uploads\/2023\/07\/O1CN01OfgSBf25YSMXChaud_3167097538-0-cib-150x150.jpg 150w, https:\/\/bitsrouter.com\/wp-content\/uploads\/2023\/07\/O1CN01OfgSBf25YSMXChaud_3167097538-0-cib-768x768.jpg 768w\" sizes=\"auto, (max-width: 800px) 100vw, 800px\" \/> <img loading=\"lazy\" decoding=\"async\" class=\"alignnone size-full wp-image-12508\" src=\"https:\/\/bitsrouter.com\/wp-content\/uploads\/2023\/07\/O1CN01UclSme25YSMREZNeG_3167097538-0-cib.jpg\" alt=\"\" width=\"800\" height=\"800\" srcset=\"https:\/\/bitsrouter.com\/wp-content\/uploads\/2023\/07\/O1CN01UclSme25YSMREZNeG_3167097538-0-cib.jpg 800w, https:\/\/bitsrouter.com\/wp-content\/uploads\/2023\/07\/O1CN01UclSme25YSMREZNeG_3167097538-0-cib-500x500.jpg 500w, https:\/\/bitsrouter.com\/wp-content\/uploads\/2023\/07\/O1CN01UclSme25YSMREZNeG_3167097538-0-cib-100x100.jpg 100w, https:\/\/bitsrouter.com\/wp-content\/uploads\/2023\/07\/O1CN01UclSme25YSMREZNeG_3167097538-0-cib-300x300.jpg 300w, https:\/\/bitsrouter.com\/wp-content\/uploads\/2023\/07\/O1CN01UclSme25YSMREZNeG_3167097538-0-cib-150x150.jpg 150w, https:\/\/bitsrouter.com\/wp-content\/uploads\/2023\/07\/O1CN01UclSme25YSMREZNeG_3167097538-0-cib-768x768.jpg 768w\" sizes=\"auto, (max-width: 800px) 100vw, 800px\" \/> <img loading=\"lazy\" decoding=\"async\" class=\"alignnone size-full wp-image-12509\" src=\"https:\/\/bitsrouter.com\/wp-content\/uploads\/2023\/07\/O1CN01WlVHWw25YSMVrRUVr_3167097538-0-cib.jpg\" alt=\"\" width=\"800\" height=\"800\" srcset=\"https:\/\/bitsrouter.com\/wp-content\/uploads\/2023\/07\/O1CN01WlVHWw25YSMVrRUVr_3167097538-0-cib.jpg 800w, https:\/\/bitsrouter.com\/wp-content\/uploads\/2023\/07\/O1CN01WlVHWw25YSMVrRUVr_3167097538-0-cib-500x500.jpg 500w, https:\/\/bitsrouter.com\/wp-content\/uploads\/2023\/07\/O1CN01WlVHWw25YSMVrRUVr_3167097538-0-cib-100x100.jpg 100w, https:\/\/bitsrouter.com\/wp-content\/uploads\/2023\/07\/O1CN01WlVHWw25YSMVrRUVr_3167097538-0-cib-300x300.jpg 300w, https:\/\/bitsrouter.com\/wp-content\/uploads\/2023\/07\/O1CN01WlVHWw25YSMVrRUVr_3167097538-0-cib-150x150.jpg 150w, https:\/\/bitsrouter.com\/wp-content\/uploads\/2023\/07\/O1CN01WlVHWw25YSMVrRUVr_3167097538-0-cib-768x768.jpg 768w\" sizes=\"auto, (max-width: 800px) 100vw, 800px\" \/><\/p>\n","protected":false},"excerpt":{"rendered":"<p>Die ES-Serie f\u00fcr die Holzbearbeitung &#8211; das Winkelanrei\u00dflineal! Dieses vielseitige Werkzeug ist ein Muss f\u00fcr Holzbearbeitungsenthusiasten und Profis gleicherma\u00dfen. Mit pr\u00e4zisen Winkelmarkierungen f\u00fcr 45 Grad, 90 Grad und 135 Grad vereinfacht es die Winkelmessung und das Anritzen und sorgt f\u00fcr einwandfreie Holzbearbeitungsprojekte. Das aus hochwertigen Materialien gefertigte, langlebige Lineal garantiert Genauigkeit und Zuverl\u00e4ssigkeit bei jedem Einsatz. Ganz gleich, ob Sie an komplizierten Tischlerarbeiten oder pr\u00e4zisen Schnitten arbeiten, das ES Series Woodworking Angle Scoring Ruler ist Ihr ideales Werkzeug, um bei Ihren Holzarbeiten Perfektion zu erreichen.<\/p>\n","protected":false},"featured_media":46077,"template":"","meta":{"om_disable_all_campaigns":false,"_monsterinsights_skip_tracking":false,"_monsterinsights_sitenote_active":false,"_monsterinsights_sitenote_note":"","_monsterinsights_sitenote_category":0},"product_brand":[],"product_cat":[22],"product_tag":[],"class_list":{"0":"post-38984","1":"product","2":"type-product","3":"status-publish","4":"has-post-thumbnail","6":"product_cat-uncategorized","8":"first","9":"instock","10":"shipping-taxable","11":"purchasable","12":"product-type-variable"},"_links":{"self":[{"href":"https:\/\/bitsrouter.com\/de\/wp-json\/wp\/v2\/product\/38984","targetHints":{"allow":["GET"]}}],"collection":[{"href":"https:\/\/bitsrouter.com\/de\/wp-json\/wp\/v2\/product"}],"about":[{"href":"https:\/\/bitsrouter.com\/de\/wp-json\/wp\/v2\/types\/product"}],"wp:featuredmedia":[{"embeddable":true,"href":"https:\/\/bitsrouter.com\/de\/wp-json\/wp\/v2\/media\/46077"}],"wp:attachment":[{"href":"https:\/\/bitsrouter.com\/de\/wp-json\/wp\/v2\/media?parent=38984"}],"wp:term":[{"taxonomy":"product_brand","embeddable":true,"href":"https:\/\/bitsrouter.com\/de\/wp-json\/wp\/v2\/product_brand?post=38984"},{"taxonomy":"product_cat","embeddable":true,"href":"https:\/\/bitsrouter.com\/de\/wp-json\/wp\/v2\/product_cat?post=38984"},{"taxonomy":"product_tag","embeddable":true,"href":"https:\/\/bitsrouter.com\/de\/wp-json\/wp\/v2\/product_tag?post=38984"}],"curies":[{"name":"wp","href":"https:\/\/api.w.org\/{rel}","templated":true}]}}