{"id":38903,"date":"2023-07-26T09:21:25","date_gmt":"2023-07-26T09:21:25","guid":{"rendered":"https:\/\/bitsrouter.com\/shop\/tc819cx300-2-holzbearbeitungslineal-messwerkzeug-anreisswinkel-lineal\/"},"modified":"2023-07-26T09:21:25","modified_gmt":"2023-07-26T09:21:25","slug":"tc819cx300-2-holzbearbeitungslineal-messwerkzeug-anreisswinkel-lineal","status":"publish","type":"product","link":"https:\/\/bitsrouter.com\/de\/shop\/tc819cx300-2-holzbearbeitungslineal-messwerkzeug-anreisswinkel-lineal","title":{"rendered":"(TC819)CX300-2 Holzbearbeitungslineal Messwerkzeug Anrei\u00dfwinkel Lineal"},"content":{"rendered":"<p><img loading=\"lazy\" decoding=\"async\" class=\"alignnone size-full wp-image-12515\" src=\"https:\/\/bitsrouter.com\/wp-content\/uploads\/2023\/07\/12373014471_1478580503.jpg\" alt=\"\" width=\"800\" height=\"800\" srcset=\"https:\/\/bitsrouter.com\/wp-content\/uploads\/2023\/07\/12373014471_1478580503.jpg 800w, https:\/\/bitsrouter.com\/wp-content\/uploads\/2023\/07\/12373014471_1478580503-500x500.jpg 500w, https:\/\/bitsrouter.com\/wp-content\/uploads\/2023\/07\/12373014471_1478580503-100x100.jpg 100w, https:\/\/bitsrouter.com\/wp-content\/uploads\/2023\/07\/12373014471_1478580503-300x300.jpg 300w, https:\/\/bitsrouter.com\/wp-content\/uploads\/2023\/07\/12373014471_1478580503-150x150.jpg 150w, https:\/\/bitsrouter.com\/wp-content\/uploads\/2023\/07\/12373014471_1478580503-768x768.jpg 768w\" sizes=\"auto, (max-width: 800px) 100vw, 800px\" \/> <img loading=\"lazy\" decoding=\"async\" class=\"alignnone size-full wp-image-12516\" src=\"https:\/\/bitsrouter.com\/wp-content\/uploads\/2023\/07\/12373026129_1478580503.jpg\" alt=\"\" width=\"800\" height=\"800\" srcset=\"https:\/\/bitsrouter.com\/wp-content\/uploads\/2023\/07\/12373026129_1478580503.jpg 800w, https:\/\/bitsrouter.com\/wp-content\/uploads\/2023\/07\/12373026129_1478580503-500x500.jpg 500w, https:\/\/bitsrouter.com\/wp-content\/uploads\/2023\/07\/12373026129_1478580503-100x100.jpg 100w, https:\/\/bitsrouter.com\/wp-content\/uploads\/2023\/07\/12373026129_1478580503-300x300.jpg 300w, https:\/\/bitsrouter.com\/wp-content\/uploads\/2023\/07\/12373026129_1478580503-150x150.jpg 150w, https:\/\/bitsrouter.com\/wp-content\/uploads\/2023\/07\/12373026129_1478580503-768x768.jpg 768w\" sizes=\"auto, (max-width: 800px) 100vw, 800px\" \/><\/p>\n<p><img loading=\"lazy\" decoding=\"async\" class=\"alignnone size-full wp-image-12517\" src=\"https:\/\/bitsrouter.com\/wp-content\/uploads\/2023\/07\/12373041270_1478580503.jpg\" alt=\"\" width=\"750\" height=\"1176\" srcset=\"https:\/\/bitsrouter.com\/wp-content\/uploads\/2023\/07\/12373041270_1478580503.jpg 750w, https:\/\/bitsrouter.com\/wp-content\/uploads\/2023\/07\/12373041270_1478580503-500x784.jpg 500w\" sizes=\"auto, (max-width: 750px) 100vw, 750px\" \/><\/p>\n<p><img loading=\"lazy\" decoding=\"async\" class=\"alignnone size-full wp-image-12518\" src=\"https:\/\/bitsrouter.com\/wp-content\/uploads\/2023\/07\/12410602942_1478580503.jpg\" alt=\"\" width=\"800\" height=\"800\" srcset=\"https:\/\/bitsrouter.com\/wp-content\/uploads\/2023\/07\/12410602942_1478580503.jpg 800w, https:\/\/bitsrouter.com\/wp-content\/uploads\/2023\/07\/12410602942_1478580503-500x500.jpg 500w, https:\/\/bitsrouter.com\/wp-content\/uploads\/2023\/07\/12410602942_1478580503-100x100.jpg 100w, https:\/\/bitsrouter.com\/wp-content\/uploads\/2023\/07\/12410602942_1478580503-300x300.jpg 300w, https:\/\/bitsrouter.com\/wp-content\/uploads\/2023\/07\/12410602942_1478580503-150x150.jpg 150w, https:\/\/bitsrouter.com\/wp-content\/uploads\/2023\/07\/12410602942_1478580503-768x768.jpg 768w\" sizes=\"auto, (max-width: 800px) 100vw, 800px\" \/> <img loading=\"lazy\" decoding=\"async\" class=\"alignnone size-full wp-image-12519\" src=\"https:\/\/bitsrouter.com\/wp-content\/uploads\/2023\/07\/12410638309_1478580503.jpg\" alt=\"\" width=\"800\" height=\"800\" srcset=\"https:\/\/bitsrouter.com\/wp-content\/uploads\/2023\/07\/12410638309_1478580503.jpg 800w, https:\/\/bitsrouter.com\/wp-content\/uploads\/2023\/07\/12410638309_1478580503-500x500.jpg 500w, https:\/\/bitsrouter.com\/wp-content\/uploads\/2023\/07\/12410638309_1478580503-100x100.jpg 100w, https:\/\/bitsrouter.com\/wp-content\/uploads\/2023\/07\/12410638309_1478580503-300x300.jpg 300w, https:\/\/bitsrouter.com\/wp-content\/uploads\/2023\/07\/12410638309_1478580503-150x150.jpg 150w, https:\/\/bitsrouter.com\/wp-content\/uploads\/2023\/07\/12410638309_1478580503-768x768.jpg 768w\" sizes=\"auto, (max-width: 800px) 100vw, 800px\" \/> <img loading=\"lazy\" decoding=\"async\" class=\"alignnone size-full wp-image-12520\" src=\"https:\/\/bitsrouter.com\/wp-content\/uploads\/2023\/07\/12447437811_1478580503.jpg\" alt=\"\" width=\"800\" height=\"800\" srcset=\"https:\/\/bitsrouter.com\/wp-content\/uploads\/2023\/07\/12447437811_1478580503.jpg 800w, https:\/\/bitsrouter.com\/wp-content\/uploads\/2023\/07\/12447437811_1478580503-500x500.jpg 500w, https:\/\/bitsrouter.com\/wp-content\/uploads\/2023\/07\/12447437811_1478580503-100x100.jpg 100w, https:\/\/bitsrouter.com\/wp-content\/uploads\/2023\/07\/12447437811_1478580503-300x300.jpg 300w, https:\/\/bitsrouter.com\/wp-content\/uploads\/2023\/07\/12447437811_1478580503-150x150.jpg 150w, https:\/\/bitsrouter.com\/wp-content\/uploads\/2023\/07\/12447437811_1478580503-768x768.jpg 768w\" sizes=\"auto, (max-width: 800px) 100vw, 800px\" \/><\/p>\n","protected":false},"excerpt":{"rendered":"<p>Holzbearbeitungslineal Messwerkzeug Ritzwinkel Lineal ist ein vielseitiges und unverzichtbares Werkzeug f\u00fcr Holzbearbeitungsenthusiasten. Dieses Pr\u00e4zisionsinstrument dient zum genauen Messen und Anrei\u00dfen von Winkeln und gew\u00e4hrleistet so pr\u00e4zise und effiziente Holzbearbeitungsprojekte. Mit seiner robusten Konstruktion und seinem benutzerfreundlichen Design ist dieses Lineal ein Muss f\u00fcr jeden Holzbearbeitungskoffer und hilft Handwerkern, professionelle Ergebnisse bei ihren Holzarbeiten zu erzielen.<\/p>\n","protected":false},"featured_media":46326,"template":"","meta":{"om_disable_all_campaigns":false,"_monsterinsights_skip_tracking":false,"_monsterinsights_sitenote_active":false,"_monsterinsights_sitenote_note":"","_monsterinsights_sitenote_category":0},"product_brand":[],"product_cat":[22],"product_tag":[],"class_list":{"0":"post-38903","1":"product","2":"type-product","3":"status-publish","4":"has-post-thumbnail","6":"product_cat-uncategorized","8":"first","9":"instock","10":"shipping-taxable","11":"purchasable","12":"product-type-variable"},"_links":{"self":[{"href":"https:\/\/bitsrouter.com\/de\/wp-json\/wp\/v2\/product\/38903","targetHints":{"allow":["GET"]}}],"collection":[{"href":"https:\/\/bitsrouter.com\/de\/wp-json\/wp\/v2\/product"}],"about":[{"href":"https:\/\/bitsrouter.com\/de\/wp-json\/wp\/v2\/types\/product"}],"wp:featuredmedia":[{"embeddable":true,"href":"https:\/\/bitsrouter.com\/de\/wp-json\/wp\/v2\/media\/46326"}],"wp:attachment":[{"href":"https:\/\/bitsrouter.com\/de\/wp-json\/wp\/v2\/media?parent=38903"}],"wp:term":[{"taxonomy":"product_brand","embeddable":true,"href":"https:\/\/bitsrouter.com\/de\/wp-json\/wp\/v2\/product_brand?post=38903"},{"taxonomy":"product_cat","embeddable":true,"href":"https:\/\/bitsrouter.com\/de\/wp-json\/wp\/v2\/product_cat?post=38903"},{"taxonomy":"product_tag","embeddable":true,"href":"https:\/\/bitsrouter.com\/de\/wp-json\/wp\/v2\/product_tag?post=38903"}],"curies":[{"name":"wp","href":"https:\/\/api.w.org\/{rel}","templated":true}]}}