{"id":38087,"date":"2023-08-04T08:51:48","date_gmt":"2023-08-04T08:51:48","guid":{"rendered":"https:\/\/bitsrouter.com\/shop\/tc9785holzbearbeitung-lineal-loch\/"},"modified":"2023-08-04T08:51:48","modified_gmt":"2023-08-04T08:51:48","slug":"tc9785holzbearbeitung-lineal-loch","status":"publish","type":"product","link":"https:\/\/bitsrouter.com\/de\/shop\/tc9785holzbearbeitung-lineal-loch","title":{"rendered":"(TC9785)Holzbearbeitung Lineal Loch"},"content":{"rendered":"<p><img loading=\"lazy\" decoding=\"async\" class=\"alignnone size-full wp-image-12778\" src=\"https:\/\/bitsrouter.com\/wp-content\/uploads\/2023\/08\/9702111553_1478580503.jpg\" alt=\"\" width=\"800\" height=\"800\" srcset=\"https:\/\/bitsrouter.com\/wp-content\/uploads\/2023\/08\/9702111553_1478580503.jpg 800w, https:\/\/bitsrouter.com\/wp-content\/uploads\/2023\/08\/9702111553_1478580503-300x300.jpg 300w, https:\/\/bitsrouter.com\/wp-content\/uploads\/2023\/08\/9702111553_1478580503-150x150.jpg 150w, https:\/\/bitsrouter.com\/wp-content\/uploads\/2023\/08\/9702111553_1478580503-768x768.jpg 768w, https:\/\/bitsrouter.com\/wp-content\/uploads\/2023\/08\/9702111553_1478580503-500x500.jpg 500w, https:\/\/bitsrouter.com\/wp-content\/uploads\/2023\/08\/9702111553_1478580503-100x100.jpg 100w\" sizes=\"auto, (max-width: 800px) 100vw, 800px\" \/> <img loading=\"lazy\" decoding=\"async\" class=\"alignnone size-full wp-image-12779\" src=\"https:\/\/bitsrouter.com\/wp-content\/uploads\/2023\/08\/9702123461_1478580503.jpg\" alt=\"\" width=\"800\" height=\"800\" srcset=\"https:\/\/bitsrouter.com\/wp-content\/uploads\/2023\/08\/9702123461_1478580503.jpg 800w, https:\/\/bitsrouter.com\/wp-content\/uploads\/2023\/08\/9702123461_1478580503-300x300.jpg 300w, https:\/\/bitsrouter.com\/wp-content\/uploads\/2023\/08\/9702123461_1478580503-150x150.jpg 150w, https:\/\/bitsrouter.com\/wp-content\/uploads\/2023\/08\/9702123461_1478580503-768x768.jpg 768w, https:\/\/bitsrouter.com\/wp-content\/uploads\/2023\/08\/9702123461_1478580503-500x500.jpg 500w, https:\/\/bitsrouter.com\/wp-content\/uploads\/2023\/08\/9702123461_1478580503-100x100.jpg 100w\" sizes=\"auto, (max-width: 800px) 100vw, 800px\" \/> <img loading=\"lazy\" decoding=\"async\" class=\"alignnone size-full wp-image-12780\" src=\"https:\/\/bitsrouter.com\/wp-content\/uploads\/2023\/08\/9702138105_1478580503.jpg\" alt=\"\" width=\"800\" height=\"800\" srcset=\"https:\/\/bitsrouter.com\/wp-content\/uploads\/2023\/08\/9702138105_1478580503.jpg 800w, https:\/\/bitsrouter.com\/wp-content\/uploads\/2023\/08\/9702138105_1478580503-300x300.jpg 300w, https:\/\/bitsrouter.com\/wp-content\/uploads\/2023\/08\/9702138105_1478580503-150x150.jpg 150w, https:\/\/bitsrouter.com\/wp-content\/uploads\/2023\/08\/9702138105_1478580503-768x768.jpg 768w, https:\/\/bitsrouter.com\/wp-content\/uploads\/2023\/08\/9702138105_1478580503-500x500.jpg 500w, https:\/\/bitsrouter.com\/wp-content\/uploads\/2023\/08\/9702138105_1478580503-100x100.jpg 100w\" sizes=\"auto, (max-width: 800px) 100vw, 800px\" \/> <img loading=\"lazy\" decoding=\"async\" class=\"alignnone size-full wp-image-12781\" src=\"https:\/\/bitsrouter.com\/wp-content\/uploads\/2023\/08\/9750653382_1478580503.jpg\" alt=\"\" width=\"800\" height=\"800\" srcset=\"https:\/\/bitsrouter.com\/wp-content\/uploads\/2023\/08\/9750653382_1478580503.jpg 800w, https:\/\/bitsrouter.com\/wp-content\/uploads\/2023\/08\/9750653382_1478580503-300x300.jpg 300w, https:\/\/bitsrouter.com\/wp-content\/uploads\/2023\/08\/9750653382_1478580503-150x150.jpg 150w, https:\/\/bitsrouter.com\/wp-content\/uploads\/2023\/08\/9750653382_1478580503-768x768.jpg 768w, https:\/\/bitsrouter.com\/wp-content\/uploads\/2023\/08\/9750653382_1478580503-500x500.jpg 500w, https:\/\/bitsrouter.com\/wp-content\/uploads\/2023\/08\/9750653382_1478580503-100x100.jpg 100w\" sizes=\"auto, (max-width: 800px) 100vw, 800px\" \/> <img loading=\"lazy\" decoding=\"async\" class=\"alignnone size-full wp-image-12782\" src=\"https:\/\/bitsrouter.com\/wp-content\/uploads\/2023\/08\/O1CN01boJrnP25YSLOGvKWW_3167097538-0-cib.jpg\" alt=\"\" width=\"750\" height=\"750\" srcset=\"https:\/\/bitsrouter.com\/wp-content\/uploads\/2023\/08\/O1CN01boJrnP25YSLOGvKWW_3167097538-0-cib.jpg 750w, https:\/\/bitsrouter.com\/wp-content\/uploads\/2023\/08\/O1CN01boJrnP25YSLOGvKWW_3167097538-0-cib-300x300.jpg 300w, https:\/\/bitsrouter.com\/wp-content\/uploads\/2023\/08\/O1CN01boJrnP25YSLOGvKWW_3167097538-0-cib-150x150.jpg 150w, https:\/\/bitsrouter.com\/wp-content\/uploads\/2023\/08\/O1CN01boJrnP25YSLOGvKWW_3167097538-0-cib-500x500.jpg 500w, https:\/\/bitsrouter.com\/wp-content\/uploads\/2023\/08\/O1CN01boJrnP25YSLOGvKWW_3167097538-0-cib-100x100.jpg 100w\" sizes=\"auto, (max-width: 750px) 100vw, 750px\" \/><\/p>\n","protected":false},"excerpt":{"rendered":"<p>Wir stellen unseren innovativen Holzbearbeitungslineal-Lochf\u00fchrer vor. Dieses spezielle Lineal wurde entwickelt, um Ihre Holzbearbeitungsprojekte zu vereinfachen, indem es pr\u00e4zise Messl\u00f6cher enth\u00e4lt. Erzielen Sie eine gleichm\u00e4\u00dfige Platzierung der L\u00f6cher f\u00fcr D\u00fcbel, Schrauben und andere Verbindungstechniken, damit Ihre Teile nahtlos zusammenpassen. Mit diesem Werkzeug k\u00f6nnen Sie Zeit sparen, Fehler reduzieren und die Qualit\u00e4t Ihrer Holzarbeiten verbessern. Egal, ob Sie ein Bastler oder ein Profi sind, die Anleitung f\u00fcr Holzbearbeitungslineale ist eine unverzichtbare Erg\u00e4nzung f\u00fcr Ihre Werkstattausr\u00fcstung.<\/p>\n","protected":false},"featured_media":46428,"template":"","meta":{"om_disable_all_campaigns":false,"_monsterinsights_skip_tracking":false,"_monsterinsights_sitenote_active":false,"_monsterinsights_sitenote_note":"","_monsterinsights_sitenote_category":0},"product_brand":[],"product_cat":[22],"product_tag":[],"class_list":{"0":"post-38087","1":"product","2":"type-product","3":"status-publish","4":"has-post-thumbnail","6":"product_cat-uncategorized","8":"first","9":"instock","10":"shipping-taxable","11":"purchasable","12":"product-type-variable"},"_links":{"self":[{"href":"https:\/\/bitsrouter.com\/de\/wp-json\/wp\/v2\/product\/38087","targetHints":{"allow":["GET"]}}],"collection":[{"href":"https:\/\/bitsrouter.com\/de\/wp-json\/wp\/v2\/product"}],"about":[{"href":"https:\/\/bitsrouter.com\/de\/wp-json\/wp\/v2\/types\/product"}],"wp:featuredmedia":[{"embeddable":true,"href":"https:\/\/bitsrouter.com\/de\/wp-json\/wp\/v2\/media\/46428"}],"wp:attachment":[{"href":"https:\/\/bitsrouter.com\/de\/wp-json\/wp\/v2\/media?parent=38087"}],"wp:term":[{"taxonomy":"product_brand","embeddable":true,"href":"https:\/\/bitsrouter.com\/de\/wp-json\/wp\/v2\/product_brand?post=38087"},{"taxonomy":"product_cat","embeddable":true,"href":"https:\/\/bitsrouter.com\/de\/wp-json\/wp\/v2\/product_cat?post=38087"},{"taxonomy":"product_tag","embeddable":true,"href":"https:\/\/bitsrouter.com\/de\/wp-json\/wp\/v2\/product_tag?post=38087"}],"curies":[{"name":"wp","href":"https:\/\/api.w.org\/{rel}","templated":true}]}}